{"id":21827,"date":"2026-03-18T11:11:33","date_gmt":"2026-03-18T11:11:33","guid":{"rendered":"https:\/\/somefunstore.com\/?post_type=product&#038;p=21827"},"modified":"2026-03-18T11:11:33","modified_gmt":"2026-03-18T11:11:33","slug":"serviettes-a-motif-floral-x20","status":"publish","type":"product","link":"https:\/\/somefunstore.com\/en\/shop\/themes-occasions\/anniversaires\/par-themes\/fleurs\/serviettes-a-motif-floral-x20\/","title":{"rendered":"Serviettes \u00e0 motif floral x20"},"content":{"rendered":"","protected":false},"excerpt":{"rendered":"<p>Apportez une touche printani\u00e8re pleine de charme \u00e0 votre table de f\u00eate avec ces ravissantes serviettes. Avec leur magnifique motif floral et leur \u00e9l\u00e9gante bordure festonn\u00e9e, elles sont id\u00e9ales pour une garden party, un pique-nique, un anniversaire ou un d\u00eener raffin\u00e9.<\/p>\n<ul data-start=\"70\" data-end=\"309\">\n<li data-section-id=\"iloodq\" data-start=\"70\" data-end=\"127\">\n<p data-start=\"72\" data-end=\"127\">4 coloris compl\u00e9mentaires : bleu, vert, p\u00eache et rose<\/p>\n<\/li>\n<li data-section-id=\"1hqe6za\" data-start=\"128\" data-end=\"167\">\n<p data-start=\"130\" data-end=\"167\">Bord festonn\u00e9 pour un effet \u00e9l\u00e9gant<\/p>\n<\/li>\n<li data-section-id=\"1x4tffn\" data-start=\"168\" data-end=\"218\">\n<p data-start=\"170\" data-end=\"218\">Papier 3 plis, \u00e0 la fois pratique et r\u00e9sistant<\/p>\n<\/li>\n<li data-section-id=\"ibpnve\" data-start=\"219\" data-end=\"268\">\n<p data-start=\"221\" data-end=\"268\">Lot de 20 serviettes (4 couleurs diff\u00e9rentes)<\/p>\n<\/li>\n<li data-section-id=\"1418r1p\" data-start=\"269\" data-end=\"309\">\n<p data-start=\"271\" data-end=\"309\">Dimensions pli\u00e9es : 16,51 x 16,51 cm<\/p>\n<\/li>\n<\/ul>\n<p data-start=\"311\" data-end=\"336\" data-is-last-node=\"\" data-is-only-node=\"\"><strong data-start=\"311\" data-end=\"329\">Code produit :<\/strong> 221751<\/p>","protected":false},"featured_media":21828,"comment_status":"open","ping_status":"closed","template":"","meta":[],"product_brand":[],"product_cat":[290,256],"product_tag":[],"class_list":{"0":"post-21827","1":"product","2":"type-product","3":"status-publish","4":"has-post-thumbnail","6":"product_cat-fleurs","7":"product_cat-serviettes","9":"first","10":"instock","11":"virtual","12":"purchasable","13":"product-type-simple"},"_links":{"self":[{"href":"https:\/\/somefunstore.com\/en\/wp-json\/wp\/v2\/product\/21827","targetHints":{"allow":["GET"]}}],"collection":[{"href":"https:\/\/somefunstore.com\/en\/wp-json\/wp\/v2\/product"}],"about":[{"href":"https:\/\/somefunstore.com\/en\/wp-json\/wp\/v2\/types\/product"}],"replies":[{"embeddable":true,"href":"https:\/\/somefunstore.com\/en\/wp-json\/wp\/v2\/comments?post=21827"}],"wp:featuredmedia":[{"embeddable":true,"href":"https:\/\/somefunstore.com\/en\/wp-json\/wp\/v2\/media\/21828"}],"wp:attachment":[{"href":"https:\/\/somefunstore.com\/en\/wp-json\/wp\/v2\/media?parent=21827"}],"wp:term":[{"taxonomy":"product_brand","embeddable":true,"href":"https:\/\/somefunstore.com\/en\/wp-json\/wp\/v2\/product_brand?post=21827"},{"taxonomy":"product_cat","embeddable":true,"href":"https:\/\/somefunstore.com\/en\/wp-json\/wp\/v2\/product_cat?post=21827"},{"taxonomy":"product_tag","embeddable":true,"href":"https:\/\/somefunstore.com\/en\/wp-json\/wp\/v2\/product_tag?post=21827"}],"curies":[{"name":"wp","href":"https:\/\/api.w.org\/{rel}","templated":true}]}}