{"id":21836,"date":"2026-03-18T11:26:59","date_gmt":"2026-03-18T11:26:59","guid":{"rendered":"https:\/\/somefunstore.com\/?post_type=product&#038;p=21836"},"modified":"2026-04-12T16:04:15","modified_gmt":"2026-04-12T16:04:15","slug":"cape-florale","status":"publish","type":"product","link":"https:\/\/somefunstore.com\/en\/shop\/themes-occasions\/anniversaires\/par-themes\/fleurs\/cape-florale\/","title":{"rendered":"Cape florale"},"content":{"rendered":"","protected":false},"excerpt":{"rendered":"<p>Flower power ! Cette magnifique cape est parfaite pour les enfants qui adorent l\u2019univers floral. Id\u00e9ale pour une f\u00eate ou pour jouer \u00e0 la maison, elle invite \u00e0 l\u2019imagination et apporte une touche color\u00e9e et pleine de joie.<\/p>\n<ul data-start=\"70\" data-end=\"343\">\n<li data-section-id=\"10e9qiy\" data-start=\"70\" data-end=\"113\">\n<p data-start=\"72\" data-end=\"113\">Cape compos\u00e9e de couches de tulle p\u00eache<\/p>\n<\/li>\n<li data-section-id=\"16zdp88\" data-start=\"114\" data-end=\"179\">\n<p data-start=\"116\" data-end=\"179\">D\u00e9cor\u00e9e de fleurs en tulle : rose, p\u00eache, blush et jaune p\u00e2le<\/p>\n<\/li>\n<li data-section-id=\"otqreo\" data-start=\"180\" data-end=\"248\">\n<p data-start=\"182\" data-end=\"248\">Encolure avec finition en velours corail et fermeture \u00e0 pression<\/p>\n<\/li>\n<li data-section-id=\"859qfv\" data-start=\"249\" data-end=\"286\">\n<p data-start=\"251\" data-end=\"286\">Convient aux enfants de 3 \u00e0 6 ans<\/p>\n<\/li>\n<li data-section-id=\"rnhg10\" data-start=\"287\" data-end=\"343\">\n<p data-start=\"289\" data-end=\"343\">Dimensions : tour de cou 45,72 cm, longueur 66,04 cm<\/p>\n<\/li>\n<\/ul>\n<p data-start=\"345\" data-end=\"370\" data-is-last-node=\"\" data-is-only-node=\"\"><strong data-start=\"345\" data-end=\"363\">Code produit :<\/strong> 221922<\/p>","protected":false},"featured_media":21837,"comment_status":"open","ping_status":"closed","template":"","meta":[],"product_brand":[],"product_cat":[272,290,294],"product_tag":[],"class_list":{"0":"post-21836","1":"product","2":"type-product","3":"status-publish","4":"has-post-thumbnail","6":"product_cat-deguisements","7":"product_cat-fleurs","8":"product_cat-princesse","10":"first","11":"instock","12":"virtual","13":"purchasable","14":"product-type-simple"},"_links":{"self":[{"href":"https:\/\/somefunstore.com\/en\/wp-json\/wp\/v2\/product\/21836","targetHints":{"allow":["GET"]}}],"collection":[{"href":"https:\/\/somefunstore.com\/en\/wp-json\/wp\/v2\/product"}],"about":[{"href":"https:\/\/somefunstore.com\/en\/wp-json\/wp\/v2\/types\/product"}],"replies":[{"embeddable":true,"href":"https:\/\/somefunstore.com\/en\/wp-json\/wp\/v2\/comments?post=21836"}],"wp:featuredmedia":[{"embeddable":true,"href":"https:\/\/somefunstore.com\/en\/wp-json\/wp\/v2\/media\/21837"}],"wp:attachment":[{"href":"https:\/\/somefunstore.com\/en\/wp-json\/wp\/v2\/media?parent=21836"}],"wp:term":[{"taxonomy":"product_brand","embeddable":true,"href":"https:\/\/somefunstore.com\/en\/wp-json\/wp\/v2\/product_brand?post=21836"},{"taxonomy":"product_cat","embeddable":true,"href":"https:\/\/somefunstore.com\/en\/wp-json\/wp\/v2\/product_cat?post=21836"},{"taxonomy":"product_tag","embeddable":true,"href":"https:\/\/somefunstore.com\/en\/wp-json\/wp\/v2\/product_tag?post=21836"}],"curies":[{"name":"wp","href":"https:\/\/api.w.org\/{rel}","templated":true}]}}