{"id":21842,"date":"2026-03-18T11:31:02","date_gmt":"2026-03-18T11:31:02","guid":{"rendered":"https:\/\/somefunstore.com\/?post_type=product&#038;p=21842"},"modified":"2026-03-18T11:31:44","modified_gmt":"2026-03-18T11:31:44","slug":"mur-de-fleurs","status":"publish","type":"product","link":"https:\/\/somefunstore.com\/en\/shop\/themes-occasions\/anniversaires\/par-themes\/fleurs\/mur-de-fleurs\/","title":{"rendered":"Mur de fleurs"},"content":{"rendered":"","protected":false},"excerpt":{"rendered":"<p>Cr\u00e9ez une superbe d\u00e9coration florale avec ce set de 20 fleurs en papier de soie, sublim\u00e9es par des d\u00e9tails en dorure . Con\u00e7u pour r\u00e9aliser un mur de fleurs, il apportera un effet spectaculaire dans une chambre ou n\u2019importe quelle pi\u00e8ce de la maison. Id\u00e9al aussi pour d\u00e9corer un espace de f\u00eate et cr\u00e9er une ambiance vraiment exceptionnelle.<\/p>\n<ul data-start=\"70\" data-end=\"609\">\n<li data-section-id=\"mi7mwa\" data-start=\"70\" data-end=\"151\">\n<p data-start=\"72\" data-end=\"151\">Set de 20 fleurs (5 designs diff\u00e9rents) avec 1,98 m de cordon pour suspension<\/p>\n<\/li>\n<li data-section-id=\"qlg42c\" data-start=\"152\" data-end=\"239\">\n<p data-start=\"154\" data-end=\"239\">Fleurs en papier de soie<\/p>\n<\/li>\n<li data-section-id=\"1t1qgze\" data-start=\"240\" data-end=\"321\">\n<p data-start=\"242\" data-end=\"321\">Feuilles avec d\u00e9tails en dorure et finitions vert et or pour un rendu \u00e9l\u00e9gant<\/p>\n<\/li>\n<li data-section-id=\"mkhf42\" data-start=\"322\" data-end=\"398\">\n<p data-start=\"324\" data-end=\"398\">Tiges avec crochet pour relier les fleurs et cr\u00e9er diff\u00e9rentes longueurs<\/p>\n<\/li>\n<li data-section-id=\"fo3llz\" data-start=\"399\" data-end=\"447\">\n<p data-start=\"401\" data-end=\"447\">Instructions incluses pour un montage facile<\/p>\n<\/li>\n<li data-section-id=\"45nv80\" data-start=\"448\" data-end=\"513\">\n<p data-start=\"450\" data-end=\"513\">Emballage soign\u00e9 avec fleurs prot\u00e9g\u00e9es dans du papier de soie<\/p>\n<\/li>\n<li data-section-id=\"b0dfou\" data-start=\"514\" data-end=\"555\">\n<p data-start=\"516\" data-end=\"555\">Assemblage simple \u00e0 r\u00e9aliser soi-m\u00eame<\/p>\n<\/li>\n<li data-section-id=\"1ulxmkl\" data-start=\"556\" data-end=\"587\">\n<p data-start=\"558\" data-end=\"587\">Hauteur (retomb\u00e9e) : 1,30 m<\/p>\n<\/li>\n<li data-section-id=\"jsrkc6\" data-start=\"588\" data-end=\"609\">\n<p data-start=\"590\" data-end=\"609\">Longueur : 0,91 m<\/p>\n<\/li>\n<\/ul>\n<p data-start=\"611\" data-end=\"636\" data-is-last-node=\"\" data-is-only-node=\"\"><strong data-start=\"611\" data-end=\"629\">Code produit :<\/strong> 267133<\/p>","protected":false},"featured_media":21843,"comment_status":"open","ping_status":"closed","template":"","meta":[],"product_brand":[],"product_cat":[261,290,262],"product_tag":[],"class_list":{"0":"post-21842","1":"product","2":"type-product","3":"status-publish","4":"has-post-thumbnail","6":"product_cat-decoration-murale","7":"product_cat-fleurs","8":"product_cat-fonds-de-scene","10":"first","11":"instock","12":"virtual","13":"purchasable","14":"product-type-simple"},"_links":{"self":[{"href":"https:\/\/somefunstore.com\/en\/wp-json\/wp\/v2\/product\/21842","targetHints":{"allow":["GET"]}}],"collection":[{"href":"https:\/\/somefunstore.com\/en\/wp-json\/wp\/v2\/product"}],"about":[{"href":"https:\/\/somefunstore.com\/en\/wp-json\/wp\/v2\/types\/product"}],"replies":[{"embeddable":true,"href":"https:\/\/somefunstore.com\/en\/wp-json\/wp\/v2\/comments?post=21842"}],"wp:featuredmedia":[{"embeddable":true,"href":"https:\/\/somefunstore.com\/en\/wp-json\/wp\/v2\/media\/21843"}],"wp:attachment":[{"href":"https:\/\/somefunstore.com\/en\/wp-json\/wp\/v2\/media?parent=21842"}],"wp:term":[{"taxonomy":"product_brand","embeddable":true,"href":"https:\/\/somefunstore.com\/en\/wp-json\/wp\/v2\/product_brand?post=21842"},{"taxonomy":"product_cat","embeddable":true,"href":"https:\/\/somefunstore.com\/en\/wp-json\/wp\/v2\/product_cat?post=21842"},{"taxonomy":"product_tag","embeddable":true,"href":"https:\/\/somefunstore.com\/en\/wp-json\/wp\/v2\/product_tag?post=21842"}],"curies":[{"name":"wp","href":"https:\/\/api.w.org\/{rel}","templated":true}]}}