{"id":21849,"date":"2026-03-18T11:47:32","date_gmt":"2026-03-18T11:47:32","guid":{"rendered":"https:\/\/somefunstore.com\/?post_type=product&#038;p=21849"},"modified":"2026-03-18T11:47:32","modified_gmt":"2026-03-18T11:47:32","slug":"bougies-fleurs-x9","status":"publish","type":"product","link":"https:\/\/somefunstore.com\/en\/shop\/themes-occasions\/anniversaires\/par-themes\/fleurs\/bougies-fleurs-x9\/","title":{"rendered":"Bougies fleurs x9"},"content":{"rendered":"","protected":false},"excerpt":{"rendered":"<p>Apportez une touche florale pleine de charme \u00e0 vos g\u00e2teaux d\u2019anniversaire avec ce joli set de bougies ! De diff\u00e9rentes hauteurs pour cr\u00e9er un effet superpos\u00e9 d\u00e9coratif, elles sublimeront vos desserts en un instant. Leurs couleurs douces s\u2019accordent parfaitement avec un th\u00e8me pastel : f\u00eate princesse, licorne, f\u00e9erique, garden party ou tea time.<\/p>\n<ul data-start=\"70\" data-end=\"304\">\n<li data-section-id=\"10lagby\" data-start=\"70\" data-end=\"144\">\n<p data-start=\"72\" data-end=\"144\">Bougies fleurs en cire 3D, d\u00e9clin\u00e9es en 3 designs aux tons pastel doux<\/p>\n<\/li>\n<li data-section-id=\"my1fkp\" data-start=\"145\" data-end=\"230\">\n<p data-start=\"147\" data-end=\"230\">Pics en bois de deux longueurs diff\u00e9rentes pour un effet superpos\u00e9 facile \u00e0 cr\u00e9er<\/p>\n<\/li>\n<li data-section-id=\"6dunsk\" data-start=\"231\" data-end=\"263\">\n<p data-start=\"233\" data-end=\"263\">Lot de 9 bougies (3 designs)<\/p>\n<\/li>\n<li data-section-id=\"14j0w1e\" data-start=\"264\" data-end=\"304\">\n<p data-start=\"266\" data-end=\"304\">Hauteur moyenne (avec pic) : 8,89 cm<\/p>\n<\/li>\n<\/ul>\n<p data-start=\"306\" data-end=\"331\" data-is-last-node=\"\" data-is-only-node=\"\"><strong data-start=\"306\" data-end=\"324\">Code produit :<\/strong> 289086<\/p>","protected":false},"featured_media":21850,"comment_status":"open","ping_status":"closed","template":"","meta":[],"product_brand":[],"product_cat":[258,290],"product_tag":[],"class_list":{"0":"post-21849","1":"product","2":"type-product","3":"status-publish","4":"has-post-thumbnail","6":"product_cat-bougies","7":"product_cat-fleurs","9":"first","10":"instock","11":"virtual","12":"purchasable","13":"product-type-simple"},"_links":{"self":[{"href":"https:\/\/somefunstore.com\/en\/wp-json\/wp\/v2\/product\/21849","targetHints":{"allow":["GET"]}}],"collection":[{"href":"https:\/\/somefunstore.com\/en\/wp-json\/wp\/v2\/product"}],"about":[{"href":"https:\/\/somefunstore.com\/en\/wp-json\/wp\/v2\/types\/product"}],"replies":[{"embeddable":true,"href":"https:\/\/somefunstore.com\/en\/wp-json\/wp\/v2\/comments?post=21849"}],"wp:featuredmedia":[{"embeddable":true,"href":"https:\/\/somefunstore.com\/en\/wp-json\/wp\/v2\/media\/21850"}],"wp:attachment":[{"href":"https:\/\/somefunstore.com\/en\/wp-json\/wp\/v2\/media?parent=21849"}],"wp:term":[{"taxonomy":"product_brand","embeddable":true,"href":"https:\/\/somefunstore.com\/en\/wp-json\/wp\/v2\/product_brand?post=21849"},{"taxonomy":"product_cat","embeddable":true,"href":"https:\/\/somefunstore.com\/en\/wp-json\/wp\/v2\/product_cat?post=21849"},{"taxonomy":"product_tag","embeddable":true,"href":"https:\/\/somefunstore.com\/en\/wp-json\/wp\/v2\/product_tag?post=21849"}],"curies":[{"name":"wp","href":"https:\/\/api.w.org\/{rel}","templated":true}]}}