{"id":21852,"date":"2026-03-18T11:51:43","date_gmt":"2026-03-18T11:51:43","guid":{"rendered":"https:\/\/somefunstore.com\/?post_type=product&#038;p=21852"},"modified":"2026-03-30T14:00:10","modified_gmt":"2026-03-30T14:00:10","slug":"guirlande-fleurs-et-noeuds","status":"publish","type":"product","link":"https:\/\/somefunstore.com\/en\/shop\/themes-occasions\/anniversaires\/par-themes\/fleurs\/guirlande-fleurs-et-noeuds\/","title":{"rendered":"Guirlande fleurs et n\u0153uds"},"content":{"rendered":"","protected":false},"excerpt":{"rendered":"<p>Les n\u0153uds sont ultra tendance cette saison, et associ\u00e9s \u00e0 des fleurs aux tons pastel, ils cr\u00e9ent une combinaison d\u00e9corative irr\u00e9sistible ! Cette magnifique guirlande est parfaite pour sublimer une table, une terrasse ou tout espace o\u00f9 vous souhaitez apporter une touche printani\u00e8re. Id\u00e9ale pour un anniversaire, des fian\u00e7ailles, un mariage, une bridal shower, une baby shower ou un anniversaire de mariage, elle peut \u00eatre r\u00e9utilis\u00e9e ann\u00e9e apr\u00e8s ann\u00e9e comme pi\u00e8ce d\u00e9corative forte.<\/p>\n<ul data-start=\"70\" data-end=\"469\">\n<li data-section-id=\"20es2a\" data-start=\"70\" data-end=\"172\">\n<p data-start=\"72\" data-end=\"172\">4 guirlandes florales en papier, 3 n\u0153uds roses en papier \u00e9pais et ruban vichy rose et blanc inclus<\/p>\n<\/li>\n<li data-section-id=\"1nyobef\" data-start=\"173\" data-end=\"248\">\n<p data-start=\"175\" data-end=\"248\">Guirlandes avec fleurs en papier de soie et d\u00e9tails en dorure brillante<\/p>\n<\/li>\n<li data-section-id=\"14hn261\" data-start=\"249\" data-end=\"283\">\n<p data-start=\"251\" data-end=\"283\">Pompons en fil m\u00e9tallique dor\u00e9<\/p>\n<\/li>\n<li data-section-id=\"pccm1g\" data-start=\"284\" data-end=\"347\">\n<p data-start=\"286\" data-end=\"347\">Notice incluse pour assembler les \u00e9l\u00e9ments sur la guirlande<\/p>\n<\/li>\n<li data-section-id=\"b0dfou\" data-start=\"348\" data-end=\"389\">\n<p data-start=\"350\" data-end=\"389\">Assemblage simple \u00e0 r\u00e9aliser soi-m\u00eame<\/p>\n<\/li>\n<li data-section-id=\"1jk9kag\" data-start=\"390\" data-end=\"427\">\n<p data-start=\"392\" data-end=\"427\">Longueur de la guirlande : 2,74 m<\/p>\n<\/li>\n<li data-section-id=\"qsg04o\" data-start=\"428\" data-end=\"469\">\n<p data-start=\"430\" data-end=\"469\">Longueur totale avec ficelle : 3,96 m<\/p>\n<\/li>\n<\/ul>\n<p data-start=\"471\" data-end=\"496\" data-is-last-node=\"\" data-is-only-node=\"\"><strong data-start=\"471\" data-end=\"489\">Code produit :<\/strong> 273434<\/p>","protected":false},"featured_media":21853,"comment_status":"open","ping_status":"closed","template":"","meta":[],"product_brand":[],"product_cat":[277,261,290,263,329],"product_tag":[],"class_list":{"0":"post-21852","1":"product","2":"type-product","3":"status-publish","4":"has-post-thumbnail","6":"product_cat-bachelorette","7":"product_cat-decoration-murale","8":"product_cat-fleurs","9":"product_cat-guirlandes-la-decoration","10":"product_cat-laduree","12":"first","13":"instock","14":"virtual","15":"purchasable","16":"product-type-simple"},"_links":{"self":[{"href":"https:\/\/somefunstore.com\/en\/wp-json\/wp\/v2\/product\/21852","targetHints":{"allow":["GET"]}}],"collection":[{"href":"https:\/\/somefunstore.com\/en\/wp-json\/wp\/v2\/product"}],"about":[{"href":"https:\/\/somefunstore.com\/en\/wp-json\/wp\/v2\/types\/product"}],"replies":[{"embeddable":true,"href":"https:\/\/somefunstore.com\/en\/wp-json\/wp\/v2\/comments?post=21852"}],"wp:featuredmedia":[{"embeddable":true,"href":"https:\/\/somefunstore.com\/en\/wp-json\/wp\/v2\/media\/21853"}],"wp:attachment":[{"href":"https:\/\/somefunstore.com\/en\/wp-json\/wp\/v2\/media?parent=21852"}],"wp:term":[{"taxonomy":"product_brand","embeddable":true,"href":"https:\/\/somefunstore.com\/en\/wp-json\/wp\/v2\/product_brand?post=21852"},{"taxonomy":"product_cat","embeddable":true,"href":"https:\/\/somefunstore.com\/en\/wp-json\/wp\/v2\/product_cat?post=21852"},{"taxonomy":"product_tag","embeddable":true,"href":"https:\/\/somefunstore.com\/en\/wp-json\/wp\/v2\/product_tag?post=21852"}],"curies":[{"name":"wp","href":"https:\/\/api.w.org\/{rel}","templated":true}]}}