{"id":21859,"date":"2026-03-18T12:02:02","date_gmt":"2026-03-18T12:02:02","guid":{"rendered":"https:\/\/somefunstore.com\/?post_type=product&#038;p=21859"},"modified":"2026-03-30T14:00:39","modified_gmt":"2026-03-30T14:00:39","slug":"lustre-floral","status":"publish","type":"product","link":"https:\/\/somefunstore.com\/en\/shop\/themes-occasions\/anniversaires\/par-themes\/fees\/lustre-floral\/","title":{"rendered":"Lustre floral"},"content":{"rendered":"","protected":false},"excerpt":{"rendered":"<p>Pourquoi se contenter d\u2019un lustre classique quand on peut en avoir un orn\u00e9 de magnifiques fleurs et feuilles en papier ? Une fa\u00e7on id\u00e9ale d\u2019apporter couleur et style \u00e0 n\u2019importe quelle pi\u00e8ce.<\/p>\n<ul data-start=\"70\" data-end=\"542\">\n<li data-section-id=\"4wvo3i\" data-start=\"70\" data-end=\"169\">\n<p data-start=\"72\" data-end=\"169\">Lustre compos\u00e9 de 2 niveaux de fleurs et feuillages en papier, avec 2 couronnes suppl\u00e9mentaires<\/p>\n<\/li>\n<li data-section-id=\"ch744z\" data-start=\"170\" data-end=\"267\">\n<p data-start=\"172\" data-end=\"267\">Fanions pr\u00e9-fix\u00e9s sur ruban avec fermeture scratch, \u00e0 attacher facilement aux anneaux en bois<\/p>\n<\/li>\n<li data-section-id=\"30vmxt\" data-start=\"268\" data-end=\"321\">\n<p data-start=\"270\" data-end=\"321\">Couronnes en papier \u00e0 enrouler autour des cercles<\/p>\n<\/li>\n<li data-section-id=\"1lx0rpm\" data-start=\"322\" data-end=\"384\">\n<p data-start=\"324\" data-end=\"384\">Fleurs d\u00e9cor\u00e9es de pompons et d\u2019\u00e9l\u00e9ments en papier de soie<\/p>\n<\/li>\n<li data-section-id=\"1hw1srp\" data-start=\"385\" data-end=\"416\">\n<p data-start=\"387\" data-end=\"416\">Anneau dor\u00e9 pour suspension<\/p>\n<\/li>\n<li data-section-id=\"18xfhwl\" data-start=\"417\" data-end=\"458\">\n<p data-start=\"419\" data-end=\"458\">Notice incluse pour un montage facile<\/p>\n<\/li>\n<li data-section-id=\"b0dfou\" data-start=\"459\" data-end=\"500\">\n<p data-start=\"461\" data-end=\"500\">Assemblage simple \u00e0 r\u00e9aliser soi-m\u00eame<\/p>\n<\/li>\n<li data-section-id=\"1padktt\" data-start=\"501\" data-end=\"542\">\n<p data-start=\"503\" data-end=\"542\">Dimensions : 35,56 x 81,92 x 35,56 cm<\/p>\n<\/li>\n<\/ul>\n<p data-start=\"544\" data-end=\"569\" data-is-last-node=\"\" data-is-only-node=\"\"><strong data-start=\"544\" data-end=\"562\">Code produit :<\/strong> 219232<\/p>\n<p>&nbsp;<\/p>","protected":false},"featured_media":21860,"comment_status":"open","ping_status":"closed","template":"","meta":[],"product_brand":[],"product_cat":[276,277,321,289,290,278,266],"product_tag":[],"class_list":{"0":"post-21859","1":"product","2":"type-product","3":"status-publish","4":"has-post-thumbnail","6":"product_cat-baby-shower","7":"product_cat-bachelorette","8":"product_cat-bapteme","9":"product_cat-fees","10":"product_cat-fleurs","11":"product_cat-gender-reveal","12":"product_cat-suspensions","14":"first","15":"instock","16":"virtual","17":"purchasable","18":"product-type-simple"},"_links":{"self":[{"href":"https:\/\/somefunstore.com\/en\/wp-json\/wp\/v2\/product\/21859","targetHints":{"allow":["GET"]}}],"collection":[{"href":"https:\/\/somefunstore.com\/en\/wp-json\/wp\/v2\/product"}],"about":[{"href":"https:\/\/somefunstore.com\/en\/wp-json\/wp\/v2\/types\/product"}],"replies":[{"embeddable":true,"href":"https:\/\/somefunstore.com\/en\/wp-json\/wp\/v2\/comments?post=21859"}],"wp:featuredmedia":[{"embeddable":true,"href":"https:\/\/somefunstore.com\/en\/wp-json\/wp\/v2\/media\/21860"}],"wp:attachment":[{"href":"https:\/\/somefunstore.com\/en\/wp-json\/wp\/v2\/media?parent=21859"}],"wp:term":[{"taxonomy":"product_brand","embeddable":true,"href":"https:\/\/somefunstore.com\/en\/wp-json\/wp\/v2\/product_brand?post=21859"},{"taxonomy":"product_cat","embeddable":true,"href":"https:\/\/somefunstore.com\/en\/wp-json\/wp\/v2\/product_cat?post=21859"},{"taxonomy":"product_tag","embeddable":true,"href":"https:\/\/somefunstore.com\/en\/wp-json\/wp\/v2\/product_tag?post=21859"}],"curies":[{"name":"wp","href":"https:\/\/api.w.org\/{rel}","templated":true}]}}