{"id":21863,"date":"2026-03-18T12:07:14","date_gmt":"2026-03-18T12:07:14","guid":{"rendered":"https:\/\/somefunstore.com\/?post_type=product&#038;p=21863"},"modified":"2026-03-18T12:07:14","modified_gmt":"2026-03-18T12:07:14","slug":"bouquet-de-fleurs-en-papier","status":"publish","type":"product","link":"https:\/\/somefunstore.com\/en\/shop\/themes-occasions\/anniversaires\/par-themes\/fees\/bouquet-de-fleurs-en-papier\/","title":{"rendered":"Bouquet de fleurs en papier"},"content":{"rendered":"","protected":false},"excerpt":{"rendered":"<p>Ce magnifique bouquet apportera une touche spectaculaire \u00e0 votre table de f\u00eate ou \u00e0 tout espace o\u00f9 vous souhaitez une d\u00e9coration forte et \u00e9l\u00e9gante. Parfait pour une occasion sp\u00e9ciale comme un anniversaire, des fian\u00e7ailles, un mariage, une f\u00eate d\u2019anniversaire ou une baby shower.<\/p>\n<ul data-start=\"70\" data-end=\"656\">\n<li data-section-id=\"11mfo79\" data-start=\"70\" data-end=\"187\">\n<p data-start=\"72\" data-end=\"187\">21 fleurs en papier (papier de soie, cr\u00e9pon et papier cartonn\u00e9) dans des tons de rose, bleu, blanc, jaune et vert<\/p>\n<\/li>\n<li data-section-id=\"1x2vpqp\" data-start=\"188\" data-end=\"239\">\n<p data-start=\"190\" data-end=\"239\">15 feuilles pour un effet volumineux et \u00e9l\u00e9gant<\/p>\n<\/li>\n<li data-section-id=\"v553i8\" data-start=\"240\" data-end=\"356\">\n<p data-start=\"242\" data-end=\"356\">Fleurs et feuilles emball\u00e9es dans du papier de soie, avec autocollants num\u00e9rot\u00e9s dor\u00e9s pour faciliter le montage<\/p>\n<\/li>\n<li data-section-id=\"14ytjq3\" data-start=\"357\" data-end=\"411\">\n<p data-start=\"359\" data-end=\"411\">Fleurs mont\u00e9es sur tiges en bois et fil m\u00e9tallique<\/p>\n<\/li>\n<li data-section-id=\"ritaud\" data-start=\"412\" data-end=\"471\">\n<p data-start=\"414\" data-end=\"471\">Notice incluse pour cr\u00e9er facilement le centre de table<\/p>\n<\/li>\n<li data-section-id=\"1hsq6i1\" data-start=\"472\" data-end=\"561\">\n<p data-start=\"474\" data-end=\"561\">Bo\u00eete \u00e0 monter avec d\u00e9tails festonn\u00e9s en dorure, servant de support pour l\u2019exposition<\/p>\n<\/li>\n<li data-section-id=\"b0dfou\" data-start=\"562\" data-end=\"603\">\n<p data-start=\"564\" data-end=\"603\">Assemblage simple \u00e0 r\u00e9aliser soi-m\u00eame<\/p>\n<\/li>\n<li data-section-id=\"iowe75\" data-start=\"604\" data-end=\"656\">\n<p data-start=\"606\" data-end=\"656\">Dimensions assembl\u00e9es : 58,42 x 43,18 x 21,59 cm<\/p>\n<\/li>\n<\/ul>\n<p data-start=\"658\" data-end=\"683\" data-is-last-node=\"\" data-is-only-node=\"\"><strong data-start=\"658\" data-end=\"676\">Code produit :<\/strong> 221643<\/p>","protected":false},"featured_media":21864,"comment_status":"open","ping_status":"closed","template":"","meta":[],"product_brand":[],"product_cat":[276,277,321,259,289,290,278],"product_tag":[],"class_list":{"0":"post-21863","1":"product","2":"type-product","3":"status-publish","4":"has-post-thumbnail","6":"product_cat-baby-shower","7":"product_cat-bachelorette","8":"product_cat-bapteme","9":"product_cat-centres-de-table","10":"product_cat-fees","11":"product_cat-fleurs","12":"product_cat-gender-reveal","14":"first","15":"instock","16":"virtual","17":"purchasable","18":"product-type-simple"},"_links":{"self":[{"href":"https:\/\/somefunstore.com\/en\/wp-json\/wp\/v2\/product\/21863","targetHints":{"allow":["GET"]}}],"collection":[{"href":"https:\/\/somefunstore.com\/en\/wp-json\/wp\/v2\/product"}],"about":[{"href":"https:\/\/somefunstore.com\/en\/wp-json\/wp\/v2\/types\/product"}],"replies":[{"embeddable":true,"href":"https:\/\/somefunstore.com\/en\/wp-json\/wp\/v2\/comments?post=21863"}],"wp:featuredmedia":[{"embeddable":true,"href":"https:\/\/somefunstore.com\/en\/wp-json\/wp\/v2\/media\/21864"}],"wp:attachment":[{"href":"https:\/\/somefunstore.com\/en\/wp-json\/wp\/v2\/media?parent=21863"}],"wp:term":[{"taxonomy":"product_brand","embeddable":true,"href":"https:\/\/somefunstore.com\/en\/wp-json\/wp\/v2\/product_brand?post=21863"},{"taxonomy":"product_cat","embeddable":true,"href":"https:\/\/somefunstore.com\/en\/wp-json\/wp\/v2\/product_cat?post=21863"},{"taxonomy":"product_tag","embeddable":true,"href":"https:\/\/somefunstore.com\/en\/wp-json\/wp\/v2\/product_tag?post=21863"}],"curies":[{"name":"wp","href":"https:\/\/api.w.org\/{rel}","templated":true}]}}