{"id":21866,"date":"2026-03-18T12:10:59","date_gmt":"2026-03-18T12:10:59","guid":{"rendered":"https:\/\/somefunstore.com\/?post_type=product&#038;p=21866"},"modified":"2026-03-18T12:10:59","modified_gmt":"2026-03-18T12:10:59","slug":"serviettes-fleurs-de-jardin-x16","status":"publish","type":"product","link":"https:\/\/somefunstore.com\/en\/shop\/themes-occasions\/anniversaires\/par-themes\/fleurs\/serviettes-fleurs-de-jardin-x16\/","title":{"rendered":"Serviettes fleurs de jardin x16"},"content":{"rendered":"","protected":false},"excerpt":{"rendered":"<p>Si vous souhaitez une f\u00eate \u00e0 la fois \u00e9l\u00e9gante et pleine de charme, vous allez adorer ces magnifiques serviettes \u2026 presque trop jolies pour \u00eatre utilis\u00e9es ! Parfaites pour une f\u00eate princesse, f\u00e9erique, un garden party, une bridal shower, une baby shower ou toute c\u00e9l\u00e9bration o\u00f9 vous souhaitez apporter une touche florale \u00e0 votre table. Chaque pack propose un m\u00e9lange de 4 coloris, avec des impressions n\u00e9on et de superbes d\u00e9tails en dorure brillante.<\/p>\n<ul data-start=\"70\" data-end=\"249\">\n<li data-section-id=\"zcaavy\" data-start=\"70\" data-end=\"109\">\n<p data-start=\"72\" data-end=\"109\">D\u00e9coupe \u00e9l\u00e9gante en forme de fleurs<\/p>\n<\/li>\n<li data-section-id=\"llpwh9\" data-start=\"110\" data-end=\"160\">\n<p data-start=\"112\" data-end=\"160\">Impression n\u00e9on et d\u00e9tails en dorure brillante<\/p>\n<\/li>\n<li data-section-id=\"1hfymf3\" data-start=\"161\" data-end=\"208\">\n<p data-start=\"163\" data-end=\"208\">Lot de 16 serviettes (4 designs diff\u00e9rents)<\/p>\n<\/li>\n<li data-section-id=\"1418r1p\" data-start=\"209\" data-end=\"249\">\n<p data-start=\"211\" data-end=\"249\">Dimensions pli\u00e9es : 16,51 x 16,51 cm<\/p>\n<\/li>\n<\/ul>\n<p data-start=\"251\" data-end=\"276\" data-is-last-node=\"\" data-is-only-node=\"\"><strong data-start=\"251\" data-end=\"269\">Code produit :<\/strong> 188728<\/p>","protected":false},"featured_media":21867,"comment_status":"open","ping_status":"closed","template":"","meta":[],"product_brand":[],"product_cat":[290,256],"product_tag":[],"class_list":{"0":"post-21866","1":"product","2":"type-product","3":"status-publish","4":"has-post-thumbnail","6":"product_cat-fleurs","7":"product_cat-serviettes","9":"first","10":"instock","11":"virtual","12":"purchasable","13":"product-type-simple"},"_links":{"self":[{"href":"https:\/\/somefunstore.com\/en\/wp-json\/wp\/v2\/product\/21866","targetHints":{"allow":["GET"]}}],"collection":[{"href":"https:\/\/somefunstore.com\/en\/wp-json\/wp\/v2\/product"}],"about":[{"href":"https:\/\/somefunstore.com\/en\/wp-json\/wp\/v2\/types\/product"}],"replies":[{"embeddable":true,"href":"https:\/\/somefunstore.com\/en\/wp-json\/wp\/v2\/comments?post=21866"}],"wp:featuredmedia":[{"embeddable":true,"href":"https:\/\/somefunstore.com\/en\/wp-json\/wp\/v2\/media\/21867"}],"wp:attachment":[{"href":"https:\/\/somefunstore.com\/en\/wp-json\/wp\/v2\/media?parent=21866"}],"wp:term":[{"taxonomy":"product_brand","embeddable":true,"href":"https:\/\/somefunstore.com\/en\/wp-json\/wp\/v2\/product_brand?post=21866"},{"taxonomy":"product_cat","embeddable":true,"href":"https:\/\/somefunstore.com\/en\/wp-json\/wp\/v2\/product_cat?post=21866"},{"taxonomy":"product_tag","embeddable":true,"href":"https:\/\/somefunstore.com\/en\/wp-json\/wp\/v2\/product_tag?post=21866"}],"curies":[{"name":"wp","href":"https:\/\/api.w.org\/{rel}","templated":true}]}}