{"id":21869,"date":"2026-03-18T12:15:17","date_gmt":"2026-03-18T12:15:17","guid":{"rendered":"https:\/\/somefunstore.com\/?post_type=product&#038;p=21869"},"modified":"2026-04-21T16:36:23","modified_gmt":"2026-04-21T16:36:23","slug":"guirlande-a-franges-couleurs-vives","status":"publish","type":"product","link":"https:\/\/somefunstore.com\/en\/shop\/themes-occasions\/anniversaires\/par-themes\/animaux-safari\/guirlande-a-franges-couleurs-vives\/","title":{"rendered":"Guirlande \u00e0 franges couleurs vives"},"content":{"rendered":"","protected":false},"excerpt":{"rendered":"<p data-start=\"45\" data-end=\"415\">Apportez une explosion de couleurs \u00e0 votre f\u00eate avec cette guirlande \u00e0 franges en papier de soie ! Parfaite pour d\u00e9corer un mur, une table ou cr\u00e9er un fond photo, elle illumine instantan\u00e9ment votre espace avec ses teintes vibrantes. R\u00e9utilisable, elle est id\u00e9ale pour les f\u00eates comme pour d\u00e9corer une chambre ou un espace de jeu avec une touche fun et color\u00e9e.<\/p>\n<ul data-start=\"442\" data-end=\"725\">\n<li data-section-id=\"76ba3e\" data-start=\"442\" data-end=\"506\">\n<p data-start=\"444\" data-end=\"506\">Guirlande compos\u00e9e de 9 fanions superpos\u00e9s en papier de soie<\/p>\n<\/li>\n<li data-section-id=\"bi2isa\" data-start=\"507\" data-end=\"606\">\n<p data-start=\"509\" data-end=\"606\">9 coloris : corail n\u00e9on, rouge, orange, rose p\u00e2le, bleu vif, menthe, jaune, lilas et bleu clair<\/p>\n<\/li>\n<li data-section-id=\"5enu7y\" data-start=\"607\" data-end=\"645\">\n<p data-start=\"609\" data-end=\"645\">Ruban gros-grain couleur naturelle<\/p>\n<\/li>\n<li data-section-id=\"1kb06xc\" data-start=\"646\" data-end=\"683\">\n<p data-start=\"648\" data-end=\"683\">Longueur de la guirlande : 2,29 m<\/p>\n<\/li>\n<li data-section-id=\"ygjuw3\" data-start=\"684\" data-end=\"725\">\n<p data-start=\"686\" data-end=\"725\">Longueur totale avec ficelle : 3,51 m<\/p>\n<\/li>\n<\/ul>\n<p data-start=\"727\" data-end=\"752\" data-is-last-node=\"\" data-is-only-node=\"\"><strong data-start=\"727\" data-end=\"745\">Code produit :<\/strong> 287088<\/p>","protected":false},"featured_media":21870,"comment_status":"open","ping_status":"closed","template":"","meta":[],"product_brand":[],"product_cat":[281,284,261,263,298],"product_tag":[],"class_list":{"0":"post-21869","1":"product","2":"type-product","3":"status-publish","4":"has-post-thumbnail","6":"product_cat-animaux-safari","7":"product_cat-cirque","8":"product_cat-decoration-murale","9":"product_cat-guirlandes-la-decoration","10":"product_cat-supers-heros","12":"first","13":"instock","14":"virtual","15":"purchasable","16":"product-type-simple"},"_links":{"self":[{"href":"https:\/\/somefunstore.com\/en\/wp-json\/wp\/v2\/product\/21869","targetHints":{"allow":["GET"]}}],"collection":[{"href":"https:\/\/somefunstore.com\/en\/wp-json\/wp\/v2\/product"}],"about":[{"href":"https:\/\/somefunstore.com\/en\/wp-json\/wp\/v2\/types\/product"}],"replies":[{"embeddable":true,"href":"https:\/\/somefunstore.com\/en\/wp-json\/wp\/v2\/comments?post=21869"}],"wp:featuredmedia":[{"embeddable":true,"href":"https:\/\/somefunstore.com\/en\/wp-json\/wp\/v2\/media\/21870"}],"wp:attachment":[{"href":"https:\/\/somefunstore.com\/en\/wp-json\/wp\/v2\/media?parent=21869"}],"wp:term":[{"taxonomy":"product_brand","embeddable":true,"href":"https:\/\/somefunstore.com\/en\/wp-json\/wp\/v2\/product_brand?post=21869"},{"taxonomy":"product_cat","embeddable":true,"href":"https:\/\/somefunstore.com\/en\/wp-json\/wp\/v2\/product_cat?post=21869"},{"taxonomy":"product_tag","embeddable":true,"href":"https:\/\/somefunstore.com\/en\/wp-json\/wp\/v2\/product_tag?post=21869"}],"curies":[{"name":"wp","href":"https:\/\/api.w.org\/{rel}","templated":true}]}}