{"id":21878,"date":"2026-03-18T12:26:39","date_gmt":"2026-03-18T12:26:39","guid":{"rendered":"https:\/\/somefunstore.com\/?post_type=product&#038;p=21878"},"modified":"2026-03-18T12:26:39","modified_gmt":"2026-03-18T12:26:39","slug":"nappe-de-table-rayures-peche","status":"publish","type":"product","link":"https:\/\/somefunstore.com\/en\/shop\/themes-occasions\/anniversaires\/par-themes\/ballerine-par-themes\/nappe-de-table-rayures-peche\/","title":{"rendered":"Nappe de table rayures p\u00eache"},"content":{"rendered":"","protected":false},"excerpt":{"rendered":"<p>Les rayures sont intemporelles et font toujours leur effet ! Apportez instantan\u00e9ment une touche fra\u00eeche et \u00e9l\u00e9gante \u00e0 votre table avec cette nappe \u00e0 rayures p\u00eache. Parfaite pour une f\u00eate ballet, princesse ou toute ambiance aux tons p\u00eache d\u00e9licats.<\/p>\n<ul data-start=\"70\" data-end=\"140\">\n<li data-section-id=\"hzxs0p\" data-start=\"70\" data-end=\"87\">\n<p data-start=\"72\" data-end=\"87\">Papier lamin\u00e9<\/p>\n<\/li>\n<li data-section-id=\"1vinaet\" data-start=\"88\" data-end=\"104\">\n<p data-start=\"90\" data-end=\"104\">Grand format<\/p>\n<\/li>\n<li data-section-id=\"hflyxv\" data-start=\"105\" data-end=\"140\">\n<p data-start=\"107\" data-end=\"140\">Dimensions : 259,08 x 137,16 cm<\/p>\n<\/li>\n<\/ul>\n<p data-start=\"142\" data-end=\"167\" data-is-last-node=\"\" data-is-only-node=\"\"><strong data-start=\"142\" data-end=\"160\">Code produit :<\/strong> 274667<\/p>","protected":false},"featured_media":21879,"comment_status":"open","ping_status":"closed","template":"","meta":[],"product_brand":[],"product_cat":[276,277,283,321,285,289,290,288,292,253,293,294,295],"product_tag":[],"class_list":{"0":"post-21878","1":"product","2":"type-product","3":"status-publish","4":"has-post-thumbnail","6":"product_cat-baby-shower","7":"product_cat-bachelorette","8":"product_cat-ballerine-par-themes","9":"product_cat-bapteme","10":"product_cat-coeurs","11":"product_cat-fees","12":"product_cat-fleurs","13":"product_cat-ice-cream","14":"product_cat-licornes","15":"product_cat-nappes","16":"product_cat-papillons","17":"product_cat-princesse","18":"product_cat-roller","20":"first","21":"instock","22":"virtual","23":"purchasable","24":"product-type-simple"},"_links":{"self":[{"href":"https:\/\/somefunstore.com\/en\/wp-json\/wp\/v2\/product\/21878","targetHints":{"allow":["GET"]}}],"collection":[{"href":"https:\/\/somefunstore.com\/en\/wp-json\/wp\/v2\/product"}],"about":[{"href":"https:\/\/somefunstore.com\/en\/wp-json\/wp\/v2\/types\/product"}],"replies":[{"embeddable":true,"href":"https:\/\/somefunstore.com\/en\/wp-json\/wp\/v2\/comments?post=21878"}],"wp:featuredmedia":[{"embeddable":true,"href":"https:\/\/somefunstore.com\/en\/wp-json\/wp\/v2\/media\/21879"}],"wp:attachment":[{"href":"https:\/\/somefunstore.com\/en\/wp-json\/wp\/v2\/media?parent=21878"}],"wp:term":[{"taxonomy":"product_brand","embeddable":true,"href":"https:\/\/somefunstore.com\/en\/wp-json\/wp\/v2\/product_brand?post=21878"},{"taxonomy":"product_cat","embeddable":true,"href":"https:\/\/somefunstore.com\/en\/wp-json\/wp\/v2\/product_cat?post=21878"},{"taxonomy":"product_tag","embeddable":true,"href":"https:\/\/somefunstore.com\/en\/wp-json\/wp\/v2\/product_tag?post=21878"}],"curies":[{"name":"wp","href":"https:\/\/api.w.org\/{rel}","templated":true}]}}