{"id":21880,"date":"2026-03-18T12:31:05","date_gmt":"2026-03-18T12:31:05","guid":{"rendered":"https:\/\/somefunstore.com\/?post_type=product&#038;p=21880"},"modified":"2026-04-13T13:54:25","modified_gmt":"2026-04-13T13:54:25","slug":"pinata-gateau-danniversaire","status":"publish","type":"product","link":"https:\/\/somefunstore.com\/en\/shop\/themes-occasions\/anniversaires\/par-themes\/ballerine-par-themes\/pinata-gateau-danniversaire\/","title":{"rendered":"Pinata g\u00e2teau d&rsquo;anniversaire"},"content":{"rendered":"","protected":false},"excerpt":{"rendered":"<p>Cette pinata en forme de g\u00e2teau d\u2019anniversaire est \u00e0 la fois une superbe d\u00e9coration et un jeu incontournable pour amuser tous vos invit\u00e9s ! Avec ses franges en papier et ses bougies orn\u00e9es de dorure brillante, elle apporte une touche spectaculaire et festive \u00e0 votre f\u00eate<\/p>\n<ul data-start=\"70\" data-end=\"376\">\n<li data-section-id=\"18srk3i\" data-start=\"70\" data-end=\"128\">\n<p data-start=\"72\" data-end=\"128\">Franges en papier de soie : rose p\u00eache, bleu et menthe<\/p>\n<\/li>\n<li data-section-id=\"1h2k45f\" data-start=\"129\" data-end=\"191\">\n<p data-start=\"131\" data-end=\"191\">Bougies en pailles ray\u00e9es avec flammes en dorure brillante<\/p>\n<\/li>\n<li data-section-id=\"1o030l4\" data-start=\"192\" data-end=\"239\">\n<p data-start=\"194\" data-end=\"239\">Rubans \u00e0 tirer : bleu, rose, menthe et dor\u00e9<\/p>\n<\/li>\n<li data-section-id=\"haqnfx\" data-start=\"240\" data-end=\"292\">\n<p data-start=\"242\" data-end=\"292\">\u00c0 assembler et \u00e0 remplir de bonbons et surprises<\/p>\n<\/li>\n<li data-section-id=\"b0dfou\" data-start=\"293\" data-end=\"334\">\n<p data-start=\"295\" data-end=\"334\">Assemblage simple \u00e0 r\u00e9aliser soi-m\u00eame<\/p>\n<\/li>\n<li data-section-id=\"19hxapl\" data-start=\"335\" data-end=\"376\">\n<p data-start=\"337\" data-end=\"376\">Dimensions : 40,64 x 35,56 x 17,78 cm<\/p>\n<\/li>\n<\/ul>\n<p data-start=\"378\" data-end=\"403\" data-is-last-node=\"\" data-is-only-node=\"\"><strong data-start=\"378\" data-end=\"396\">Code produit :<\/strong> 223065<\/p>","protected":false},"featured_media":21881,"comment_status":"open","ping_status":"closed","template":"","meta":[],"product_brand":[],"product_cat":[283,292,264,295],"product_tag":[],"class_list":{"0":"post-21880","1":"product","2":"type-product","3":"status-publish","4":"has-post-thumbnail","6":"product_cat-ballerine-par-themes","7":"product_cat-licornes","8":"product_cat-pinatas","9":"product_cat-roller","11":"first","12":"instock","13":"virtual","14":"purchasable","15":"product-type-simple"},"_links":{"self":[{"href":"https:\/\/somefunstore.com\/en\/wp-json\/wp\/v2\/product\/21880","targetHints":{"allow":["GET"]}}],"collection":[{"href":"https:\/\/somefunstore.com\/en\/wp-json\/wp\/v2\/product"}],"about":[{"href":"https:\/\/somefunstore.com\/en\/wp-json\/wp\/v2\/types\/product"}],"replies":[{"embeddable":true,"href":"https:\/\/somefunstore.com\/en\/wp-json\/wp\/v2\/comments?post=21880"}],"wp:featuredmedia":[{"embeddable":true,"href":"https:\/\/somefunstore.com\/en\/wp-json\/wp\/v2\/media\/21881"}],"wp:attachment":[{"href":"https:\/\/somefunstore.com\/en\/wp-json\/wp\/v2\/media?parent=21880"}],"wp:term":[{"taxonomy":"product_brand","embeddable":true,"href":"https:\/\/somefunstore.com\/en\/wp-json\/wp\/v2\/product_brand?post=21880"},{"taxonomy":"product_cat","embeddable":true,"href":"https:\/\/somefunstore.com\/en\/wp-json\/wp\/v2\/product_cat?post=21880"},{"taxonomy":"product_tag","embeddable":true,"href":"https:\/\/somefunstore.com\/en\/wp-json\/wp\/v2\/product_tag?post=21880"}],"curies":[{"name":"wp","href":"https:\/\/api.w.org\/{rel}","templated":true}]}}