{"id":21897,"date":"2026-03-18T12:46:19","date_gmt":"2026-03-18T12:46:19","guid":{"rendered":"https:\/\/somefunstore.com\/?post_type=product&#038;p=21897"},"modified":"2026-04-15T13:10:47","modified_gmt":"2026-04-15T13:10:47","slug":"bougies-happy-icons-x6","status":"publish","type":"product","link":"https:\/\/somefunstore.com\/en\/shop\/themes-occasions\/anniversaires\/par-themes\/fleurs\/bougies-happy-icons-x6\/","title":{"rendered":"Bougies happy icons x6"},"content":{"rendered":"","protected":false},"excerpt":{"rendered":"<p>Faites encore plus sourire la star du jour avec ces bougies d\u2019anniversaire ultra joyeuses ! Une fa\u00e7on rapide et fun de d\u00e9corer un g\u00e2teau en quelques secondes. Les pics de diff\u00e9rentes hauteurs permettent de cr\u00e9er un joli effet superpos\u00e9 pour un rendu encore plus festif.<\/p>\n<ul data-start=\"70\" data-end=\"293\">\n<li data-section-id=\"nirnbd\" data-start=\"70\" data-end=\"126\">\n<p data-start=\"72\" data-end=\"126\">Bougies en cire color\u00e9e avec impressions d\u00e9coratives<\/p>\n<\/li>\n<li data-section-id=\"5fi508\" data-start=\"127\" data-end=\"207\">\n<p data-start=\"129\" data-end=\"207\">Pics en bois naturel de diff\u00e9rentes hauteurs : 12,7 cm, 14,61 cm et 17,46 cm<\/p>\n<\/li>\n<li data-section-id=\"139ueys\" data-start=\"208\" data-end=\"251\">\n<p data-start=\"210\" data-end=\"251\">Lot de 6 bougies (6 designs diff\u00e9rents)<\/p>\n<\/li>\n<li data-section-id=\"xdovft\" data-start=\"252\" data-end=\"293\">\n<p data-start=\"254\" data-end=\"293\">Hauteur moyenne (avec pic) : 15,24 cm<\/p>\n<\/li>\n<\/ul>\n<p data-start=\"295\" data-end=\"320\" data-is-last-node=\"\" data-is-only-node=\"\"><strong data-start=\"295\" data-end=\"313\">Code produit :<\/strong> 275459<\/p>","protected":false},"featured_media":21898,"comment_status":"open","ping_status":"closed","template":"","meta":[],"product_brand":[],"product_cat":[276,258,290],"product_tag":[],"class_list":{"0":"post-21897","1":"product","2":"type-product","3":"status-publish","4":"has-post-thumbnail","6":"product_cat-baby-shower","7":"product_cat-bougies","8":"product_cat-fleurs","10":"first","11":"instock","12":"virtual","13":"purchasable","14":"product-type-simple"},"_links":{"self":[{"href":"https:\/\/somefunstore.com\/en\/wp-json\/wp\/v2\/product\/21897","targetHints":{"allow":["GET"]}}],"collection":[{"href":"https:\/\/somefunstore.com\/en\/wp-json\/wp\/v2\/product"}],"about":[{"href":"https:\/\/somefunstore.com\/en\/wp-json\/wp\/v2\/types\/product"}],"replies":[{"embeddable":true,"href":"https:\/\/somefunstore.com\/en\/wp-json\/wp\/v2\/comments?post=21897"}],"wp:featuredmedia":[{"embeddable":true,"href":"https:\/\/somefunstore.com\/en\/wp-json\/wp\/v2\/media\/21898"}],"wp:attachment":[{"href":"https:\/\/somefunstore.com\/en\/wp-json\/wp\/v2\/media?parent=21897"}],"wp:term":[{"taxonomy":"product_brand","embeddable":true,"href":"https:\/\/somefunstore.com\/en\/wp-json\/wp\/v2\/product_brand?post=21897"},{"taxonomy":"product_cat","embeddable":true,"href":"https:\/\/somefunstore.com\/en\/wp-json\/wp\/v2\/product_cat?post=21897"},{"taxonomy":"product_tag","embeddable":true,"href":"https:\/\/somefunstore.com\/en\/wp-json\/wp\/v2\/product_tag?post=21897"}],"curies":[{"name":"wp","href":"https:\/\/api.w.org\/{rel}","templated":true}]}}