{"id":21902,"date":"2026-03-18T12:51:36","date_gmt":"2026-03-18T12:51:36","guid":{"rendered":"https:\/\/somefunstore.com\/?post_type=product&#038;p=21902"},"modified":"2026-04-21T16:33:22","modified_gmt":"2026-04-21T16:33:22","slug":"bougies-etoilees-roses-x16","status":"publish","type":"product","link":"https:\/\/somefunstore.com\/en\/shop\/themes-occasions\/anniversaires\/par-personnage\/peppa-pig\/bougies-etoilees-roses-x16\/","title":{"rendered":"Bougies \u00e9toil\u00e9es roses x16"},"content":{"rendered":"","protected":false},"excerpt":{"rendered":"<p>Envie d\u2019un effet \u201cwaouh\u201d sur vos g\u00e2teaux ou grands cupcakes ? Ajoutez une bougie fun ! Ces jolies bougies roses, avec leurs diff\u00e9rentes nuances et leurs \u00e9toiles d\u00e9coratives, feront briller les yeux de tous vos invit\u00e9s comme de v\u00e9ritables stars.<\/p>\n<ul data-start=\"70\" data-end=\"215\">\n<li data-section-id=\"rruuxw\" data-start=\"70\" data-end=\"118\">\n<p data-start=\"72\" data-end=\"118\">Bougies en cire d\u00e9clin\u00e9es en nuances de rose<\/p>\n<\/li>\n<li data-section-id=\"ddxra3\" data-start=\"119\" data-end=\"146\">\n<p data-start=\"121\" data-end=\"146\">Motifs \u00e9toiles imprim\u00e9s<\/p>\n<\/li>\n<li data-section-id=\"1ct0zqj\" data-start=\"147\" data-end=\"180\">\n<p data-start=\"149\" data-end=\"180\">Lot de 16 bougies (4 coloris)<\/p>\n<\/li>\n<li data-section-id=\"p3r1ka\" data-start=\"181\" data-end=\"215\">\n<p data-start=\"183\" data-end=\"215\">Hauteur des bougies : 14,61 cm<\/p>\n<\/li>\n<\/ul>\n<p data-start=\"217\" data-end=\"242\" data-is-last-node=\"\" data-is-only-node=\"\"><strong data-start=\"217\" data-end=\"235\">Code produit :<\/strong> 276548<\/p>","protected":false},"featured_media":21903,"comment_status":"open","ping_status":"closed","template":"","meta":[],"product_brand":[],"product_cat":[258,301,294],"product_tag":[],"class_list":{"0":"post-21902","1":"product","2":"type-product","3":"status-publish","4":"has-post-thumbnail","6":"product_cat-bougies","7":"product_cat-peppa-pig","8":"product_cat-princesse","10":"first","11":"instock","12":"virtual","13":"purchasable","14":"product-type-simple"},"_links":{"self":[{"href":"https:\/\/somefunstore.com\/en\/wp-json\/wp\/v2\/product\/21902","targetHints":{"allow":["GET"]}}],"collection":[{"href":"https:\/\/somefunstore.com\/en\/wp-json\/wp\/v2\/product"}],"about":[{"href":"https:\/\/somefunstore.com\/en\/wp-json\/wp\/v2\/types\/product"}],"replies":[{"embeddable":true,"href":"https:\/\/somefunstore.com\/en\/wp-json\/wp\/v2\/comments?post=21902"}],"wp:featuredmedia":[{"embeddable":true,"href":"https:\/\/somefunstore.com\/en\/wp-json\/wp\/v2\/media\/21903"}],"wp:attachment":[{"href":"https:\/\/somefunstore.com\/en\/wp-json\/wp\/v2\/media?parent=21902"}],"wp:term":[{"taxonomy":"product_brand","embeddable":true,"href":"https:\/\/somefunstore.com\/en\/wp-json\/wp\/v2\/product_brand?post=21902"},{"taxonomy":"product_cat","embeddable":true,"href":"https:\/\/somefunstore.com\/en\/wp-json\/wp\/v2\/product_cat?post=21902"},{"taxonomy":"product_tag","embeddable":true,"href":"https:\/\/somefunstore.com\/en\/wp-json\/wp\/v2\/product_tag?post=21902"}],"curies":[{"name":"wp","href":"https:\/\/api.w.org\/{rel}","templated":true}]}}