{"id":21905,"date":"2026-03-18T12:54:28","date_gmt":"2026-03-18T12:54:28","guid":{"rendered":"https:\/\/somefunstore.com\/?post_type=product&#038;p=21905"},"modified":"2026-03-18T12:54:28","modified_gmt":"2026-03-18T12:54:28","slug":"bougies-happy-birthday-x2","status":"publish","type":"product","link":"https:\/\/somefunstore.com\/en\/shop\/le-store\/la-decoration\/bougies\/bougies-happy-birthday-x2\/","title":{"rendered":"Bougies Happy birthday x2"},"content":{"rendered":"","protected":false},"excerpt":{"rendered":"<p>Apportez instantan\u00e9ment couleur et bonne humeur \u00e0 vos g\u00e2teaux d\u2019anniversaire avec ce set de bougies multicolores ! Il forme les mots magiques que tous les enfants adorent voir \u2014 \u201cHappy Birthday\u201d. Il suffit de les ins\u00e9rer dans le g\u00e2teau gr\u00e2ce aux pics en bois pour un effet aussi simple que spectaculaire.<\/p>\n<ul data-start=\"70\" data-end=\"296\">\n<li data-section-id=\"orrq0r\" data-start=\"70\" data-end=\"132\">\n<p data-start=\"72\" data-end=\"132\">Set de 2 bougies : une avec \u201cHappy\u201d et une avec \u201cBirthday\u201d<\/p>\n<\/li>\n<li data-section-id=\"17vww1n\" data-start=\"133\" data-end=\"177\">\n<p data-start=\"135\" data-end=\"177\">Motifs color\u00e9s imprim\u00e9s sur cire blanche<\/p>\n<\/li>\n<li data-section-id=\"1hj23b0\" data-start=\"178\" data-end=\"222\">\n<p data-start=\"180\" data-end=\"222\">Pics en bois pour une utilisation facile<\/p>\n<\/li>\n<li data-section-id=\"1kkwrvi\" data-start=\"223\" data-end=\"255\">\n<p data-start=\"225\" data-end=\"255\">Lot de 2 bougies (2 designs)<\/p>\n<\/li>\n<li data-section-id=\"14j0w1e\" data-start=\"256\" data-end=\"296\">\n<p data-start=\"258\" data-end=\"296\">Hauteur moyenne (avec pic) : 8,89 cm<\/p>\n<\/li>\n<\/ul>\n<p data-start=\"298\" data-end=\"323\" data-is-last-node=\"\" data-is-only-node=\"\"><strong data-start=\"298\" data-end=\"316\">Code produit :<\/strong> 284874<\/p>","protected":false},"featured_media":21906,"comment_status":"open","ping_status":"closed","template":"","meta":[],"product_brand":[],"product_cat":[258],"product_tag":[],"class_list":{"0":"post-21905","1":"product","2":"type-product","3":"status-publish","4":"has-post-thumbnail","6":"product_cat-bougies","8":"first","9":"instock","10":"virtual","11":"purchasable","12":"product-type-simple"},"_links":{"self":[{"href":"https:\/\/somefunstore.com\/en\/wp-json\/wp\/v2\/product\/21905","targetHints":{"allow":["GET"]}}],"collection":[{"href":"https:\/\/somefunstore.com\/en\/wp-json\/wp\/v2\/product"}],"about":[{"href":"https:\/\/somefunstore.com\/en\/wp-json\/wp\/v2\/types\/product"}],"replies":[{"embeddable":true,"href":"https:\/\/somefunstore.com\/en\/wp-json\/wp\/v2\/comments?post=21905"}],"wp:featuredmedia":[{"embeddable":true,"href":"https:\/\/somefunstore.com\/en\/wp-json\/wp\/v2\/media\/21906"}],"wp:attachment":[{"href":"https:\/\/somefunstore.com\/en\/wp-json\/wp\/v2\/media?parent=21905"}],"wp:term":[{"taxonomy":"product_brand","embeddable":true,"href":"https:\/\/somefunstore.com\/en\/wp-json\/wp\/v2\/product_brand?post=21905"},{"taxonomy":"product_cat","embeddable":true,"href":"https:\/\/somefunstore.com\/en\/wp-json\/wp\/v2\/product_cat?post=21905"},{"taxonomy":"product_tag","embeddable":true,"href":"https:\/\/somefunstore.com\/en\/wp-json\/wp\/v2\/product_tag?post=21905"}],"curies":[{"name":"wp","href":"https:\/\/api.w.org\/{rel}","templated":true}]}}