{"id":21913,"date":"2026-03-18T13:00:59","date_gmt":"2026-03-18T13:00:59","guid":{"rendered":"https:\/\/somefunstore.com\/?post_type=product&#038;p=21913"},"modified":"2026-03-18T13:00:59","modified_gmt":"2026-03-18T13:00:59","slug":"bougies-a-motifs-pastels-x16","status":"publish","type":"product","link":"https:\/\/somefunstore.com\/en\/shop\/le-store\/la-decoration\/bougies\/bougies-a-motifs-pastels-x16\/","title":{"rendered":"Bougies \u00e0 motifs pastels x16"},"content":{"rendered":"","protected":false},"excerpt":{"rendered":"<p>Apportez une jolie palette de couleurs pastel \u00e0 vos g\u00e2teaux de f\u00eate avec ce superbe set de bougies. Utilisez les 6 coloris pour cr\u00e9er un centre de table spectaculaire, ou m\u00e9langez-les pour plusieurs occasions. Id\u00e9al pour un anniversaire ou une baby shower.<\/p>\n<ul data-start=\"70\" data-end=\"241\">\n<li data-section-id=\"19xo44y\" data-start=\"70\" data-end=\"118\">\n<p data-start=\"72\" data-end=\"118\">Bougies en cire blanche avec motifs imprim\u00e9s<\/p>\n<\/li>\n<li data-section-id=\"1ii8xhn\" data-start=\"119\" data-end=\"161\">\n<p data-start=\"121\" data-end=\"161\">6 coloris pastel d\u00e9clin\u00e9s en 8 designs<\/p>\n<\/li>\n<li data-section-id=\"2sfl17\" data-start=\"162\" data-end=\"206\">\n<p data-start=\"164\" data-end=\"206\">Lot de 16 bougies (8 designs diff\u00e9rents)<\/p>\n<\/li>\n<li data-section-id=\"p3r1ka\" data-start=\"207\" data-end=\"241\">\n<p data-start=\"209\" data-end=\"241\">Hauteur des bougies : 14,61 cm<\/p>\n<\/li>\n<\/ul>\n<p data-start=\"243\" data-end=\"268\" data-is-last-node=\"\" data-is-only-node=\"\"><strong data-start=\"243\" data-end=\"261\">Code produit :<\/strong> 288330<\/p>","protected":false},"featured_media":21914,"comment_status":"open","ping_status":"closed","template":"","meta":[],"product_brand":[],"product_cat":[258],"product_tag":[],"class_list":{"0":"post-21913","1":"product","2":"type-product","3":"status-publish","4":"has-post-thumbnail","6":"product_cat-bougies","8":"first","9":"instock","10":"virtual","11":"purchasable","12":"product-type-simple"},"_links":{"self":[{"href":"https:\/\/somefunstore.com\/en\/wp-json\/wp\/v2\/product\/21913","targetHints":{"allow":["GET"]}}],"collection":[{"href":"https:\/\/somefunstore.com\/en\/wp-json\/wp\/v2\/product"}],"about":[{"href":"https:\/\/somefunstore.com\/en\/wp-json\/wp\/v2\/types\/product"}],"replies":[{"embeddable":true,"href":"https:\/\/somefunstore.com\/en\/wp-json\/wp\/v2\/comments?post=21913"}],"wp:featuredmedia":[{"embeddable":true,"href":"https:\/\/somefunstore.com\/en\/wp-json\/wp\/v2\/media\/21914"}],"wp:attachment":[{"href":"https:\/\/somefunstore.com\/en\/wp-json\/wp\/v2\/media?parent=21913"}],"wp:term":[{"taxonomy":"product_brand","embeddable":true,"href":"https:\/\/somefunstore.com\/en\/wp-json\/wp\/v2\/product_brand?post=21913"},{"taxonomy":"product_cat","embeddable":true,"href":"https:\/\/somefunstore.com\/en\/wp-json\/wp\/v2\/product_cat?post=21913"},{"taxonomy":"product_tag","embeddable":true,"href":"https:\/\/somefunstore.com\/en\/wp-json\/wp\/v2\/product_tag?post=21913"}],"curies":[{"name":"wp","href":"https:\/\/api.w.org\/{rel}","templated":true}]}}