{"id":21920,"date":"2026-03-18T13:08:22","date_gmt":"2026-03-18T13:08:22","guid":{"rendered":"https:\/\/somefunstore.com\/?post_type=product&#038;p=21920"},"modified":"2026-03-18T13:10:10","modified_gmt":"2026-03-18T13:10:10","slug":"bougie-coeur-rose","status":"publish","type":"product","link":"https:\/\/somefunstore.com\/en\/shop\/themes-occasions\/anniversaires\/par-themes\/coeurs\/bougie-coeur-rose\/","title":{"rendered":"Bougie c\u0153ur rose"},"content":{"rendered":"","protected":false},"excerpt":{"rendered":"<p>Apportez une touche d\u2019amour et de douceur \u00e0 vos g\u00e2teaux avec cette jolie bougie en forme de c\u0153ur. Avec sa teinte rose d\u00e9licate et son design minimaliste, elle est parfaite pour un anniversaire, une baby shower, une f\u00eate romantique ou toute occasion pleine de tendresse.<\/p>\n<ul data-start=\"70\" data-end=\"207\">\n<li data-section-id=\"1mm0sy7\" data-start=\"70\" data-end=\"112\">\n<p data-start=\"72\" data-end=\"112\">Bougie en cire en forme de coeur rose<\/p>\n<\/li>\n<li data-section-id=\"1t6k0aj\" data-start=\"162\" data-end=\"207\">\n<p data-start=\"164\" data-end=\"207\">Hauteur de la bougie (avec pic) : 12,7 cm<\/p>\n<\/li>\n<\/ul>\n<p data-start=\"209\" data-end=\"234\" data-is-last-node=\"\" data-is-only-node=\"\"><strong data-start=\"209\" data-end=\"227\">Code produit :<\/strong> 289635<\/p>","protected":false},"featured_media":21921,"comment_status":"open","ping_status":"closed","template":"","meta":[],"product_brand":[],"product_cat":[258,285],"product_tag":[],"class_list":{"0":"post-21920","1":"product","2":"type-product","3":"status-publish","4":"has-post-thumbnail","6":"product_cat-bougies","7":"product_cat-coeurs","9":"first","10":"instock","11":"virtual","12":"purchasable","13":"product-type-simple"},"_links":{"self":[{"href":"https:\/\/somefunstore.com\/en\/wp-json\/wp\/v2\/product\/21920","targetHints":{"allow":["GET"]}}],"collection":[{"href":"https:\/\/somefunstore.com\/en\/wp-json\/wp\/v2\/product"}],"about":[{"href":"https:\/\/somefunstore.com\/en\/wp-json\/wp\/v2\/types\/product"}],"replies":[{"embeddable":true,"href":"https:\/\/somefunstore.com\/en\/wp-json\/wp\/v2\/comments?post=21920"}],"wp:featuredmedia":[{"embeddable":true,"href":"https:\/\/somefunstore.com\/en\/wp-json\/wp\/v2\/media\/21921"}],"wp:attachment":[{"href":"https:\/\/somefunstore.com\/en\/wp-json\/wp\/v2\/media?parent=21920"}],"wp:term":[{"taxonomy":"product_brand","embeddable":true,"href":"https:\/\/somefunstore.com\/en\/wp-json\/wp\/v2\/product_brand?post=21920"},{"taxonomy":"product_cat","embeddable":true,"href":"https:\/\/somefunstore.com\/en\/wp-json\/wp\/v2\/product_cat?post=21920"},{"taxonomy":"product_tag","embeddable":true,"href":"https:\/\/somefunstore.com\/en\/wp-json\/wp\/v2\/product_tag?post=21920"}],"curies":[{"name":"wp","href":"https:\/\/api.w.org\/{rel}","templated":true}]}}