{"id":21924,"date":"2026-03-18T13:12:18","date_gmt":"2026-03-18T13:12:18","guid":{"rendered":"https:\/\/somefunstore.com\/?post_type=product&#038;p=21924"},"modified":"2026-03-18T13:12:18","modified_gmt":"2026-03-18T13:12:18","slug":"bougies-dinosaures-x5","status":"publish","type":"product","link":"https:\/\/somefunstore.com\/en\/shop\/themes-occasions\/anniversaires\/par-themes\/dinosaures\/bougies-dinosaures-x5\/","title":{"rendered":"Bougies dinosaures x5"},"content":{"rendered":"","protected":false},"excerpt":{"rendered":"<p>Transformez instantan\u00e9ment votre g\u00e2teau en une incroyable cr\u00e9ation dinosaure avec ces bougies spectaculaires ! Repr\u00e9sentant de joyeux dinosaures color\u00e9s, elles feront forc\u00e9ment sourire le h\u00e9ros du jour et \u00e9merveiller tous les invit\u00e9s.<\/p>\n<ul data-start=\"294\" data-end=\"524\">\n<li data-section-id=\"gnprum\" data-start=\"294\" data-end=\"376\">\n<p data-start=\"296\" data-end=\"376\">Bougies en forme de St\u00e9gosaure, Brachiosaure, T-Rex, Diplodocus et Tric\u00e9ratops<\/p>\n<\/li>\n<li data-section-id=\"dv8pw0\" data-start=\"377\" data-end=\"424\">\n<p data-start=\"379\" data-end=\"424\">B\u00e2tonnets en bois pour une insertion facile<\/p>\n<\/li>\n<li data-section-id=\"1plfwo4\" data-start=\"425\" data-end=\"468\">\n<p data-start=\"427\" data-end=\"468\">Lot de 5 bougies (5 designs diff\u00e9rents)<\/p>\n<\/li>\n<li data-section-id=\"1fi6q5n\" data-start=\"469\" data-end=\"524\">\n<p data-start=\"471\" data-end=\"524\">Dimensions : hauteur moyenne (avec b\u00e2ton) \u2013 8,25 cm<\/p>\n<\/li>\n<\/ul>\n<p data-start=\"526\" data-end=\"553\"><strong data-start=\"526\" data-end=\"551\">Code produit : 267925<\/strong><\/p>","protected":false},"featured_media":21925,"comment_status":"open","ping_status":"closed","template":"","meta":[],"product_brand":[],"product_cat":[258,287],"product_tag":[],"class_list":{"0":"post-21924","1":"product","2":"type-product","3":"status-publish","4":"has-post-thumbnail","6":"product_cat-bougies","7":"product_cat-dinosaures","9":"first","10":"instock","11":"virtual","12":"purchasable","13":"product-type-simple"},"_links":{"self":[{"href":"https:\/\/somefunstore.com\/en\/wp-json\/wp\/v2\/product\/21924","targetHints":{"allow":["GET"]}}],"collection":[{"href":"https:\/\/somefunstore.com\/en\/wp-json\/wp\/v2\/product"}],"about":[{"href":"https:\/\/somefunstore.com\/en\/wp-json\/wp\/v2\/types\/product"}],"replies":[{"embeddable":true,"href":"https:\/\/somefunstore.com\/en\/wp-json\/wp\/v2\/comments?post=21924"}],"wp:featuredmedia":[{"embeddable":true,"href":"https:\/\/somefunstore.com\/en\/wp-json\/wp\/v2\/media\/21925"}],"wp:attachment":[{"href":"https:\/\/somefunstore.com\/en\/wp-json\/wp\/v2\/media?parent=21924"}],"wp:term":[{"taxonomy":"product_brand","embeddable":true,"href":"https:\/\/somefunstore.com\/en\/wp-json\/wp\/v2\/product_brand?post=21924"},{"taxonomy":"product_cat","embeddable":true,"href":"https:\/\/somefunstore.com\/en\/wp-json\/wp\/v2\/product_cat?post=21924"},{"taxonomy":"product_tag","embeddable":true,"href":"https:\/\/somefunstore.com\/en\/wp-json\/wp\/v2\/product_tag?post=21924"}],"curies":[{"name":"wp","href":"https:\/\/api.w.org\/{rel}","templated":true}]}}