{"id":21930,"date":"2026-03-18T13:23:16","date_gmt":"2026-03-18T13:23:16","guid":{"rendered":"https:\/\/somefunstore.com\/?post_type=product&#038;p=21930"},"modified":"2026-03-18T13:23:16","modified_gmt":"2026-03-18T13:23:16","slug":"grandes-assiettes-unies-roses-x8","status":"publish","type":"product","link":"https:\/\/somefunstore.com\/en\/shop\/le-store\/la-table\/assiettes\/grandes-assiettes-unies-roses-x8\/","title":{"rendered":"Grandes assiettes unies roses x8"},"content":{"rendered":"","protected":false},"excerpt":{"rendered":"<p data-start=\"64\" data-end=\"439\">Ces belles assiettes sont\u00a0 inspir\u00e9es de la c\u00e9ramique et de la porcelaine. Leur douce teinte rose et leur bord d\u00e9coratif apportent une touche sophistiqu\u00e9e \u00e0 toutes vos tables, parfaites pour une bridal shower, une baby shower, une f\u00eate princesse, f\u00e9erique ou licorne.<\/p>\n<ul data-start=\"441\" data-end=\"721\">\n<li data-section-id=\"1gt7myh\" data-start=\"441\" data-end=\"558\">\n<p data-start=\"443\" data-end=\"558\">Assiettes moul\u00e9es compostables, fabriqu\u00e9es \u00e0 partir de bambou, de pulpe de canne \u00e0 sucre et d\u2019encres \u00e0 base d\u2019eau<\/p>\n<\/li>\n<li data-section-id=\"1f8mp94\" data-start=\"559\" data-end=\"657\">\n<p data-start=\"561\" data-end=\"657\"><em data-start=\"561\" data-end=\"655\">Certifi\u00e9es compostables en installation industrielle par le Biodegradable Products Institute<\/em><\/p>\n<\/li>\n<li data-section-id=\"1yw396l\" data-start=\"658\" data-end=\"680\">\n<p data-start=\"660\" data-end=\"680\">Lot de 8 assiettes<\/p>\n<\/li>\n<li data-section-id=\"yq1dz\" data-start=\"681\" data-end=\"721\">\n<p data-start=\"683\" data-end=\"721\">Dimensions : 28,26 x 28,26 x 1,27 cm<\/p>\n<\/li>\n<\/ul>\n<p data-start=\"723\" data-end=\"748\" data-is-last-node=\"\" data-is-only-node=\"\">Code produit : 288114<\/p>","protected":false},"featured_media":21931,"comment_status":"open","ping_status":"closed","template":"","meta":[],"product_brand":[],"product_cat":[248,276,277,321,278],"product_tag":[],"class_list":{"0":"post-21930","1":"product","2":"type-product","3":"status-publish","4":"has-post-thumbnail","6":"product_cat-assiettes","7":"product_cat-baby-shower","8":"product_cat-bachelorette","9":"product_cat-bapteme","10":"product_cat-gender-reveal","12":"first","13":"instock","14":"virtual","15":"purchasable","16":"product-type-simple"},"_links":{"self":[{"href":"https:\/\/somefunstore.com\/en\/wp-json\/wp\/v2\/product\/21930","targetHints":{"allow":["GET"]}}],"collection":[{"href":"https:\/\/somefunstore.com\/en\/wp-json\/wp\/v2\/product"}],"about":[{"href":"https:\/\/somefunstore.com\/en\/wp-json\/wp\/v2\/types\/product"}],"replies":[{"embeddable":true,"href":"https:\/\/somefunstore.com\/en\/wp-json\/wp\/v2\/comments?post=21930"}],"wp:featuredmedia":[{"embeddable":true,"href":"https:\/\/somefunstore.com\/en\/wp-json\/wp\/v2\/media\/21931"}],"wp:attachment":[{"href":"https:\/\/somefunstore.com\/en\/wp-json\/wp\/v2\/media?parent=21930"}],"wp:term":[{"taxonomy":"product_brand","embeddable":true,"href":"https:\/\/somefunstore.com\/en\/wp-json\/wp\/v2\/product_brand?post=21930"},{"taxonomy":"product_cat","embeddable":true,"href":"https:\/\/somefunstore.com\/en\/wp-json\/wp\/v2\/product_cat?post=21930"},{"taxonomy":"product_tag","embeddable":true,"href":"https:\/\/somefunstore.com\/en\/wp-json\/wp\/v2\/product_tag?post=21930"}],"curies":[{"name":"wp","href":"https:\/\/api.w.org\/{rel}","templated":true}]}}