{"id":21970,"date":"2026-03-19T09:06:14","date_gmt":"2026-03-19T09:06:14","guid":{"rendered":"https:\/\/somefunstore.com\/?post_type=product&#038;p=21970"},"modified":"2026-03-19T09:06:14","modified_gmt":"2026-03-19T09:06:14","slug":"boite-a-bonbons-dinosaures-x10","status":"publish","type":"product","link":"https:\/\/somefunstore.com\/en\/shop\/themes-occasions\/anniversaires\/par-themes\/dinosaures\/boite-a-bonbons-dinosaures-x10\/","title":{"rendered":"Boite \u00e0 bonbons dinosaures x10"},"content":{"rendered":"","protected":false},"excerpt":{"rendered":"<p data-start=\"44\" data-end=\"332\">Craquez pour cette adorable petite bo\u00eete en forme de dinosaure, parfaite pour ajouter une touche fun et originale \u00e0 vos f\u00eates ! Id\u00e9ale pour y glisser des surprises, bonbons ou petits cadeaux, elle fera sensation aupr\u00e8s des enfants lors d\u2019un anniversaire ou d\u2019une f\u00eate \u00e0 th\u00e8me.<\/p>\n<ul data-start=\"334\" data-end=\"502\">\n<li data-section-id=\"1jhtjzq\" data-start=\"334\" data-end=\"372\">\n<p data-start=\"336\" data-end=\"372\">Design dinosaure ludique et color\u00e9<\/p>\n<\/li>\n<li data-section-id=\"18agv98\" data-start=\"373\" data-end=\"418\">\n<p data-start=\"375\" data-end=\"418\">Poign\u00e9e int\u00e9gr\u00e9e pour un transport facile<\/p>\n<\/li>\n<li data-section-id=\"dob5kf\" data-start=\"419\" data-end=\"470\">\n<p data-start=\"421\" data-end=\"470\">Parfaite pour les cadeaux invit\u00e9s ou friandises<\/p>\n<\/li>\n<li data-section-id=\"g39u2c\" data-start=\"472\" data-end=\"502\">\n<p data-start=\"474\" data-end=\"502\">Dimensions : 16 x 8 x 4 cm<\/p>\n<\/li>\n<\/ul>","protected":false},"featured_media":21971,"comment_status":"open","ping_status":"closed","template":"","meta":[],"product_brand":[],"product_cat":[287],"product_tag":[],"class_list":{"0":"post-21970","1":"product","2":"type-product","3":"status-publish","4":"has-post-thumbnail","6":"product_cat-dinosaures","8":"first","9":"instock","10":"virtual","11":"purchasable","12":"product-type-simple"},"_links":{"self":[{"href":"https:\/\/somefunstore.com\/en\/wp-json\/wp\/v2\/product\/21970","targetHints":{"allow":["GET"]}}],"collection":[{"href":"https:\/\/somefunstore.com\/en\/wp-json\/wp\/v2\/product"}],"about":[{"href":"https:\/\/somefunstore.com\/en\/wp-json\/wp\/v2\/types\/product"}],"replies":[{"embeddable":true,"href":"https:\/\/somefunstore.com\/en\/wp-json\/wp\/v2\/comments?post=21970"}],"wp:featuredmedia":[{"embeddable":true,"href":"https:\/\/somefunstore.com\/en\/wp-json\/wp\/v2\/media\/21971"}],"wp:attachment":[{"href":"https:\/\/somefunstore.com\/en\/wp-json\/wp\/v2\/media?parent=21970"}],"wp:term":[{"taxonomy":"product_brand","embeddable":true,"href":"https:\/\/somefunstore.com\/en\/wp-json\/wp\/v2\/product_brand?post=21970"},{"taxonomy":"product_cat","embeddable":true,"href":"https:\/\/somefunstore.com\/en\/wp-json\/wp\/v2\/product_cat?post=21970"},{"taxonomy":"product_tag","embeddable":true,"href":"https:\/\/somefunstore.com\/en\/wp-json\/wp\/v2\/product_tag?post=21970"}],"curies":[{"name":"wp","href":"https:\/\/api.w.org\/{rel}","templated":true}]}}