{"id":21974,"date":"2026-03-19T09:10:08","date_gmt":"2026-03-19T09:10:08","guid":{"rendered":"https:\/\/somefunstore.com\/?post_type=product&#038;p=21974"},"modified":"2026-03-19T09:10:08","modified_gmt":"2026-03-19T09:10:08","slug":"presentoir-dinosaure","status":"publish","type":"product","link":"https:\/\/somefunstore.com\/en\/shop\/themes-occasions\/anniversaires\/par-themes\/dinosaures\/presentoir-dinosaure\/","title":{"rendered":"Pr\u00e9sentoir dinosaure"},"content":{"rendered":"","protected":false},"excerpt":{"rendered":"<p data-start=\"44\" data-end=\"392\">Cr\u00e9ez un effet \u201cwahou\u201d sur votre table avec ce magnifique pr\u00e9sentoir dinosaure ! Avec son design spectaculaire et ses motifs jungle, il transforme instantan\u00e9ment vos g\u00e2teaux, cupcakes ou snacks en v\u00e9ritable d\u00e9cor d\u2019aventure. Parfait pour un anniversaire sur le th\u00e8me des dinosaures, il fera sensation aupr\u00e8s des petits comme des grands.<\/p>\n<ul data-start=\"394\" data-end=\"601\">\n<li data-section-id=\"1xpt791\" data-start=\"394\" data-end=\"446\">\n<p data-start=\"396\" data-end=\"446\">Pr\u00e9sentoir \u00e0 \u00e9tages au design dinosaure original<\/p>\n<\/li>\n<li data-section-id=\"15abppe\" data-start=\"447\" data-end=\"492\">\n<p data-start=\"449\" data-end=\"492\">Motifs jungle pour une ambiance immersive<\/p>\n<\/li>\n<li data-section-id=\"1olu6ee\" data-start=\"493\" data-end=\"542\">\n<p data-start=\"495\" data-end=\"542\">Id\u00e9al pour cupcakes, bonbons et petits snacks<\/p>\n<\/li>\n<li data-section-id=\"u4inpv\" data-start=\"543\" data-end=\"601\">\n<p data-start=\"545\" data-end=\"601\">Parfait pour anniversaires et f\u00eates \u00e0 th\u00e8me dinosaures<\/p>\n<\/li>\n<li data-section-id=\"u4inpv\" data-start=\"543\" data-end=\"601\">Dimensions : 46 x 30 cm<\/li>\n<\/ul>","protected":false},"featured_media":21975,"comment_status":"open","ping_status":"closed","template":"","meta":[],"product_brand":[],"product_cat":[287,255],"product_tag":[],"class_list":{"0":"post-21974","1":"product","2":"type-product","3":"status-publish","4":"has-post-thumbnail","6":"product_cat-dinosaures","7":"product_cat-presentoires","9":"first","10":"instock","11":"virtual","12":"purchasable","13":"product-type-simple"},"_links":{"self":[{"href":"https:\/\/somefunstore.com\/en\/wp-json\/wp\/v2\/product\/21974","targetHints":{"allow":["GET"]}}],"collection":[{"href":"https:\/\/somefunstore.com\/en\/wp-json\/wp\/v2\/product"}],"about":[{"href":"https:\/\/somefunstore.com\/en\/wp-json\/wp\/v2\/types\/product"}],"replies":[{"embeddable":true,"href":"https:\/\/somefunstore.com\/en\/wp-json\/wp\/v2\/comments?post=21974"}],"wp:featuredmedia":[{"embeddable":true,"href":"https:\/\/somefunstore.com\/en\/wp-json\/wp\/v2\/media\/21975"}],"wp:attachment":[{"href":"https:\/\/somefunstore.com\/en\/wp-json\/wp\/v2\/media?parent=21974"}],"wp:term":[{"taxonomy":"product_brand","embeddable":true,"href":"https:\/\/somefunstore.com\/en\/wp-json\/wp\/v2\/product_brand?post=21974"},{"taxonomy":"product_cat","embeddable":true,"href":"https:\/\/somefunstore.com\/en\/wp-json\/wp\/v2\/product_cat?post=21974"},{"taxonomy":"product_tag","embeddable":true,"href":"https:\/\/somefunstore.com\/en\/wp-json\/wp\/v2\/product_tag?post=21974"}],"curies":[{"name":"wp","href":"https:\/\/api.w.org\/{rel}","templated":true}]}}