{"id":21990,"date":"2026-03-19T09:52:22","date_gmt":"2026-03-19T09:52:22","guid":{"rendered":"https:\/\/somefunstore.com\/?post_type=product&#038;p=21990"},"modified":"2026-04-17T09:12:57","modified_gmt":"2026-04-17T09:12:57","slug":"kit-vaisselle-paw-patrol","status":"publish","type":"product","link":"https:\/\/somefunstore.com\/en\/shop\/themes-occasions\/anniversaires\/par-personnage\/paw-patrol\/kit-vaisselle-paw-patrol\/","title":{"rendered":"Kit vaisselle Paw Patrol"},"content":{"rendered":"","protected":false},"excerpt":{"rendered":"<p data-start=\"44\" data-end=\"264\">Organisez une f\u00eate inoubliable avec ce kit de vaisselle Paw Patrol color\u00e9 et ludique. Parfait pour un anniversaire, il r\u00e9unit tout le n\u00e9cessaire pour une table joyeuse et th\u00e9matique qui fera le bonheur des enfants.<\/p>\n<ul data-start=\"266\" data-end=\"519\">\n<li data-section-id=\"1myh6wf\" data-start=\"266\" data-end=\"303\">\n<p data-start=\"268\" data-end=\"303\">Kit de vaisselle th\u00e8me Paw Patrol<\/p>\n<\/li>\n<li data-section-id=\"1a12uut\" data-start=\"304\" data-end=\"350\">\n<p data-start=\"306\" data-end=\"350\">Compos\u00e9 de 10 grandes assiettes , 10 assiettes \u00e0 dessert , 10 gobelets et 20 serviettes<\/p>\n<\/li>\n<li data-section-id=\"tmhal1\" data-start=\"351\" data-end=\"412\">\n<p data-start=\"353\" data-end=\"412\">Designs color\u00e9s avec les personnages pr\u00e9f\u00e9r\u00e9s des enfants<\/p>\n<\/li>\n<li data-section-id=\"7gb6st\" data-start=\"459\" data-end=\"519\">\n<p data-start=\"461\" data-end=\"519\">Pratique et pr\u00eat \u00e0 l\u2019emploi pour une organisation facile<\/p>\n<\/li>\n<\/ul>","protected":false},"featured_media":23993,"comment_status":"open","ping_status":"closed","template":"","meta":[],"product_brand":[],"product_cat":[248,252,240,300,256],"product_tag":[],"class_list":{"0":"post-21990","1":"product","2":"type-product","3":"status-publish","4":"has-post-thumbnail","6":"product_cat-assiettes","7":"product_cat-gobelets","8":"product_cat-kit-vaisselles","9":"product_cat-paw-patrol","10":"product_cat-serviettes","12":"first","13":"instock","14":"virtual","15":"purchasable","16":"product-type-simple"},"_links":{"self":[{"href":"https:\/\/somefunstore.com\/en\/wp-json\/wp\/v2\/product\/21990","targetHints":{"allow":["GET"]}}],"collection":[{"href":"https:\/\/somefunstore.com\/en\/wp-json\/wp\/v2\/product"}],"about":[{"href":"https:\/\/somefunstore.com\/en\/wp-json\/wp\/v2\/types\/product"}],"replies":[{"embeddable":true,"href":"https:\/\/somefunstore.com\/en\/wp-json\/wp\/v2\/comments?post=21990"}],"wp:featuredmedia":[{"embeddable":true,"href":"https:\/\/somefunstore.com\/en\/wp-json\/wp\/v2\/media\/23993"}],"wp:attachment":[{"href":"https:\/\/somefunstore.com\/en\/wp-json\/wp\/v2\/media?parent=21990"}],"wp:term":[{"taxonomy":"product_brand","embeddable":true,"href":"https:\/\/somefunstore.com\/en\/wp-json\/wp\/v2\/product_brand?post=21990"},{"taxonomy":"product_cat","embeddable":true,"href":"https:\/\/somefunstore.com\/en\/wp-json\/wp\/v2\/product_cat?post=21990"},{"taxonomy":"product_tag","embeddable":true,"href":"https:\/\/somefunstore.com\/en\/wp-json\/wp\/v2\/product_tag?post=21990"}],"curies":[{"name":"wp","href":"https:\/\/api.w.org\/{rel}","templated":true}]}}