{"id":21997,"date":"2026-03-19T10:04:56","date_gmt":"2026-03-19T10:04:56","guid":{"rendered":"https:\/\/somefunstore.com\/?post_type=product&#038;p=21997"},"modified":"2026-04-17T09:05:52","modified_gmt":"2026-04-17T09:05:52","slug":"presentoir-paw-patrol","status":"publish","type":"product","link":"https:\/\/somefunstore.com\/en\/shop\/themes-occasions\/anniversaires\/par-personnage\/paw-patrol\/presentoir-paw-patrol\/","title":{"rendered":"Pr\u00e9sentoir Paw Patrol"},"content":{"rendered":"","protected":false},"excerpt":{"rendered":"<p data-start=\"44\" data-end=\"277\">Apportez une touche spectaculaire \u00e0 votre table avec ce pr\u00e9sentoir Paw Patrol \u00e0 \u00e9tages. Parfait pour mettre en valeur cupcakes, bonbons ou snacks, il cr\u00e9e imm\u00e9diatement un d\u00e9cor festif et th\u00e9matique qui ravira tous les enfants.<\/p>\n<ul data-start=\"279\" data-end=\"529\">\n<li data-section-id=\"a3mw2g\" data-start=\"279\" data-end=\"319\">\n<p data-start=\"281\" data-end=\"319\">Pr\u00e9sentoir \u00e0 \u00e9tages th\u00e8me Paw Patrol<\/p>\n<\/li>\n<li data-section-id=\"pxr0dr\" data-start=\"320\" data-end=\"372\">\n<p data-start=\"322\" data-end=\"372\">Id\u00e9al pour cupcakes, friandises et petits snacks<\/p>\n<\/li>\n<li data-section-id=\"12jeg9h\" data-start=\"373\" data-end=\"432\">\n<p data-start=\"375\" data-end=\"432\">Design color\u00e9 avec les personnages pr\u00e9f\u00e9r\u00e9s des enfants<\/p>\n<\/li>\n<li data-section-id=\"1wtsaho\" data-start=\"433\" data-end=\"480\">\n<p data-start=\"435\" data-end=\"480\">Parfait pour anniversaires et f\u00eates \u00e0 th\u00e8me<\/p>\n<\/li>\n<li data-section-id=\"1kierwj\" data-start=\"481\" data-end=\"500\">\n<p data-start=\"483\" data-end=\"500\">Facile \u00e0 monter<\/p>\n<\/li>\n<li data-section-id=\"12cuajm\" data-start=\"502\" data-end=\"529\">\n<p data-start=\"504\" data-end=\"529\">Dimensions : 42 x 30 cm<\/p>\n<\/li>\n<\/ul>","protected":false},"featured_media":23995,"comment_status":"open","ping_status":"closed","template":"","meta":[],"product_brand":[],"product_cat":[300,255],"product_tag":[],"class_list":{"0":"post-21997","1":"product","2":"type-product","3":"status-publish","4":"has-post-thumbnail","6":"product_cat-paw-patrol","7":"product_cat-presentoires","9":"first","10":"instock","11":"virtual","12":"purchasable","13":"product-type-simple"},"_links":{"self":[{"href":"https:\/\/somefunstore.com\/en\/wp-json\/wp\/v2\/product\/21997","targetHints":{"allow":["GET"]}}],"collection":[{"href":"https:\/\/somefunstore.com\/en\/wp-json\/wp\/v2\/product"}],"about":[{"href":"https:\/\/somefunstore.com\/en\/wp-json\/wp\/v2\/types\/product"}],"replies":[{"embeddable":true,"href":"https:\/\/somefunstore.com\/en\/wp-json\/wp\/v2\/comments?post=21997"}],"wp:featuredmedia":[{"embeddable":true,"href":"https:\/\/somefunstore.com\/en\/wp-json\/wp\/v2\/media\/23995"}],"wp:attachment":[{"href":"https:\/\/somefunstore.com\/en\/wp-json\/wp\/v2\/media?parent=21997"}],"wp:term":[{"taxonomy":"product_brand","embeddable":true,"href":"https:\/\/somefunstore.com\/en\/wp-json\/wp\/v2\/product_brand?post=21997"},{"taxonomy":"product_cat","embeddable":true,"href":"https:\/\/somefunstore.com\/en\/wp-json\/wp\/v2\/product_cat?post=21997"},{"taxonomy":"product_tag","embeddable":true,"href":"https:\/\/somefunstore.com\/en\/wp-json\/wp\/v2\/product_tag?post=21997"}],"curies":[{"name":"wp","href":"https:\/\/api.w.org\/{rel}","templated":true}]}}