{"id":21999,"date":"2026-03-19T10:11:19","date_gmt":"2026-03-19T10:11:19","guid":{"rendered":"https:\/\/somefunstore.com\/?post_type=product&#038;p=21999"},"modified":"2026-03-19T10:11:19","modified_gmt":"2026-03-19T10:11:19","slug":"boites-paw-patrol-x10","status":"publish","type":"product","link":"https:\/\/somefunstore.com\/en\/shop\/themes-occasions\/anniversaires\/par-personnage\/paw-patrol\/boites-paw-patrol-x10\/","title":{"rendered":"Boites Paw Patrol x10"},"content":{"rendered":"","protected":false},"excerpt":{"rendered":"<p data-start=\"52\" data-end=\"268\">Offrez des souvenirs inoubliables avec ces jolies bo\u00eetes cadeaux Paw Patrol. Parfaites pour les cadeaux de retour, elles ajoutent une touche fun et color\u00e9e \u00e0 votre d\u00e9coration tout en ravissant les enfants.<\/p>\n<ul data-start=\"270\" data-end=\"536\">\n<li data-section-id=\"xc9ax4\" data-start=\"270\" data-end=\"305\">\n<p data-start=\"272\" data-end=\"305\">Bo\u00eetes cadeaux th\u00e8me Paw Patrol<\/p>\n<\/li>\n<li data-section-id=\"xc9ax4\" data-start=\"270\" data-end=\"305\">Lot de 10 boites<\/li>\n<li data-section-id=\"1439s5i\" data-start=\"306\" data-end=\"358\">\n<p data-start=\"308\" data-end=\"358\">Id\u00e9ales pour bonbons, petits jouets et surprises<\/p>\n<\/li>\n<li data-section-id=\"12jeg9h\" data-start=\"359\" data-end=\"418\">\n<p data-start=\"361\" data-end=\"418\">Design color\u00e9 avec les personnages pr\u00e9f\u00e9r\u00e9s des enfants<\/p>\n<\/li>\n<li data-section-id=\"bu24qd\" data-start=\"469\" data-end=\"506\">\n<p data-start=\"471\" data-end=\"506\">Faciles \u00e0 monter et \u00e0 transporter<\/p>\n<\/li>\n<li data-section-id=\"1gz4lp\" data-start=\"508\" data-end=\"536\">\n<p data-start=\"510\" data-end=\"536\">Dimensions : 18 x 8.5 cm<\/p>\n<\/li>\n<\/ul>","protected":false},"featured_media":22000,"comment_status":"open","ping_status":"closed","template":"","meta":[],"product_brand":[],"product_cat":[300,265],"product_tag":[],"class_list":{"0":"post-21999","1":"product","2":"type-product","3":"status-publish","4":"has-post-thumbnail","6":"product_cat-paw-patrol","7":"product_cat-sacs-cadeaux","9":"first","10":"instock","11":"virtual","12":"purchasable","13":"product-type-simple"},"_links":{"self":[{"href":"https:\/\/somefunstore.com\/en\/wp-json\/wp\/v2\/product\/21999","targetHints":{"allow":["GET"]}}],"collection":[{"href":"https:\/\/somefunstore.com\/en\/wp-json\/wp\/v2\/product"}],"about":[{"href":"https:\/\/somefunstore.com\/en\/wp-json\/wp\/v2\/types\/product"}],"replies":[{"embeddable":true,"href":"https:\/\/somefunstore.com\/en\/wp-json\/wp\/v2\/comments?post=21999"}],"wp:featuredmedia":[{"embeddable":true,"href":"https:\/\/somefunstore.com\/en\/wp-json\/wp\/v2\/media\/22000"}],"wp:attachment":[{"href":"https:\/\/somefunstore.com\/en\/wp-json\/wp\/v2\/media?parent=21999"}],"wp:term":[{"taxonomy":"product_brand","embeddable":true,"href":"https:\/\/somefunstore.com\/en\/wp-json\/wp\/v2\/product_brand?post=21999"},{"taxonomy":"product_cat","embeddable":true,"href":"https:\/\/somefunstore.com\/en\/wp-json\/wp\/v2\/product_cat?post=21999"},{"taxonomy":"product_tag","embeddable":true,"href":"https:\/\/somefunstore.com\/en\/wp-json\/wp\/v2\/product_tag?post=21999"}],"curies":[{"name":"wp","href":"https:\/\/api.w.org\/{rel}","templated":true}]}}