{"id":22011,"date":"2026-03-19T13:48:05","date_gmt":"2026-03-19T13:48:05","guid":{"rendered":"https:\/\/somefunstore.com\/?post_type=product&#038;p=22011"},"modified":"2026-03-23T13:55:03","modified_gmt":"2026-03-23T13:55:03","slug":"stickers-paw-patrol","status":"publish","type":"product","link":"https:\/\/somefunstore.com\/en\/shop\/themes-occasions\/anniversaires\/par-personnage\/paw-patrol\/stickers-paw-patrol\/","title":{"rendered":"Stickers Paw Patrol"},"content":{"rendered":"","protected":false},"excerpt":{"rendered":"<p data-start=\"40\" data-end=\"247\">Ajoutez une touche fun et cr\u00e9ative avec cette planche de stickers Paw Patrol. Parfaits pour d\u00e9corer cahiers, cartes ou objets du quotidien, ces autocollants raviront tous les invit\u00e9s !<\/p>\n<ul data-start=\"249\" data-end=\"520\" data-is-last-node=\"\" data-is-only-node=\"\">\n<li data-section-id=\"x2bzeg\" data-start=\"249\" data-end=\"289\">\n<p data-start=\"251\" data-end=\"289\">Planche de stickers th\u00e8me Paw Patrol<\/p>\n<\/li>\n<li data-section-id=\"1mdx6r1\" data-start=\"290\" data-end=\"340\">\n<p data-start=\"292\" data-end=\"340\">Id\u00e9als pour d\u00e9corer cahiers, carnets et objets<\/p>\n<\/li>\n<li data-section-id=\"2q80hw\" data-start=\"341\" data-end=\"401\">\n<p data-start=\"343\" data-end=\"401\">Designs vari\u00e9s avec les personnages pr\u00e9f\u00e9r\u00e9s des enfants<\/p>\n<\/li>\n<li data-section-id=\"1tf7wd7\" data-start=\"402\" data-end=\"458\">\n<p data-start=\"404\" data-end=\"458\">Parfaits comme petits cadeaux ou activit\u00e9s cr\u00e9atives<\/p>\n<\/li>\n<\/ul>","protected":false},"featured_media":22012,"comment_status":"open","ping_status":"closed","template":"","meta":[],"product_brand":[],"product_cat":[300,268],"product_tag":[],"class_list":{"0":"post-22011","1":"product","2":"type-product","3":"status-publish","4":"has-post-thumbnail","6":"product_cat-paw-patrol","7":"product_cat-petits-cadeaux","9":"first","10":"instock","11":"virtual","12":"purchasable","13":"product-type-simple"},"_links":{"self":[{"href":"https:\/\/somefunstore.com\/en\/wp-json\/wp\/v2\/product\/22011","targetHints":{"allow":["GET"]}}],"collection":[{"href":"https:\/\/somefunstore.com\/en\/wp-json\/wp\/v2\/product"}],"about":[{"href":"https:\/\/somefunstore.com\/en\/wp-json\/wp\/v2\/types\/product"}],"replies":[{"embeddable":true,"href":"https:\/\/somefunstore.com\/en\/wp-json\/wp\/v2\/comments?post=22011"}],"wp:featuredmedia":[{"embeddable":true,"href":"https:\/\/somefunstore.com\/en\/wp-json\/wp\/v2\/media\/22012"}],"wp:attachment":[{"href":"https:\/\/somefunstore.com\/en\/wp-json\/wp\/v2\/media?parent=22011"}],"wp:term":[{"taxonomy":"product_brand","embeddable":true,"href":"https:\/\/somefunstore.com\/en\/wp-json\/wp\/v2\/product_brand?post=22011"},{"taxonomy":"product_cat","embeddable":true,"href":"https:\/\/somefunstore.com\/en\/wp-json\/wp\/v2\/product_cat?post=22011"},{"taxonomy":"product_tag","embeddable":true,"href":"https:\/\/somefunstore.com\/en\/wp-json\/wp\/v2\/product_tag?post=22011"}],"curies":[{"name":"wp","href":"https:\/\/api.w.org\/{rel}","templated":true}]}}