{"id":22149,"date":"2026-03-24T11:31:58","date_gmt":"2026-03-24T11:31:58","guid":{"rendered":"https:\/\/somefunstore.com\/?post_type=product&#038;p=22149"},"modified":"2026-04-17T09:18:19","modified_gmt":"2026-04-17T09:18:19","slug":"jeu-deau-chase-paw-patrol-2","status":"publish","type":"product","link":"https:\/\/somefunstore.com\/en\/shop\/themes-occasions\/anniversaires\/par-personnage\/paw-patrol\/jeu-deau-chase-paw-patrol-2\/","title":{"rendered":"Jeu d&rsquo;eau Chase &#8211; Paw Patrol"},"content":{"rendered":"","protected":false},"excerpt":{"rendered":"<p data-start=\"43\" data-end=\"273\">Offrez un cadeau de retour original avec ce jeu d\u2019eau Paw Patrol. Ludique et amusant, il permet aux enfants de jouer partout tout en s\u2019amusant avec leurs personnages pr\u00e9f\u00e9r\u00e9s. Un petit cadeau id\u00e9al qui fera toujours plaisir.<\/p>\n<ul data-start=\"275\" data-end=\"487\" data-is-last-node=\"\" data-is-only-node=\"\">\n<li data-section-id=\"gzhtc\" data-start=\"275\" data-end=\"305\">Jeu d\u2019eau th\u00e8me Paw Patrol<\/li>\n<li data-section-id=\"1m6yu1w\" data-start=\"306\" data-end=\"351\">Id\u00e9al comme cadeau de retour<\/li>\n<li data-section-id=\"wgan13\" data-start=\"352\" data-end=\"400\">Boutons \u00e0 pression pour d\u00e9placer les anneaux<\/li>\n<li data-section-id=\"1gdmoe6\" data-start=\"401\" data-end=\"430\">Jeu amusant et sans piles<\/li>\n<li data-section-id=\"1iubbir\" data-start=\"431\" data-end=\"460\">Facile \u00e0 emporter partout<\/li>\n<\/ul>","protected":false},"featured_media":23609,"comment_status":"open","ping_status":"closed","template":"","meta":[],"product_brand":[],"product_cat":[300,268],"product_tag":[],"class_list":{"0":"post-22149","1":"product","2":"type-product","3":"status-publish","4":"has-post-thumbnail","6":"product_cat-paw-patrol","7":"product_cat-petits-cadeaux","9":"first","10":"instock","11":"virtual","12":"purchasable","13":"product-type-simple"},"_links":{"self":[{"href":"https:\/\/somefunstore.com\/en\/wp-json\/wp\/v2\/product\/22149","targetHints":{"allow":["GET"]}}],"collection":[{"href":"https:\/\/somefunstore.com\/en\/wp-json\/wp\/v2\/product"}],"about":[{"href":"https:\/\/somefunstore.com\/en\/wp-json\/wp\/v2\/types\/product"}],"replies":[{"embeddable":true,"href":"https:\/\/somefunstore.com\/en\/wp-json\/wp\/v2\/comments?post=22149"}],"wp:featuredmedia":[{"embeddable":true,"href":"https:\/\/somefunstore.com\/en\/wp-json\/wp\/v2\/media\/23609"}],"wp:attachment":[{"href":"https:\/\/somefunstore.com\/en\/wp-json\/wp\/v2\/media?parent=22149"}],"wp:term":[{"taxonomy":"product_brand","embeddable":true,"href":"https:\/\/somefunstore.com\/en\/wp-json\/wp\/v2\/product_brand?post=22149"},{"taxonomy":"product_cat","embeddable":true,"href":"https:\/\/somefunstore.com\/en\/wp-json\/wp\/v2\/product_cat?post=22149"},{"taxonomy":"product_tag","embeddable":true,"href":"https:\/\/somefunstore.com\/en\/wp-json\/wp\/v2\/product_tag?post=22149"}],"curies":[{"name":"wp","href":"https:\/\/api.w.org\/{rel}","templated":true}]}}