{"id":22159,"date":"2026-03-24T12:11:03","date_gmt":"2026-03-24T12:11:03","guid":{"rendered":"https:\/\/somefunstore.com\/?post_type=product&#038;p=22159"},"modified":"2026-04-15T13:40:39","modified_gmt":"2026-04-15T13:40:39","slug":"jeu-deau-licorne","status":"publish","type":"product","link":"https:\/\/somefunstore.com\/en\/shop\/themes-occasions\/anniversaires\/par-themes\/licornes\/jeu-deau-licorne\/","title":{"rendered":"Jeu d&rsquo;eau licorne"},"content":{"rendered":"","protected":false},"excerpt":{"rendered":"<p>Jeu d\u2019eau licorne avec anneaux \u00e0 attraper en appuyant sur les boutons, pour un moment de jeu amusant et sans \u00e9cran. Parfait comme petit cadeau de retour, il s\u00e9duira les enfants avec son design color\u00e9 et ses adorables licornes.<\/p>\n<ul>\n<li data-section-id=\"gzhtc\" data-start=\"275\" data-end=\"305\">Jeu d\u2019eau licorne<\/li>\n<li data-section-id=\"1m6yu1w\" data-start=\"306\" data-end=\"351\">Id\u00e9al comme cadeau de retour<\/li>\n<li data-section-id=\"wgan13\" data-start=\"352\" data-end=\"400\">Boutons \u00e0 pression pour d\u00e9placer les anneaux<\/li>\n<li data-section-id=\"1gdmoe6\" data-start=\"401\" data-end=\"430\">Jeu amusant et sans piles<\/li>\n<li data-section-id=\"1iubbir\" data-start=\"431\" data-end=\"460\">Facile \u00e0 emporter partout<\/li>\n<\/ul>","protected":false},"featured_media":23611,"comment_status":"open","ping_status":"closed","template":"","meta":[],"product_brand":[],"product_cat":[292,268],"product_tag":[],"class_list":{"0":"post-22159","1":"product","2":"type-product","3":"status-publish","4":"has-post-thumbnail","6":"product_cat-licornes","7":"product_cat-petits-cadeaux","9":"first","10":"instock","11":"virtual","12":"purchasable","13":"product-type-simple"},"_links":{"self":[{"href":"https:\/\/somefunstore.com\/en\/wp-json\/wp\/v2\/product\/22159","targetHints":{"allow":["GET"]}}],"collection":[{"href":"https:\/\/somefunstore.com\/en\/wp-json\/wp\/v2\/product"}],"about":[{"href":"https:\/\/somefunstore.com\/en\/wp-json\/wp\/v2\/types\/product"}],"replies":[{"embeddable":true,"href":"https:\/\/somefunstore.com\/en\/wp-json\/wp\/v2\/comments?post=22159"}],"wp:featuredmedia":[{"embeddable":true,"href":"https:\/\/somefunstore.com\/en\/wp-json\/wp\/v2\/media\/23611"}],"wp:attachment":[{"href":"https:\/\/somefunstore.com\/en\/wp-json\/wp\/v2\/media?parent=22159"}],"wp:term":[{"taxonomy":"product_brand","embeddable":true,"href":"https:\/\/somefunstore.com\/en\/wp-json\/wp\/v2\/product_brand?post=22159"},{"taxonomy":"product_cat","embeddable":true,"href":"https:\/\/somefunstore.com\/en\/wp-json\/wp\/v2\/product_cat?post=22159"},{"taxonomy":"product_tag","embeddable":true,"href":"https:\/\/somefunstore.com\/en\/wp-json\/wp\/v2\/product_tag?post=22159"}],"curies":[{"name":"wp","href":"https:\/\/api.w.org\/{rel}","templated":true}]}}