{"id":22177,"date":"2026-03-24T12:39:12","date_gmt":"2026-03-24T12:39:12","guid":{"rendered":"https:\/\/somefunstore.com\/?post_type=product&#038;p=22177"},"modified":"2026-03-24T12:39:12","modified_gmt":"2026-03-24T12:39:12","slug":"stickers-pokemon-x8","status":"publish","type":"product","link":"https:\/\/somefunstore.com\/en\/shop\/themes-occasions\/anniversaires\/par-personnage\/pokemon\/stickers-pokemon-x8\/","title":{"rendered":"Stickers Pok\u00e9mon x8"},"content":{"rendered":"","protected":false},"excerpt":{"rendered":"<p data-start=\"0\" data-end=\"122\">Amusez les enfants avec ces stickers Pok\u00e9mon color\u00e9s, parfaits en cadeaux de retour.<\/p>\n<ul data-start=\"124\" data-end=\"372\" data-is-last-node=\"\" data-is-only-node=\"\">\n<li data-section-id=\"1qx1fch\" data-start=\"124\" data-end=\"157\">Lot de 8 feuilles stickers th\u00e8me Pok\u00e9mon<\/li>\n<li data-section-id=\"12nisa3\" data-start=\"158\" data-end=\"208\">Feuilles avec personnages vari\u00e9s et motifs fun<\/li>\n<li data-section-id=\"1xv4lho\" data-start=\"209\" data-end=\"257\">Id\u00e9al pour activit\u00e9s cr\u00e9atives et d\u00e9coration<\/li>\n<li data-section-id=\"ln6mfj\" data-start=\"258\" data-end=\"311\">Parfait comme cadeau de retour ou petite surprise<\/li>\n<\/ul>","protected":false},"featured_media":22178,"comment_status":"open","ping_status":"closed","template":"","meta":[],"product_brand":[],"product_cat":[302,270],"product_tag":[],"class_list":{"0":"post-22177","1":"product","2":"type-product","3":"status-publish","4":"has-post-thumbnail","6":"product_cat-pokemon","7":"product_cat-tatouages-et-stickers","9":"first","10":"instock","11":"virtual","12":"purchasable","13":"product-type-simple"},"_links":{"self":[{"href":"https:\/\/somefunstore.com\/en\/wp-json\/wp\/v2\/product\/22177","targetHints":{"allow":["GET"]}}],"collection":[{"href":"https:\/\/somefunstore.com\/en\/wp-json\/wp\/v2\/product"}],"about":[{"href":"https:\/\/somefunstore.com\/en\/wp-json\/wp\/v2\/types\/product"}],"replies":[{"embeddable":true,"href":"https:\/\/somefunstore.com\/en\/wp-json\/wp\/v2\/comments?post=22177"}],"wp:featuredmedia":[{"embeddable":true,"href":"https:\/\/somefunstore.com\/en\/wp-json\/wp\/v2\/media\/22178"}],"wp:attachment":[{"href":"https:\/\/somefunstore.com\/en\/wp-json\/wp\/v2\/media?parent=22177"}],"wp:term":[{"taxonomy":"product_brand","embeddable":true,"href":"https:\/\/somefunstore.com\/en\/wp-json\/wp\/v2\/product_brand?post=22177"},{"taxonomy":"product_cat","embeddable":true,"href":"https:\/\/somefunstore.com\/en\/wp-json\/wp\/v2\/product_cat?post=22177"},{"taxonomy":"product_tag","embeddable":true,"href":"https:\/\/somefunstore.com\/en\/wp-json\/wp\/v2\/product_tag?post=22177"}],"curies":[{"name":"wp","href":"https:\/\/api.w.org\/{rel}","templated":true}]}}