{"id":22189,"date":"2026-03-24T12:54:21","date_gmt":"2026-03-24T12:54:21","guid":{"rendered":"https:\/\/somefunstore.com\/?post_type=product&#038;p=22189"},"modified":"2026-03-24T12:54:21","modified_gmt":"2026-03-24T12:54:21","slug":"gommes-chateau-de-princesse-x4","status":"publish","type":"product","link":"https:\/\/somefunstore.com\/en\/shop\/themes-occasions\/anniversaires\/par-themes\/princesse\/gommes-chateau-de-princesse-x4\/","title":{"rendered":"Gommes ch\u00e2teau de princesse x4"},"content":{"rendered":"","protected":false},"excerpt":{"rendered":"<p data-start=\"0\" data-end=\"131\">Ajoutez une touche magique aux cadeaux de retour avec ce lot de gommes en forme de ch\u00e2teau de princesse, aussi mignon qu\u2019utile.<\/p>\n<ul data-start=\"133\" data-end=\"372\" data-is-last-node=\"\" data-is-only-node=\"\">\n<li data-section-id=\"19v0f49\" data-start=\"133\" data-end=\"168\">Lot de 4 gommes th\u00e8me princesse<\/li>\n<li data-section-id=\"1g5dcdr\" data-start=\"169\" data-end=\"207\">Forme ch\u00e2teau avec d\u00e9tails color\u00e9s<\/li>\n<li data-section-id=\"1m685l1\" data-start=\"208\" data-end=\"256\">Id\u00e9al pour \u00e9cole, dessin ou loisirs cr\u00e9atifs<\/li>\n<li data-section-id=\"1urw1z9\" data-start=\"257\" data-end=\"291\">Parfait comme cadeau de retour<\/li>\n<li data-section-id=\"a5hu9i\" data-start=\"292\" data-end=\"346\">Format pratique, facile \u00e0 glisser dans une trousse<\/li>\n<li data-section-id=\"1bkwjej\" data-start=\"347\" data-end=\"372\" data-is-last-node=\"\"><\/li>\n<\/ul>","protected":false},"featured_media":22190,"comment_status":"open","ping_status":"closed","template":"","meta":[],"product_brand":[],"product_cat":[268,294],"product_tag":[],"class_list":{"0":"post-22189","1":"product","2":"type-product","3":"status-publish","4":"has-post-thumbnail","6":"product_cat-petits-cadeaux","7":"product_cat-princesse","9":"first","10":"instock","11":"virtual","12":"purchasable","13":"product-type-simple"},"_links":{"self":[{"href":"https:\/\/somefunstore.com\/en\/wp-json\/wp\/v2\/product\/22189","targetHints":{"allow":["GET"]}}],"collection":[{"href":"https:\/\/somefunstore.com\/en\/wp-json\/wp\/v2\/product"}],"about":[{"href":"https:\/\/somefunstore.com\/en\/wp-json\/wp\/v2\/types\/product"}],"replies":[{"embeddable":true,"href":"https:\/\/somefunstore.com\/en\/wp-json\/wp\/v2\/comments?post=22189"}],"wp:featuredmedia":[{"embeddable":true,"href":"https:\/\/somefunstore.com\/en\/wp-json\/wp\/v2\/media\/22190"}],"wp:attachment":[{"href":"https:\/\/somefunstore.com\/en\/wp-json\/wp\/v2\/media?parent=22189"}],"wp:term":[{"taxonomy":"product_brand","embeddable":true,"href":"https:\/\/somefunstore.com\/en\/wp-json\/wp\/v2\/product_brand?post=22189"},{"taxonomy":"product_cat","embeddable":true,"href":"https:\/\/somefunstore.com\/en\/wp-json\/wp\/v2\/product_cat?post=22189"},{"taxonomy":"product_tag","embeddable":true,"href":"https:\/\/somefunstore.com\/en\/wp-json\/wp\/v2\/product_tag?post=22189"}],"curies":[{"name":"wp","href":"https:\/\/api.w.org\/{rel}","templated":true}]}}