{"id":22230,"date":"2026-03-25T08:59:37","date_gmt":"2026-03-25T08:59:37","guid":{"rendered":"https:\/\/somefunstore.com\/?post_type=product&#038;p=22230"},"modified":"2026-03-25T08:59:37","modified_gmt":"2026-03-25T08:59:37","slug":"toppers-sirenes-x12","status":"publish","type":"product","link":"https:\/\/somefunstore.com\/en\/shop\/themes-occasions\/anniversaires\/par-themes\/sirenes\/toppers-sirenes-x12\/","title":{"rendered":"Toppers sir\u00e8nes x12"},"content":{"rendered":"","protected":false},"excerpt":{"rendered":"<p data-start=\"0\" data-end=\"115\">Ajoutez une touche f\u00e9erique \u00e0 vos desserts avec ces toppers sir\u00e8ne, parfaits pour sublimer vos cupcakes et g\u00e2teaux.<\/p>\n<ul data-start=\"117\" data-end=\"407\" data-is-last-node=\"\" data-is-only-node=\"\">\n<li data-section-id=\"eja7g6\" data-start=\"117\" data-end=\"148\">Lot de 12 toppers th\u00e8me sir\u00e8ne<\/li>\n<li data-section-id=\"rjfvfh\" data-start=\"149\" data-end=\"208\">Motifs vari\u00e9s : sir\u00e8nes, coquillages et \u00e9l\u00e9ments marins<\/li>\n<li data-section-id=\"122ya9g\" data-start=\"209\" data-end=\"253\">Id\u00e9al pour cupcakes, g\u00e2teaux et desserts<\/li>\n<li data-section-id=\"cbselm\" data-start=\"309\" data-end=\"353\">Faciles \u00e0 utiliser, \u00e0 piquer directement<\/li>\n<\/ul>","protected":false},"featured_media":22231,"comment_status":"open","ping_status":"closed","template":"","meta":[],"product_brand":[],"product_cat":[296,267],"product_tag":[],"class_list":{"0":"post-22230","1":"product","2":"type-product","3":"status-publish","4":"has-post-thumbnail","6":"product_cat-sirenes","7":"product_cat-toppers","9":"first","10":"instock","11":"virtual","12":"purchasable","13":"product-type-simple"},"_links":{"self":[{"href":"https:\/\/somefunstore.com\/en\/wp-json\/wp\/v2\/product\/22230","targetHints":{"allow":["GET"]}}],"collection":[{"href":"https:\/\/somefunstore.com\/en\/wp-json\/wp\/v2\/product"}],"about":[{"href":"https:\/\/somefunstore.com\/en\/wp-json\/wp\/v2\/types\/product"}],"replies":[{"embeddable":true,"href":"https:\/\/somefunstore.com\/en\/wp-json\/wp\/v2\/comments?post=22230"}],"wp:featuredmedia":[{"embeddable":true,"href":"https:\/\/somefunstore.com\/en\/wp-json\/wp\/v2\/media\/22231"}],"wp:attachment":[{"href":"https:\/\/somefunstore.com\/en\/wp-json\/wp\/v2\/media?parent=22230"}],"wp:term":[{"taxonomy":"product_brand","embeddable":true,"href":"https:\/\/somefunstore.com\/en\/wp-json\/wp\/v2\/product_brand?post=22230"},{"taxonomy":"product_cat","embeddable":true,"href":"https:\/\/somefunstore.com\/en\/wp-json\/wp\/v2\/product_cat?post=22230"},{"taxonomy":"product_tag","embeddable":true,"href":"https:\/\/somefunstore.com\/en\/wp-json\/wp\/v2\/product_tag?post=22230"}],"curies":[{"name":"wp","href":"https:\/\/api.w.org\/{rel}","templated":true}]}}