{"id":22240,"date":"2026-03-25T10:59:34","date_gmt":"2026-03-25T10:59:34","guid":{"rendered":"https:\/\/somefunstore.com\/?post_type=product&#038;p=22240"},"modified":"2026-04-17T08:49:02","modified_gmt":"2026-04-17T08:49:02","slug":"kit-vaisselle-stitch-rose","status":"publish","type":"product","link":"https:\/\/somefunstore.com\/en\/shop\/themes-occasions\/anniversaires\/par-personnage\/stitch\/kit-vaisselle-stitch-rose\/","title":{"rendered":"Kit vaisselle Stitch rose"},"content":{"rendered":"","protected":false},"excerpt":{"rendered":"<p data-start=\"0\" data-end=\"128\">Apportez une touche douce et color\u00e9e \u00e0 votre f\u00eate avec ce kit vaisselle Stitch rose, parfait pour une ambiance fun et joyeuse. Ce kit comprend :<\/p>\n<ul data-start=\"130\" data-end=\"446\" data-is-last-node=\"\" data-is-only-node=\"\">\n<li data-section-id=\"hm2719\" data-start=\"130\" data-end=\"175\">10 grandes assiettes<\/li>\n<li data-section-id=\"hm2719\" data-start=\"130\" data-end=\"175\">10 assiettes \u00e0 dessert<\/li>\n<li data-section-id=\"hm2719\" data-start=\"130\" data-end=\"175\">10 gobelets<\/li>\n<li data-section-id=\"hm2719\" data-start=\"130\" data-end=\"175\">20 serviettes en papier<\/li>\n<\/ul>","protected":false},"featured_media":22241,"comment_status":"open","ping_status":"closed","template":"","meta":[],"product_brand":[],"product_cat":[248,240,304],"product_tag":[],"class_list":{"0":"post-22240","1":"product","2":"type-product","3":"status-publish","4":"has-post-thumbnail","6":"product_cat-assiettes","7":"product_cat-kit-vaisselles","8":"product_cat-stitch","10":"first","11":"instock","12":"virtual","13":"purchasable","14":"product-type-simple"},"_links":{"self":[{"href":"https:\/\/somefunstore.com\/en\/wp-json\/wp\/v2\/product\/22240","targetHints":{"allow":["GET"]}}],"collection":[{"href":"https:\/\/somefunstore.com\/en\/wp-json\/wp\/v2\/product"}],"about":[{"href":"https:\/\/somefunstore.com\/en\/wp-json\/wp\/v2\/types\/product"}],"replies":[{"embeddable":true,"href":"https:\/\/somefunstore.com\/en\/wp-json\/wp\/v2\/comments?post=22240"}],"wp:featuredmedia":[{"embeddable":true,"href":"https:\/\/somefunstore.com\/en\/wp-json\/wp\/v2\/media\/22241"}],"wp:attachment":[{"href":"https:\/\/somefunstore.com\/en\/wp-json\/wp\/v2\/media?parent=22240"}],"wp:term":[{"taxonomy":"product_brand","embeddable":true,"href":"https:\/\/somefunstore.com\/en\/wp-json\/wp\/v2\/product_brand?post=22240"},{"taxonomy":"product_cat","embeddable":true,"href":"https:\/\/somefunstore.com\/en\/wp-json\/wp\/v2\/product_cat?post=22240"},{"taxonomy":"product_tag","embeddable":true,"href":"https:\/\/somefunstore.com\/en\/wp-json\/wp\/v2\/product_tag?post=22240"}],"curies":[{"name":"wp","href":"https:\/\/api.w.org\/{rel}","templated":true}]}}