{"id":22244,"date":"2026-03-25T11:02:56","date_gmt":"2026-03-25T11:02:56","guid":{"rendered":"https:\/\/somefunstore.com\/?post_type=product&#038;p=22244"},"modified":"2026-03-25T11:02:56","modified_gmt":"2026-03-25T11:02:56","slug":"presentoir-stitch","status":"publish","type":"product","link":"https:\/\/somefunstore.com\/en\/shop\/themes-occasions\/anniversaires\/par-personnage\/stitch\/presentoir-stitch\/","title":{"rendered":"Pr\u00e9sentoir Stitch"},"content":{"rendered":"","protected":false},"excerpt":{"rendered":"<p data-start=\"0\" data-end=\"100\">Sublimez votre table avec ce pr\u00e9sentoir Stitch \u00e0 \u00e9tages, parfait pour une d\u00e9coration fun et color\u00e9e.<\/p>\n<ul data-start=\"102\" data-end=\"425\" data-is-last-node=\"\" data-is-only-node=\"\">\n<li data-section-id=\"17hovyg\" data-start=\"102\" data-end=\"140\">Pr\u00e9sentoir \u00e0 3 \u00e9tages th\u00e8me Stitch<\/li>\n<li data-section-id=\"txmwyh\" data-start=\"182\" data-end=\"232\">Id\u00e9al pour cupcakes, bonbons et petits g\u00e2teaux<\/li>\n<li data-section-id=\"1n31bnx\" data-start=\"233\" data-end=\"261\">Montage facile et rapide<\/li>\n<li data-section-id=\"ddsrij\" data-start=\"312\" data-end=\"371\">Apporte une jolie hauteur \u00e0 votre table de pr\u00e9sentation<\/li>\n<li data-section-id=\"18zyjj7\" data-start=\"373\" data-end=\"397\">Dimensions\u00a0 : env. 35 x 30 cm<\/li>\n<\/ul>","protected":false},"featured_media":22245,"comment_status":"open","ping_status":"closed","template":"","meta":[],"product_brand":[],"product_cat":[255,304],"product_tag":[],"class_list":{"0":"post-22244","1":"product","2":"type-product","3":"status-publish","4":"has-post-thumbnail","6":"product_cat-presentoires","7":"product_cat-stitch","9":"first","10":"instock","11":"virtual","12":"purchasable","13":"product-type-simple"},"_links":{"self":[{"href":"https:\/\/somefunstore.com\/en\/wp-json\/wp\/v2\/product\/22244","targetHints":{"allow":["GET"]}}],"collection":[{"href":"https:\/\/somefunstore.com\/en\/wp-json\/wp\/v2\/product"}],"about":[{"href":"https:\/\/somefunstore.com\/en\/wp-json\/wp\/v2\/types\/product"}],"replies":[{"embeddable":true,"href":"https:\/\/somefunstore.com\/en\/wp-json\/wp\/v2\/comments?post=22244"}],"wp:featuredmedia":[{"embeddable":true,"href":"https:\/\/somefunstore.com\/en\/wp-json\/wp\/v2\/media\/22245"}],"wp:attachment":[{"href":"https:\/\/somefunstore.com\/en\/wp-json\/wp\/v2\/media?parent=22244"}],"wp:term":[{"taxonomy":"product_brand","embeddable":true,"href":"https:\/\/somefunstore.com\/en\/wp-json\/wp\/v2\/product_brand?post=22244"},{"taxonomy":"product_cat","embeddable":true,"href":"https:\/\/somefunstore.com\/en\/wp-json\/wp\/v2\/product_cat?post=22244"},{"taxonomy":"product_tag","embeddable":true,"href":"https:\/\/somefunstore.com\/en\/wp-json\/wp\/v2\/product_tag?post=22244"}],"curies":[{"name":"wp","href":"https:\/\/api.w.org\/{rel}","templated":true}]}}