{"id":22247,"date":"2026-03-25T11:08:52","date_gmt":"2026-03-25T11:08:52","guid":{"rendered":"https:\/\/somefunstore.com\/?post_type=product&#038;p=22247"},"modified":"2026-03-25T11:08:53","modified_gmt":"2026-03-25T11:08:53","slug":"sacs-cadeaux-stitch-rose-x12","status":"publish","type":"product","link":"https:\/\/somefunstore.com\/en\/shop\/themes-occasions\/anniversaires\/par-personnage\/stitch\/sacs-cadeaux-stitch-rose-x12\/","title":{"rendered":"Sacs cadeaux Stitch rose x12"},"content":{"rendered":"","protected":false},"excerpt":{"rendered":"<p data-start=\"0\" data-end=\"114\">Offrez les cadeaux de retour avec style gr\u00e2ce \u00e0 ce sac cadeau Stitch rose, \u00e0 la fois mignon et pratique pour toutes vos f\u00eates.<\/p>\n<ul data-start=\"116\" data-end=\"495\" data-is-last-node=\"\" data-is-only-node=\"\">\n<li data-section-id=\"t1ssvc\" data-start=\"116\" data-end=\"148\">Sac cadeau th\u00e8me Stitch rose<\/li>\n<li data-section-id=\"owja63\" data-start=\"149\" data-end=\"194\">Lot de 12 sacs<\/li>\n<li data-section-id=\"133t5ui\" data-start=\"195\" data-end=\"248\">Id\u00e9al pour cadeaux de retour<\/li>\n<\/ul>","protected":false},"featured_media":22248,"comment_status":"open","ping_status":"closed","template":"","meta":[],"product_brand":[],"product_cat":[265,304],"product_tag":[],"class_list":{"0":"post-22247","1":"product","2":"type-product","3":"status-publish","4":"has-post-thumbnail","6":"product_cat-sacs-cadeaux","7":"product_cat-stitch","9":"first","10":"instock","11":"virtual","12":"purchasable","13":"product-type-simple"},"_links":{"self":[{"href":"https:\/\/somefunstore.com\/en\/wp-json\/wp\/v2\/product\/22247","targetHints":{"allow":["GET"]}}],"collection":[{"href":"https:\/\/somefunstore.com\/en\/wp-json\/wp\/v2\/product"}],"about":[{"href":"https:\/\/somefunstore.com\/en\/wp-json\/wp\/v2\/types\/product"}],"replies":[{"embeddable":true,"href":"https:\/\/somefunstore.com\/en\/wp-json\/wp\/v2\/comments?post=22247"}],"wp:featuredmedia":[{"embeddable":true,"href":"https:\/\/somefunstore.com\/en\/wp-json\/wp\/v2\/media\/22248"}],"wp:attachment":[{"href":"https:\/\/somefunstore.com\/en\/wp-json\/wp\/v2\/media?parent=22247"}],"wp:term":[{"taxonomy":"product_brand","embeddable":true,"href":"https:\/\/somefunstore.com\/en\/wp-json\/wp\/v2\/product_brand?post=22247"},{"taxonomy":"product_cat","embeddable":true,"href":"https:\/\/somefunstore.com\/en\/wp-json\/wp\/v2\/product_cat?post=22247"},{"taxonomy":"product_tag","embeddable":true,"href":"https:\/\/somefunstore.com\/en\/wp-json\/wp\/v2\/product_tag?post=22247"}],"curies":[{"name":"wp","href":"https:\/\/api.w.org\/{rel}","templated":true}]}}