{"id":22277,"date":"2026-03-25T11:41:23","date_gmt":"2026-03-25T11:41:23","guid":{"rendered":"https:\/\/somefunstore.com\/?post_type=product&#038;p=22277"},"modified":"2026-03-25T11:41:23","modified_gmt":"2026-03-25T11:41:23","slug":"kit-vaisselle-reine-des-neiges","status":"publish","type":"product","link":"https:\/\/somefunstore.com\/en\/shop\/themes-occasions\/anniversaires\/par-personnage\/reine-des-neiges\/kit-vaisselle-reine-des-neiges\/","title":{"rendered":"Kit vaisselle Reine des neiges"},"content":{"rendered":"","protected":false},"excerpt":{"rendered":"<p data-start=\"0\" data-end=\"110\">Cr\u00e9ez une table de f\u00eate f\u00e9\u00e9rique avec ce kit vaisselle Reine des Neiges, parfait pour un anniversaire magique. Ce kit est compos\u00e9 de :<\/p>\n<ul data-start=\"112\" data-end=\"480\" data-is-only-node=\"\" data-is-last-node=\"\">\n<li data-section-id=\"bbdmq0\" data-start=\"112\" data-end=\"152\">10 grandes assiettes<\/li>\n<li data-section-id=\"bbdmq0\" data-start=\"112\" data-end=\"152\">10 assiettes \u00e0 dessert<\/li>\n<li data-section-id=\"bbdmq0\" data-start=\"112\" data-end=\"152\">10 gobelets<\/li>\n<li data-section-id=\"bbdmq0\" data-start=\"112\" data-end=\"152\">20 serviettes en papier<\/li>\n<\/ul>","protected":false},"featured_media":22278,"comment_status":"open","ping_status":"closed","template":"","meta":[],"product_brand":[],"product_cat":[248,240,303],"product_tag":[],"class_list":{"0":"post-22277","1":"product","2":"type-product","3":"status-publish","4":"has-post-thumbnail","6":"product_cat-assiettes","7":"product_cat-kit-vaisselles","8":"product_cat-reine-des-neiges","10":"first","11":"instock","12":"virtual","13":"purchasable","14":"product-type-simple"},"_links":{"self":[{"href":"https:\/\/somefunstore.com\/en\/wp-json\/wp\/v2\/product\/22277","targetHints":{"allow":["GET"]}}],"collection":[{"href":"https:\/\/somefunstore.com\/en\/wp-json\/wp\/v2\/product"}],"about":[{"href":"https:\/\/somefunstore.com\/en\/wp-json\/wp\/v2\/types\/product"}],"replies":[{"embeddable":true,"href":"https:\/\/somefunstore.com\/en\/wp-json\/wp\/v2\/comments?post=22277"}],"wp:featuredmedia":[{"embeddable":true,"href":"https:\/\/somefunstore.com\/en\/wp-json\/wp\/v2\/media\/22278"}],"wp:attachment":[{"href":"https:\/\/somefunstore.com\/en\/wp-json\/wp\/v2\/media?parent=22277"}],"wp:term":[{"taxonomy":"product_brand","embeddable":true,"href":"https:\/\/somefunstore.com\/en\/wp-json\/wp\/v2\/product_brand?post=22277"},{"taxonomy":"product_cat","embeddable":true,"href":"https:\/\/somefunstore.com\/en\/wp-json\/wp\/v2\/product_cat?post=22277"},{"taxonomy":"product_tag","embeddable":true,"href":"https:\/\/somefunstore.com\/en\/wp-json\/wp\/v2\/product_tag?post=22277"}],"curies":[{"name":"wp","href":"https:\/\/api.w.org\/{rel}","templated":true}]}}