{"id":22285,"date":"2026-03-25T11:47:29","date_gmt":"2026-03-25T11:47:29","guid":{"rendered":"https:\/\/somefunstore.com\/?post_type=product&#038;p=22285"},"modified":"2026-04-17T09:49:55","modified_gmt":"2026-04-17T09:49:55","slug":"presentoir-reine-des-neiges","status":"publish","type":"product","link":"https:\/\/somefunstore.com\/en\/shop\/themes-occasions\/anniversaires\/par-personnage\/reine-des-neiges\/presentoir-reine-des-neiges\/","title":{"rendered":"Pr\u00e9sentoir Reine des neiges"},"content":{"rendered":"","protected":false},"excerpt":{"rendered":"<p data-start=\"0\" data-end=\"122\">Cr\u00e9ez une d\u00e9coration f\u00e9erique avec ce pr\u00e9sentoir ch\u00e2teau Reine des Neiges, id\u00e9al pour sublimer votre table d\u2019anniversaire.<\/p>\n<ul data-start=\"124\" data-end=\"479\" data-is-last-node=\"\" data-is-only-node=\"\">\n<li data-section-id=\"1oy7htq\" data-start=\"124\" data-end=\"170\">Pr\u00e9sentoir \u00e0 \u00e9tages th\u00e8me Reine des Neiges<\/li>\n<li data-section-id=\"1ssgrkn\" data-start=\"171\" data-end=\"224\">Design spectaculaire en forme de ch\u00e2teau de glace<\/li>\n<li data-section-id=\"q7e3s9\" data-start=\"225\" data-end=\"277\">Parfait pour cupcakes, bonbons et petits g\u00e2teaux<\/li>\n<li data-section-id=\"1kierwj\" data-start=\"384\" data-end=\"403\">Facile \u00e0 monter<\/li>\n<li data-section-id=\"h4agrx\" data-start=\"405\" data-end=\"432\">Dimensions : env. 35 x 30 cm<\/li>\n<\/ul>","protected":false},"featured_media":24005,"comment_status":"open","ping_status":"closed","template":"","meta":[],"product_brand":[],"product_cat":[255,303],"product_tag":[],"class_list":{"0":"post-22285","1":"product","2":"type-product","3":"status-publish","4":"has-post-thumbnail","6":"product_cat-presentoires","7":"product_cat-reine-des-neiges","9":"first","10":"instock","11":"virtual","12":"purchasable","13":"product-type-simple"},"_links":{"self":[{"href":"https:\/\/somefunstore.com\/en\/wp-json\/wp\/v2\/product\/22285","targetHints":{"allow":["GET"]}}],"collection":[{"href":"https:\/\/somefunstore.com\/en\/wp-json\/wp\/v2\/product"}],"about":[{"href":"https:\/\/somefunstore.com\/en\/wp-json\/wp\/v2\/types\/product"}],"replies":[{"embeddable":true,"href":"https:\/\/somefunstore.com\/en\/wp-json\/wp\/v2\/comments?post=22285"}],"wp:featuredmedia":[{"embeddable":true,"href":"https:\/\/somefunstore.com\/en\/wp-json\/wp\/v2\/media\/24005"}],"wp:attachment":[{"href":"https:\/\/somefunstore.com\/en\/wp-json\/wp\/v2\/media?parent=22285"}],"wp:term":[{"taxonomy":"product_brand","embeddable":true,"href":"https:\/\/somefunstore.com\/en\/wp-json\/wp\/v2\/product_brand?post=22285"},{"taxonomy":"product_cat","embeddable":true,"href":"https:\/\/somefunstore.com\/en\/wp-json\/wp\/v2\/product_cat?post=22285"},{"taxonomy":"product_tag","embeddable":true,"href":"https:\/\/somefunstore.com\/en\/wp-json\/wp\/v2\/product_tag?post=22285"}],"curies":[{"name":"wp","href":"https:\/\/api.w.org\/{rel}","templated":true}]}}