{"id":22287,"date":"2026-03-25T11:53:37","date_gmt":"2026-03-25T11:53:37","guid":{"rendered":"https:\/\/somefunstore.com\/?post_type=product&#038;p=22287"},"modified":"2026-03-25T11:53:37","modified_gmt":"2026-03-25T11:53:37","slug":"sacs-cadeaux-reine-des-neige-x12","status":"publish","type":"product","link":"https:\/\/somefunstore.com\/en\/shop\/themes-occasions\/anniversaires\/par-personnage\/reine-des-neiges\/sacs-cadeaux-reine-des-neige-x12\/","title":{"rendered":"Sacs cadeaux Reine des neige x12"},"content":{"rendered":"","protected":false},"excerpt":{"rendered":"<p data-start=\"0\" data-end=\"103\">Offrez vos cadeaux avec \u00e9l\u00e9gance gr\u00e2ce \u00e0 ce sac cadeau Reine des Neiges, parfait pour une f\u00eate magique.<\/p>\n<ul data-start=\"105\" data-end=\"493\" data-is-last-node=\"\" data-is-only-node=\"\">\n<li data-section-id=\"403ko6\" data-start=\"105\" data-end=\"142\">Lot de 12 sac cadeau th\u00e8me Reine des Neiges<\/li>\n<\/ul>","protected":false},"featured_media":22288,"comment_status":"open","ping_status":"closed","template":"","meta":[],"product_brand":[],"product_cat":[303,265],"product_tag":[],"class_list":{"0":"post-22287","1":"product","2":"type-product","3":"status-publish","4":"has-post-thumbnail","6":"product_cat-reine-des-neiges","7":"product_cat-sacs-cadeaux","9":"first","10":"instock","11":"virtual","12":"purchasable","13":"product-type-simple"},"_links":{"self":[{"href":"https:\/\/somefunstore.com\/en\/wp-json\/wp\/v2\/product\/22287","targetHints":{"allow":["GET"]}}],"collection":[{"href":"https:\/\/somefunstore.com\/en\/wp-json\/wp\/v2\/product"}],"about":[{"href":"https:\/\/somefunstore.com\/en\/wp-json\/wp\/v2\/types\/product"}],"replies":[{"embeddable":true,"href":"https:\/\/somefunstore.com\/en\/wp-json\/wp\/v2\/comments?post=22287"}],"wp:featuredmedia":[{"embeddable":true,"href":"https:\/\/somefunstore.com\/en\/wp-json\/wp\/v2\/media\/22288"}],"wp:attachment":[{"href":"https:\/\/somefunstore.com\/en\/wp-json\/wp\/v2\/media?parent=22287"}],"wp:term":[{"taxonomy":"product_brand","embeddable":true,"href":"https:\/\/somefunstore.com\/en\/wp-json\/wp\/v2\/product_brand?post=22287"},{"taxonomy":"product_cat","embeddable":true,"href":"https:\/\/somefunstore.com\/en\/wp-json\/wp\/v2\/product_cat?post=22287"},{"taxonomy":"product_tag","embeddable":true,"href":"https:\/\/somefunstore.com\/en\/wp-json\/wp\/v2\/product_tag?post=22287"}],"curies":[{"name":"wp","href":"https:\/\/api.w.org\/{rel}","templated":true}]}}