{"id":22311,"date":"2026-03-25T12:39:03","date_gmt":"2026-03-25T12:39:03","guid":{"rendered":"https:\/\/somefunstore.com\/?post_type=product&#038;p=22311"},"modified":"2026-03-25T12:39:03","modified_gmt":"2026-03-25T12:39:03","slug":"assiettes-en-forme-de-glace-x12","status":"publish","type":"product","link":"https:\/\/somefunstore.com\/en\/shop\/themes-occasions\/anniversaires\/par-themes\/ice-cream\/assiettes-en-forme-de-glace-x12\/","title":{"rendered":"Assiettes en forme de glace x12"},"content":{"rendered":"","protected":false},"excerpt":{"rendered":"<p data-start=\"0\" data-end=\"126\">Apportez une touche gourmande et fun \u00e0 votre f\u00eate avec ces assiettes en forme de glace, parfaites pour un anniversaire color\u00e9.<\/p>\n<ul data-start=\"128\" data-end=\"388\" data-is-only-node=\"\" data-is-last-node=\"\">\n<li data-section-id=\"1jw2952\" data-start=\"128\" data-end=\"159\">12 assiettes en forme de glace<\/li>\n<li data-section-id=\"1ypn6vg\" data-start=\"160\" data-end=\"217\">Couleurs rose , bleu , violet , vert , jaune , orange<\/li>\n<li data-section-id=\"1h277br\" data-start=\"273\" data-end=\"321\">Parfait pour une d\u00e9co originale et gourmande<\/li>\n<\/ul>","protected":false},"featured_media":22299,"comment_status":"open","ping_status":"closed","template":"","meta":[],"product_brand":[],"product_cat":[248,288],"product_tag":[],"class_list":{"0":"post-22311","1":"product","2":"type-product","3":"status-publish","4":"has-post-thumbnail","6":"product_cat-assiettes","7":"product_cat-ice-cream","9":"first","10":"instock","11":"virtual","12":"purchasable","13":"product-type-simple"},"_links":{"self":[{"href":"https:\/\/somefunstore.com\/en\/wp-json\/wp\/v2\/product\/22311","targetHints":{"allow":["GET"]}}],"collection":[{"href":"https:\/\/somefunstore.com\/en\/wp-json\/wp\/v2\/product"}],"about":[{"href":"https:\/\/somefunstore.com\/en\/wp-json\/wp\/v2\/types\/product"}],"replies":[{"embeddable":true,"href":"https:\/\/somefunstore.com\/en\/wp-json\/wp\/v2\/comments?post=22311"}],"wp:featuredmedia":[{"embeddable":true,"href":"https:\/\/somefunstore.com\/en\/wp-json\/wp\/v2\/media\/22299"}],"wp:attachment":[{"href":"https:\/\/somefunstore.com\/en\/wp-json\/wp\/v2\/media?parent=22311"}],"wp:term":[{"taxonomy":"product_brand","embeddable":true,"href":"https:\/\/somefunstore.com\/en\/wp-json\/wp\/v2\/product_brand?post=22311"},{"taxonomy":"product_cat","embeddable":true,"href":"https:\/\/somefunstore.com\/en\/wp-json\/wp\/v2\/product_cat?post=22311"},{"taxonomy":"product_tag","embeddable":true,"href":"https:\/\/somefunstore.com\/en\/wp-json\/wp\/v2\/product_tag?post=22311"}],"curies":[{"name":"wp","href":"https:\/\/api.w.org\/{rel}","templated":true}]}}