{"id":22312,"date":"2026-03-25T12:44:43","date_gmt":"2026-03-25T12:44:43","guid":{"rendered":"https:\/\/somefunstore.com\/?post_type=product&#038;p=22312"},"modified":"2026-03-25T12:44:43","modified_gmt":"2026-03-25T12:44:43","slug":"presentoir-camion-de-glaces","status":"publish","type":"product","link":"https:\/\/somefunstore.com\/en\/shop\/themes-occasions\/anniversaires\/par-themes\/ice-cream\/presentoir-camion-de-glaces\/","title":{"rendered":"Pr\u00e9sentoir camion de glaces"},"content":{"rendered":"","protected":false},"excerpt":{"rendered":"<p data-start=\"0\" data-end=\"134\">Apportez une touche fun et originale \u00e0 votre f\u00eate avec ce pr\u00e9sentoir en forme de camion de glaces, parfait pour sublimer vos douceurs.<\/p>\n<ul data-start=\"136\" data-end=\"492\" data-is-last-node=\"\" data-is-only-node=\"\">\n<li data-section-id=\"anjz8t\" data-start=\"136\" data-end=\"172\">Pr\u00e9sentoir th\u00e8me camion de glace<\/li>\n<li data-section-id=\"16tge4a\" data-start=\"173\" data-end=\"222\">Design color\u00e9 et ludique, effet \u201cwow\u201d garanti<\/li>\n<li data-section-id=\"9c8bcm\" data-start=\"223\" data-end=\"274\">Id\u00e9al pour cupcakes, g\u00e2teaux, bonbons ou snacks<\/li>\n<li data-section-id=\"1ybmde2\" data-start=\"275\" data-end=\"331\">Montage facile<\/li>\n<li data-section-id=\"1ybmde2\" data-start=\"275\" data-end=\"331\">Dimensions : 19,8 x 36,8 x 33,8 centim\u00e8tres<\/li>\n<\/ul>","protected":false},"featured_media":22313,"comment_status":"open","ping_status":"closed","template":"","meta":[],"product_brand":[],"product_cat":[288,255],"product_tag":[],"class_list":{"0":"post-22312","1":"product","2":"type-product","3":"status-publish","4":"has-post-thumbnail","6":"product_cat-ice-cream","7":"product_cat-presentoires","9":"first","10":"instock","11":"virtual","12":"purchasable","13":"product-type-simple"},"_links":{"self":[{"href":"https:\/\/somefunstore.com\/en\/wp-json\/wp\/v2\/product\/22312","targetHints":{"allow":["GET"]}}],"collection":[{"href":"https:\/\/somefunstore.com\/en\/wp-json\/wp\/v2\/product"}],"about":[{"href":"https:\/\/somefunstore.com\/en\/wp-json\/wp\/v2\/types\/product"}],"replies":[{"embeddable":true,"href":"https:\/\/somefunstore.com\/en\/wp-json\/wp\/v2\/comments?post=22312"}],"wp:featuredmedia":[{"embeddable":true,"href":"https:\/\/somefunstore.com\/en\/wp-json\/wp\/v2\/media\/22313"}],"wp:attachment":[{"href":"https:\/\/somefunstore.com\/en\/wp-json\/wp\/v2\/media?parent=22312"}],"wp:term":[{"taxonomy":"product_brand","embeddable":true,"href":"https:\/\/somefunstore.com\/en\/wp-json\/wp\/v2\/product_brand?post=22312"},{"taxonomy":"product_cat","embeddable":true,"href":"https:\/\/somefunstore.com\/en\/wp-json\/wp\/v2\/product_cat?post=22312"},{"taxonomy":"product_tag","embeddable":true,"href":"https:\/\/somefunstore.com\/en\/wp-json\/wp\/v2\/product_tag?post=22312"}],"curies":[{"name":"wp","href":"https:\/\/api.w.org\/{rel}","templated":true}]}}