{"id":22322,"date":"2026-03-25T12:57:01","date_gmt":"2026-03-25T12:57:01","guid":{"rendered":"https:\/\/somefunstore.com\/?post_type=product&#038;p=22322"},"modified":"2026-03-25T12:57:01","modified_gmt":"2026-03-25T12:57:01","slug":"assiettes-animaux-de-la-jungle-x18","status":"publish","type":"product","link":"https:\/\/somefunstore.com\/en\/shop\/themes-occasions\/anniversaires\/par-themes\/animaux-safari\/assiettes-animaux-de-la-jungle-x18\/","title":{"rendered":"Assiettes animaux de la jungle x18"},"content":{"rendered":"","protected":false},"excerpt":{"rendered":"<p data-start=\"0\" data-end=\"136\">Ajoutez une touche fun et sauvage \u00e0 votre f\u00eate avec ces assiettes animaux de la jungle, parfaites pour un anniversaire plein d\u2019aventure.<\/p>\n<ul data-start=\"138\" data-end=\"454\" data-is-last-node=\"\" data-is-only-node=\"\">\n<li data-section-id=\"ht6szf\" data-start=\"138\" data-end=\"178\">Assiettes th\u00e8me animaux de la jungle<\/li>\n<li data-section-id=\"1pzerz1\" data-start=\"179\" data-end=\"245\">Designs vari\u00e9s : \u00e9l\u00e9phant, girafe, z\u00e8bre, singe, tigre et lion<\/li>\n<li data-section-id=\"1oojf78\" data-start=\"246\" data-end=\"297\">Lot de 18 assiettes<\/li>\n<\/ul>","protected":false},"featured_media":22323,"comment_status":"open","ping_status":"closed","template":"","meta":[],"product_brand":[],"product_cat":[281,248],"product_tag":[],"class_list":{"0":"post-22322","1":"product","2":"type-product","3":"status-publish","4":"has-post-thumbnail","6":"product_cat-animaux-safari","7":"product_cat-assiettes","9":"first","10":"instock","11":"virtual","12":"purchasable","13":"product-type-simple"},"_links":{"self":[{"href":"https:\/\/somefunstore.com\/en\/wp-json\/wp\/v2\/product\/22322","targetHints":{"allow":["GET"]}}],"collection":[{"href":"https:\/\/somefunstore.com\/en\/wp-json\/wp\/v2\/product"}],"about":[{"href":"https:\/\/somefunstore.com\/en\/wp-json\/wp\/v2\/types\/product"}],"replies":[{"embeddable":true,"href":"https:\/\/somefunstore.com\/en\/wp-json\/wp\/v2\/comments?post=22322"}],"wp:featuredmedia":[{"embeddable":true,"href":"https:\/\/somefunstore.com\/en\/wp-json\/wp\/v2\/media\/22323"}],"wp:attachment":[{"href":"https:\/\/somefunstore.com\/en\/wp-json\/wp\/v2\/media?parent=22322"}],"wp:term":[{"taxonomy":"product_brand","embeddable":true,"href":"https:\/\/somefunstore.com\/en\/wp-json\/wp\/v2\/product_brand?post=22322"},{"taxonomy":"product_cat","embeddable":true,"href":"https:\/\/somefunstore.com\/en\/wp-json\/wp\/v2\/product_cat?post=22322"},{"taxonomy":"product_tag","embeddable":true,"href":"https:\/\/somefunstore.com\/en\/wp-json\/wp\/v2\/product_tag?post=22322"}],"curies":[{"name":"wp","href":"https:\/\/api.w.org\/{rel}","templated":true}]}}