{"id":22324,"date":"2026-03-25T13:00:46","date_gmt":"2026-03-25T13:00:46","guid":{"rendered":"https:\/\/somefunstore.com\/?post_type=product&#038;p=22324"},"modified":"2026-04-15T13:35:09","modified_gmt":"2026-04-15T13:35:09","slug":"boites-a-gouter-animaux-x12","status":"publish","type":"product","link":"https:\/\/somefunstore.com\/en\/shop\/themes-occasions\/anniversaires\/par-themes\/animaux-safari\/boites-a-gouter-animaux-x12\/","title":{"rendered":"Boites \u00e0 gouter animaux x12"},"content":{"rendered":"","protected":false},"excerpt":{"rendered":"<p data-start=\"0\" data-end=\"124\">Craquez pour ces adorables bo\u00eetes \u00e0 go\u00fbter animaux de la jungle, parfaites pour faire plaisir aux enfants lors de vos f\u00eates.<\/p>\n<ul data-start=\"126\" data-end=\"477\" data-is-last-node=\"\" data-is-only-node=\"\">\n<li data-section-id=\"1ri6xwx\" data-start=\"126\" data-end=\"172\">Bo\u00eetes \u00e0 go\u00fbter th\u00e8me animaux de la jungle<\/li>\n<li data-section-id=\"1v4eu9s\" data-start=\"173\" data-end=\"237\">Designs vari\u00e9s : \u00e9l\u00e9phant, lion, z\u00e8bre, girafe, singe, tigre<\/li>\n<li data-section-id=\"orw1c8\" data-start=\"238\" data-end=\"288\">Lot de 12 boites<\/li>\n<\/ul>","protected":false},"featured_media":23599,"comment_status":"open","ping_status":"closed","template":"","meta":[],"product_brand":[],"product_cat":[281,319],"product_tag":[],"class_list":{"0":"post-22324","1":"product","2":"type-product","3":"status-publish","4":"has-post-thumbnail","6":"product_cat-animaux-safari","7":"product_cat-boite-a-gouter","9":"first","10":"instock","11":"virtual","12":"purchasable","13":"product-type-simple"},"_links":{"self":[{"href":"https:\/\/somefunstore.com\/en\/wp-json\/wp\/v2\/product\/22324","targetHints":{"allow":["GET"]}}],"collection":[{"href":"https:\/\/somefunstore.com\/en\/wp-json\/wp\/v2\/product"}],"about":[{"href":"https:\/\/somefunstore.com\/en\/wp-json\/wp\/v2\/types\/product"}],"replies":[{"embeddable":true,"href":"https:\/\/somefunstore.com\/en\/wp-json\/wp\/v2\/comments?post=22324"}],"wp:featuredmedia":[{"embeddable":true,"href":"https:\/\/somefunstore.com\/en\/wp-json\/wp\/v2\/media\/23599"}],"wp:attachment":[{"href":"https:\/\/somefunstore.com\/en\/wp-json\/wp\/v2\/media?parent=22324"}],"wp:term":[{"taxonomy":"product_brand","embeddable":true,"href":"https:\/\/somefunstore.com\/en\/wp-json\/wp\/v2\/product_brand?post=22324"},{"taxonomy":"product_cat","embeddable":true,"href":"https:\/\/somefunstore.com\/en\/wp-json\/wp\/v2\/product_cat?post=22324"},{"taxonomy":"product_tag","embeddable":true,"href":"https:\/\/somefunstore.com\/en\/wp-json\/wp\/v2\/product_tag?post=22324"}],"curies":[{"name":"wp","href":"https:\/\/api.w.org\/{rel}","templated":true}]}}