{"id":22331,"date":"2026-03-25T13:03:33","date_gmt":"2026-03-25T13:03:33","guid":{"rendered":"https:\/\/somefunstore.com\/?post_type=product&#038;p=22331"},"modified":"2026-03-25T13:04:10","modified_gmt":"2026-03-25T13:04:10","slug":"sacs-cadeaux-animaux-de-la-jungle-x12","status":"publish","type":"product","link":"https:\/\/somefunstore.com\/en\/shop\/themes-occasions\/anniversaires\/par-themes\/animaux-safari\/sacs-cadeaux-animaux-de-la-jungle-x12\/","title":{"rendered":"Sacs cadeaux animaux de la jungle x12"},"content":{"rendered":"","protected":false},"excerpt":{"rendered":"<p data-start=\"0\" data-end=\"115\">Offrez des cadeaux avec style gr\u00e2ce \u00e0 ces sacs animaux de la jungle, parfaits pour une f\u00eate pleine de bonne humeur.<\/p>\n<ul data-start=\"117\" data-end=\"462\" data-is-last-node=\"\" data-is-only-node=\"\">\n<li data-section-id=\"flzk0d\" data-start=\"117\" data-end=\"160\">Sacs cadeaux th\u00e8me animaux de la jungle<\/li>\n<li data-section-id=\"1l81wi4\" data-start=\"161\" data-end=\"218\">Designs vari\u00e9s : tigre, girafe, z\u00e8bre, lion et autres<\/li>\n<li data-section-id=\"1r16hl0\" data-start=\"219\" data-end=\"264\">Lot de 12 sacs<\/li>\n<li data-section-id=\"1r16hl0\" data-start=\"219\" data-end=\"264\">Dimensions : 21*15*8CM<\/li>\n<\/ul>","protected":false},"featured_media":22332,"comment_status":"open","ping_status":"closed","template":"","meta":[],"product_brand":[],"product_cat":[281,265],"product_tag":[],"class_list":{"0":"post-22331","1":"product","2":"type-product","3":"status-publish","4":"has-post-thumbnail","6":"product_cat-animaux-safari","7":"product_cat-sacs-cadeaux","9":"first","10":"instock","11":"virtual","12":"purchasable","13":"product-type-simple"},"_links":{"self":[{"href":"https:\/\/somefunstore.com\/en\/wp-json\/wp\/v2\/product\/22331","targetHints":{"allow":["GET"]}}],"collection":[{"href":"https:\/\/somefunstore.com\/en\/wp-json\/wp\/v2\/product"}],"about":[{"href":"https:\/\/somefunstore.com\/en\/wp-json\/wp\/v2\/types\/product"}],"replies":[{"embeddable":true,"href":"https:\/\/somefunstore.com\/en\/wp-json\/wp\/v2\/comments?post=22331"}],"wp:featuredmedia":[{"embeddable":true,"href":"https:\/\/somefunstore.com\/en\/wp-json\/wp\/v2\/media\/22332"}],"wp:attachment":[{"href":"https:\/\/somefunstore.com\/en\/wp-json\/wp\/v2\/media?parent=22331"}],"wp:term":[{"taxonomy":"product_brand","embeddable":true,"href":"https:\/\/somefunstore.com\/en\/wp-json\/wp\/v2\/product_brand?post=22331"},{"taxonomy":"product_cat","embeddable":true,"href":"https:\/\/somefunstore.com\/en\/wp-json\/wp\/v2\/product_cat?post=22331"},{"taxonomy":"product_tag","embeddable":true,"href":"https:\/\/somefunstore.com\/en\/wp-json\/wp\/v2\/product_tag?post=22331"}],"curies":[{"name":"wp","href":"https:\/\/api.w.org\/{rel}","templated":true}]}}