{"id":22345,"date":"2026-03-25T13:16:15","date_gmt":"2026-03-25T13:16:15","guid":{"rendered":"https:\/\/somefunstore.com\/?post_type=product&#038;p=22345"},"modified":"2026-04-12T15:07:56","modified_gmt":"2026-04-12T15:07:56","slug":"lunettes-en-papier-animaux","status":"publish","type":"product","link":"https:\/\/somefunstore.com\/en\/shop\/themes-occasions\/anniversaires\/par-themes\/animaux-en-parade\/lunettes-en-papier-animaux\/","title":{"rendered":"Lunettes en papier animaux x6"},"content":{"rendered":"","protected":false},"excerpt":{"rendered":"<p data-start=\"0\" data-end=\"110\">Amusez les enfants avec ces lunettes animaux de la jungle, parfaites pour ajouter une touche fun \u00e0 votre f\u00eate.<\/p>\n<ul data-start=\"112\" data-end=\"456\" data-is-last-node=\"\" data-is-only-node=\"\">\n<li data-section-id=\"br9tes\" data-start=\"112\" data-end=\"151\">Lunettes th\u00e8me animaux de la jungle<\/li>\n<li data-section-id=\"cjg4y0\" data-start=\"152\" data-end=\"223\">Designs vari\u00e9s : z\u00e8bre, singe, tigre, hippopotame, \u00e9l\u00e9phant, girafe<\/li>\n<li data-section-id=\"16kdfbc\" data-start=\"224\" data-end=\"263\">Illustrations mignonnes et color\u00e9es<\/li>\n<li data-section-id=\"jsb9tr\" data-start=\"264\" data-end=\"313\">Lot de 6 lunettes<\/li>\n<li data-section-id=\"43u951\" data-start=\"314\" data-end=\"361\">Parfait pour anniversaires et f\u00eates enfants<\/li>\n<li data-section-id=\"k7qdra\" data-start=\"400\" data-end=\"456\" data-is-last-node=\"\">Id\u00e9al comme cadeau de retour<\/li>\n<\/ul>","protected":false},"featured_media":22346,"comment_status":"open","ping_status":"closed","template":"","meta":[],"product_brand":[],"product_cat":[233,281,272,268],"product_tag":[],"class_list":{"0":"post-22345","1":"product","2":"type-product","3":"status-publish","4":"has-post-thumbnail","6":"product_cat-animaux-en-parade","7":"product_cat-animaux-safari","8":"product_cat-deguisements","9":"product_cat-petits-cadeaux","11":"first","12":"instock","13":"virtual","14":"purchasable","15":"product-type-simple"},"_links":{"self":[{"href":"https:\/\/somefunstore.com\/en\/wp-json\/wp\/v2\/product\/22345","targetHints":{"allow":["GET"]}}],"collection":[{"href":"https:\/\/somefunstore.com\/en\/wp-json\/wp\/v2\/product"}],"about":[{"href":"https:\/\/somefunstore.com\/en\/wp-json\/wp\/v2\/types\/product"}],"replies":[{"embeddable":true,"href":"https:\/\/somefunstore.com\/en\/wp-json\/wp\/v2\/comments?post=22345"}],"wp:featuredmedia":[{"embeddable":true,"href":"https:\/\/somefunstore.com\/en\/wp-json\/wp\/v2\/media\/22346"}],"wp:attachment":[{"href":"https:\/\/somefunstore.com\/en\/wp-json\/wp\/v2\/media?parent=22345"}],"wp:term":[{"taxonomy":"product_brand","embeddable":true,"href":"https:\/\/somefunstore.com\/en\/wp-json\/wp\/v2\/product_brand?post=22345"},{"taxonomy":"product_cat","embeddable":true,"href":"https:\/\/somefunstore.com\/en\/wp-json\/wp\/v2\/product_cat?post=22345"},{"taxonomy":"product_tag","embeddable":true,"href":"https:\/\/somefunstore.com\/en\/wp-json\/wp\/v2\/product_tag?post=22345"}],"curies":[{"name":"wp","href":"https:\/\/api.w.org\/{rel}","templated":true}]}}