{"id":22369,"date":"2026-03-25T14:05:30","date_gmt":"2026-03-25T14:05:30","guid":{"rendered":"https:\/\/somefunstore.com\/?post_type=product&#038;p=22369"},"modified":"2026-04-13T11:45:37","modified_gmt":"2026-04-13T11:45:37","slug":"pinata-pow","status":"publish","type":"product","link":"https:\/\/somefunstore.com\/en\/shop\/themes-occasions\/anniversaires\/par-themes\/supers-heros\/pinata-pow\/","title":{"rendered":"Pinata POW"},"content":{"rendered":"","protected":false},"excerpt":{"rendered":"<p data-start=\"0\" data-end=\"116\">Ajoutez une dose d\u2019action \u00e0 votre f\u00eate avec cette pinata super-h\u00e9ros, parfaite pour un anniversaire plein d\u2019\u00e9nergie.<\/p>\n<ul data-start=\"118\" data-end=\"431\" data-is-last-node=\"\" data-is-only-node=\"\">\n<li data-section-id=\"ssdsr0\" data-start=\"118\" data-end=\"149\">Pinata th\u00e8me super-h\u00e9ros<\/li>\n<li data-section-id=\"lm1qd0\" data-start=\"150\" data-end=\"190\">Design \u201cPOW !!\u201d fa\u00e7on bande dessin\u00e9e<\/li>\n<li data-section-id=\"11dxy75\" data-start=\"191\" data-end=\"228\">Couleurs vives et effet dynamique<\/li>\n<li data-section-id=\"1u746yh\" data-start=\"229\" data-end=\"274\">\u00c0 remplir de bonbons, jouets ou surprises<\/li>\n<li data-section-id=\"mcwsfa\" data-start=\"275\" data-end=\"327\">Id\u00e9ale pour anniversaires et f\u00eates \u00e0 th\u00e8me h\u00e9ros<\/li>\n<li data-section-id=\"mcwsfa\" data-start=\"275\" data-end=\"327\">B\u00e2ton et bandeau pour les yeux inclus<\/li>\n<li data-section-id=\"14i6vgp\" data-start=\"329\" data-end=\"375\">Dimensions : 45 x 34 x 9.5 cm<\/li>\n<\/ul>","protected":false},"featured_media":23008,"comment_status":"open","ping_status":"closed","template":"","meta":[],"product_brand":[],"product_cat":[264,298],"product_tag":[],"class_list":{"0":"post-22369","1":"product","2":"type-product","3":"status-publish","4":"has-post-thumbnail","6":"product_cat-pinatas","7":"product_cat-supers-heros","9":"first","10":"instock","11":"virtual","12":"purchasable","13":"product-type-simple"},"_links":{"self":[{"href":"https:\/\/somefunstore.com\/en\/wp-json\/wp\/v2\/product\/22369","targetHints":{"allow":["GET"]}}],"collection":[{"href":"https:\/\/somefunstore.com\/en\/wp-json\/wp\/v2\/product"}],"about":[{"href":"https:\/\/somefunstore.com\/en\/wp-json\/wp\/v2\/types\/product"}],"replies":[{"embeddable":true,"href":"https:\/\/somefunstore.com\/en\/wp-json\/wp\/v2\/comments?post=22369"}],"wp:featuredmedia":[{"embeddable":true,"href":"https:\/\/somefunstore.com\/en\/wp-json\/wp\/v2\/media\/23008"}],"wp:attachment":[{"href":"https:\/\/somefunstore.com\/en\/wp-json\/wp\/v2\/media?parent=22369"}],"wp:term":[{"taxonomy":"product_brand","embeddable":true,"href":"https:\/\/somefunstore.com\/en\/wp-json\/wp\/v2\/product_brand?post=22369"},{"taxonomy":"product_cat","embeddable":true,"href":"https:\/\/somefunstore.com\/en\/wp-json\/wp\/v2\/product_cat?post=22369"},{"taxonomy":"product_tag","embeddable":true,"href":"https:\/\/somefunstore.com\/en\/wp-json\/wp\/v2\/product_tag?post=22369"}],"curies":[{"name":"wp","href":"https:\/\/api.w.org\/{rel}","templated":true}]}}