{"id":22371,"date":"2026-03-25T14:08:24","date_gmt":"2026-03-25T14:08:24","guid":{"rendered":"https:\/\/somefunstore.com\/?post_type=product&#038;p=22371"},"modified":"2026-04-13T11:44:17","modified_gmt":"2026-04-13T11:44:17","slug":"pinata-cirque","status":"publish","type":"product","link":"https:\/\/somefunstore.com\/en\/shop\/themes-occasions\/anniversaires\/par-themes\/cirque\/pinata-cirque\/","title":{"rendered":"Pinata cirque"},"content":{"rendered":"","protected":false},"excerpt":{"rendered":"<section class=\"text-token-text-primary w-full focus:outline-none [--shadow-height:45px] has-data-writing-block:pointer-events-none has-data-writing-block:-mt-(--shadow-height) has-data-writing-block:pt-(--shadow-height) [&amp;:has([data-writing-block])&gt;*]:pointer-events-auto scroll-mt-(--header-height)\" dir=\"auto\" data-turn-id=\"13b02da5-211b-4bf8-9e1d-26d0899a02d5\" data-testid=\"conversation-turn-129\" data-scroll-anchor=\"false\" data-turn=\"user\"><\/section>\n<section class=\"text-token-text-primary w-full focus:outline-none [--shadow-height:45px] has-data-writing-block:pointer-events-none has-data-writing-block:-mt-(--shadow-height) has-data-writing-block:pt-(--shadow-height) [&amp;:has([data-writing-block])&gt;*]:pointer-events-auto scroll-mt-[calc(var(--header-height)+min(200px,max(70px,20svh)))]\" dir=\"auto\" data-turn-id=\"request-69c27ede-0dac-8325-989f-6b6eafc1fcdf-52\" data-testid=\"conversation-turn-130\" data-scroll-anchor=\"true\" data-turn=\"assistant\">\n<div class=\"text-base my-auto mx-auto pb-10 [--thread-content-margin:var(--thread-content-margin-xs,calc(var(--spacing)*4))] @w-sm\/main:[--thread-content-margin:var(--thread-content-margin-sm,calc(var(--spacing)*6))] @w-lg\/main:[--thread-content-margin:var(--thread-content-margin-lg,calc(var(--spacing)*16))] px-(--thread-content-margin)\">\n<div class=\"[--thread-content-max-width:40rem] @w-lg\/main:[--thread-content-max-width:48rem] mx-auto max-w-(--thread-content-max-width) flex-1 group\/turn-messages focus-visible:outline-hidden relative flex w-full min-w-0 flex-col agent-turn\">\n<div class=\"flex max-w-full flex-col gap-4 grow\">\n<div class=\"min-h-8 text-message relative flex w-full flex-col items-end gap-2 text-start break-words whitespace-normal outline-none keyboard-focused:focus-ring [.text-message+&amp;]:mt-1\" dir=\"auto\" tabindex=\"0\" data-message-author-role=\"assistant\" data-message-id=\"ae1d9314-d31e-4790-b7ff-168f7d509414\" data-message-model-slug=\"gpt-5-3\" data-turn-start-message=\"true\">\n<div class=\"flex w-full flex-col gap-1 empty:hidden\">\n<div class=\"markdown prose dark:prose-invert w-full wrap-break-word light markdown-new-styling\">\n<p data-start=\"0\" data-end=\"121\">Plongez dans l\u2019univers magique du cirque avec cette pinata chapiteau, id\u00e9ale pour une f\u00eate pleine de fun et de surprises.<\/p>\n<ul data-start=\"123\" data-end=\"428\" data-is-last-node=\"\" data-is-only-node=\"\">\n<li data-section-id=\"1lh7vq0\" data-start=\"123\" data-end=\"149\">Pinata th\u00e8me cirque<\/li>\n<li data-section-id=\"1lta14c\" data-start=\"150\" data-end=\"197\">Design en forme de chapiteau rouge et blanc<\/li>\n<li data-section-id=\"39fgfm\" data-start=\"198\" data-end=\"236\">Couleurs vives et ambiance festive<\/li>\n<li data-section-id=\"1u746yh\" data-start=\"237\" data-end=\"282\">\u00c0 remplir de bonbons, jouets ou surprises<\/li>\n<li data-section-id=\"llzdg9\" data-start=\"283\" data-end=\"331\">Parfaite pour anniversaires et f\u00eates \u00e0 th\u00e8me<\/li>\n<li data-section-id=\"1ng1snc\" data-start=\"333\" data-end=\"378\">Rubans color\u00e9s non clus<\/li>\n<li data-section-id=\"1ng1snc\" data-start=\"333\" data-end=\"378\">B\u00e2ton et bandeau pour les yeux inclus<\/li>\n<li data-section-id=\"1ng1snc\" data-start=\"333\" data-end=\"378\">Dimensions : 41.9 x 33.3 x 7.6 cm<\/li>\n<\/ul>\n<\/div>\n<\/div>\n<\/div>\n<\/div>\n<\/div>\n<\/div>\n<\/section>\n","protected":false},"featured_media":23007,"comment_status":"open","ping_status":"closed","template":"","meta":[],"product_brand":[],"product_cat":[284,264],"product_tag":[],"class_list":{"0":"post-22371","1":"product","2":"type-product","3":"status-publish","4":"has-post-thumbnail","6":"product_cat-cirque","7":"product_cat-pinatas","9":"first","10":"instock","11":"virtual","12":"purchasable","13":"product-type-simple"},"_links":{"self":[{"href":"https:\/\/somefunstore.com\/en\/wp-json\/wp\/v2\/product\/22371","targetHints":{"allow":["GET"]}}],"collection":[{"href":"https:\/\/somefunstore.com\/en\/wp-json\/wp\/v2\/product"}],"about":[{"href":"https:\/\/somefunstore.com\/en\/wp-json\/wp\/v2\/types\/product"}],"replies":[{"embeddable":true,"href":"https:\/\/somefunstore.com\/en\/wp-json\/wp\/v2\/comments?post=22371"}],"wp:featuredmedia":[{"embeddable":true,"href":"https:\/\/somefunstore.com\/en\/wp-json\/wp\/v2\/media\/23007"}],"wp:attachment":[{"href":"https:\/\/somefunstore.com\/en\/wp-json\/wp\/v2\/media?parent=22371"}],"wp:term":[{"taxonomy":"product_brand","embeddable":true,"href":"https:\/\/somefunstore.com\/en\/wp-json\/wp\/v2\/product_brand?post=22371"},{"taxonomy":"product_cat","embeddable":true,"href":"https:\/\/somefunstore.com\/en\/wp-json\/wp\/v2\/product_cat?post=22371"},{"taxonomy":"product_tag","embeddable":true,"href":"https:\/\/somefunstore.com\/en\/wp-json\/wp\/v2\/product_tag?post=22371"}],"curies":[{"name":"wp","href":"https:\/\/api.w.org\/{rel}","templated":true}]}}