{"id":22377,"date":"2026-03-25T14:22:47","date_gmt":"2026-03-25T14:22:47","guid":{"rendered":"https:\/\/somefunstore.com\/?post_type=product&#038;p=22377"},"modified":"2026-03-25T14:23:40","modified_gmt":"2026-03-25T14:23:40","slug":"serre-tete-bride","status":"publish","type":"product","link":"https:\/\/somefunstore.com\/en\/shop\/le-store\/les-accessoires\/barrettes-et-serre-tete\/serre-tete-bride\/","title":{"rendered":"Serre t\u00eate Bride"},"content":{"rendered":"","protected":false},"excerpt":{"rendered":"<p data-start=\"0\" data-end=\"120\">Ajoutez une touche chic et festive \u00e0 votre \u00e9v\u00e9nement avec ce serre-t\u00eate \u201cBride\u201d, parfait pour c\u00e9l\u00e9brer la future mari\u00e9e.<\/p>\n<ul data-start=\"122\" data-end=\"441\" data-is-only-node=\"\" data-is-last-node=\"\">\n<li data-section-id=\"mfuyvj\" data-start=\"122\" data-end=\"150\">Serre-t\u00eate \u201cBRIDE\u201d<\/li>\n<li data-section-id=\"dtmwyr\" data-start=\"151\" data-end=\"191\">Design \u00e9l\u00e9gant avec perles et strass<\/li>\n<li data-section-id=\"1uoqy9e\" data-start=\"192\" data-end=\"221\">Effet brillant et raffin\u00e9<\/li>\n<li data-section-id=\"1q0sfad\" data-start=\"222\" data-end=\"255\">L\u00e9ger et confortable \u00e0 porter<\/li>\n<li data-section-id=\"1kuwn88\" data-start=\"256\" data-end=\"327\">Id\u00e9al pour EVJF, enterrement de vie de jeune fille ou bridal shower<\/li>\n<li data-section-id=\"nla97h\" data-start=\"329\" data-end=\"380\">Parfait pour compl\u00e9ter un look de future mari\u00e9e<\/li>\n<li data-section-id=\"11s939h\" data-start=\"381\" data-end=\"441\" data-is-last-node=\"\">Accessoire fun et glamour pour des photos inoubliables<\/li>\n<\/ul>","protected":false},"featured_media":22379,"comment_status":"open","ping_status":"closed","template":"","meta":[],"product_brand":[],"product_cat":[277,271],"product_tag":[],"class_list":{"0":"post-22377","1":"product","2":"type-product","3":"status-publish","4":"has-post-thumbnail","6":"product_cat-bachelorette","7":"product_cat-barrettes-et-serre-tete","9":"first","10":"instock","11":"virtual","12":"purchasable","13":"product-type-simple"},"_links":{"self":[{"href":"https:\/\/somefunstore.com\/en\/wp-json\/wp\/v2\/product\/22377","targetHints":{"allow":["GET"]}}],"collection":[{"href":"https:\/\/somefunstore.com\/en\/wp-json\/wp\/v2\/product"}],"about":[{"href":"https:\/\/somefunstore.com\/en\/wp-json\/wp\/v2\/types\/product"}],"replies":[{"embeddable":true,"href":"https:\/\/somefunstore.com\/en\/wp-json\/wp\/v2\/comments?post=22377"}],"wp:featuredmedia":[{"embeddable":true,"href":"https:\/\/somefunstore.com\/en\/wp-json\/wp\/v2\/media\/22379"}],"wp:attachment":[{"href":"https:\/\/somefunstore.com\/en\/wp-json\/wp\/v2\/media?parent=22377"}],"wp:term":[{"taxonomy":"product_brand","embeddable":true,"href":"https:\/\/somefunstore.com\/en\/wp-json\/wp\/v2\/product_brand?post=22377"},{"taxonomy":"product_cat","embeddable":true,"href":"https:\/\/somefunstore.com\/en\/wp-json\/wp\/v2\/product_cat?post=22377"},{"taxonomy":"product_tag","embeddable":true,"href":"https:\/\/somefunstore.com\/en\/wp-json\/wp\/v2\/product_tag?post=22377"}],"curies":[{"name":"wp","href":"https:\/\/api.w.org\/{rel}","templated":true}]}}