{"id":22380,"date":"2026-03-25T14:30:46","date_gmt":"2026-03-25T14:30:46","guid":{"rendered":"https:\/\/somefunstore.com\/?post_type=product&#038;p=22380"},"modified":"2026-03-25T14:30:46","modified_gmt":"2026-03-25T14:30:46","slug":"kit-bride-to-be","status":"publish","type":"product","link":"https:\/\/somefunstore.com\/en\/shop\/themes-occasions\/bachelorette\/kit-bride-to-be\/","title":{"rendered":"Kit Bride to be"},"content":{"rendered":"","protected":false},"excerpt":{"rendered":"<p data-start=\"0\" data-end=\"102\">Pr\u00e9parez un EVJF parfait avec ce kit complet \u201cBride\u201d, id\u00e9al pour c\u00e9l\u00e9brer la future mari\u00e9e avec style. Il est compos\u00e9 de :<\/p>\n<ul data-start=\"104\" data-end=\"437\" data-is-last-node=\"\" data-is-only-node=\"\">\n<li data-section-id=\"1qgdnl4\" data-start=\"387\" data-end=\"437\" data-is-last-node=\"\">1 voile de mari\u00e9e<\/li>\n<li data-section-id=\"1qgdnl4\" data-start=\"387\" data-end=\"437\" data-is-last-node=\"\">1 serre-t\u00eate bride<\/li>\n<li data-section-id=\"1qgdnl4\" data-start=\"387\" data-end=\"437\" data-is-last-node=\"\">1 badge bride to be<\/li>\n<li data-section-id=\"1qgdnl4\" data-start=\"387\" data-end=\"437\" data-is-last-node=\"\">Autocollants bride et team bride<\/li>\n<li data-section-id=\"1qgdnl4\" data-start=\"387\" data-end=\"437\" data-is-last-node=\"\">1 \u00e9charpe bride to be<\/li>\n<li data-section-id=\"1qgdnl4\" data-start=\"387\" data-end=\"437\" data-is-last-node=\"\">10 \u00e9charpes Team bride<\/li>\n<\/ul>","protected":false},"featured_media":22381,"comment_status":"open","ping_status":"closed","template":"","meta":[],"product_brand":[],"product_cat":[277],"product_tag":[],"class_list":{"0":"post-22380","1":"product","2":"type-product","3":"status-publish","4":"has-post-thumbnail","6":"product_cat-bachelorette","8":"first","9":"instock","10":"virtual","11":"purchasable","12":"product-type-simple"},"_links":{"self":[{"href":"https:\/\/somefunstore.com\/en\/wp-json\/wp\/v2\/product\/22380","targetHints":{"allow":["GET"]}}],"collection":[{"href":"https:\/\/somefunstore.com\/en\/wp-json\/wp\/v2\/product"}],"about":[{"href":"https:\/\/somefunstore.com\/en\/wp-json\/wp\/v2\/types\/product"}],"replies":[{"embeddable":true,"href":"https:\/\/somefunstore.com\/en\/wp-json\/wp\/v2\/comments?post=22380"}],"wp:featuredmedia":[{"embeddable":true,"href":"https:\/\/somefunstore.com\/en\/wp-json\/wp\/v2\/media\/22381"}],"wp:attachment":[{"href":"https:\/\/somefunstore.com\/en\/wp-json\/wp\/v2\/media?parent=22380"}],"wp:term":[{"taxonomy":"product_brand","embeddable":true,"href":"https:\/\/somefunstore.com\/en\/wp-json\/wp\/v2\/product_brand?post=22380"},{"taxonomy":"product_cat","embeddable":true,"href":"https:\/\/somefunstore.com\/en\/wp-json\/wp\/v2\/product_cat?post=22380"},{"taxonomy":"product_tag","embeddable":true,"href":"https:\/\/somefunstore.com\/en\/wp-json\/wp\/v2\/product_tag?post=22380"}],"curies":[{"name":"wp","href":"https:\/\/api.w.org\/{rel}","templated":true}]}}