{"id":22383,"date":"2026-03-25T14:33:29","date_gmt":"2026-03-25T14:33:29","guid":{"rendered":"https:\/\/somefunstore.com\/?post_type=product&#038;p=22383"},"modified":"2026-03-25T14:33:29","modified_gmt":"2026-03-25T14:33:29","slug":"echarpe-bride-to-be","status":"publish","type":"product","link":"https:\/\/somefunstore.com\/en\/shop\/themes-occasions\/bachelorette\/echarpe-bride-to-be\/","title":{"rendered":"Echarpe Bride to be"},"content":{"rendered":"","protected":false},"excerpt":{"rendered":"<p data-start=\"0\" data-end=\"125\">Ajoutez une touche \u00e9l\u00e9gante \u00e0 votre EVJF avec cette \u00e9charpe \u201cBride To Be\u201d, parfaite pour mettre la future mari\u00e9e \u00e0 l\u2019honneur.<\/p>\n<ul data-start=\"127\" data-end=\"405\" data-is-last-node=\"\" data-is-only-node=\"\">\n<li data-section-id=\"ev2o3q\" data-start=\"127\" data-end=\"158\">\u00c9charpe \u201cBride To Be\u201d<\/li>\n<li data-section-id=\"gxe48d\" data-start=\"159\" data-end=\"197\">Finition satin\u00e9e douce et \u00e9l\u00e9gante<\/li>\n<li data-section-id=\"1azjewa\" data-start=\"198\" data-end=\"226\">Couleur rose pastel chic<\/li>\n<li data-section-id=\"4i60yd\" data-start=\"227\" data-end=\"269\">Inscription dor\u00e9e avec d\u00e9tail bague<\/li>\n<li data-section-id=\"1blvmqp\" data-start=\"364\" data-end=\"405\" data-is-last-node=\"\">Parfaite pour des photos m\u00e9morables<\/li>\n<\/ul>","protected":false},"featured_media":22384,"comment_status":"open","ping_status":"closed","template":"","meta":[],"product_brand":[],"product_cat":[277],"product_tag":[],"class_list":{"0":"post-22383","1":"product","2":"type-product","3":"status-publish","4":"has-post-thumbnail","6":"product_cat-bachelorette","8":"first","9":"instock","10":"virtual","11":"purchasable","12":"product-type-simple"},"_links":{"self":[{"href":"https:\/\/somefunstore.com\/en\/wp-json\/wp\/v2\/product\/22383","targetHints":{"allow":["GET"]}}],"collection":[{"href":"https:\/\/somefunstore.com\/en\/wp-json\/wp\/v2\/product"}],"about":[{"href":"https:\/\/somefunstore.com\/en\/wp-json\/wp\/v2\/types\/product"}],"replies":[{"embeddable":true,"href":"https:\/\/somefunstore.com\/en\/wp-json\/wp\/v2\/comments?post=22383"}],"wp:featuredmedia":[{"embeddable":true,"href":"https:\/\/somefunstore.com\/en\/wp-json\/wp\/v2\/media\/22384"}],"wp:attachment":[{"href":"https:\/\/somefunstore.com\/en\/wp-json\/wp\/v2\/media?parent=22383"}],"wp:term":[{"taxonomy":"product_brand","embeddable":true,"href":"https:\/\/somefunstore.com\/en\/wp-json\/wp\/v2\/product_brand?post=22383"},{"taxonomy":"product_cat","embeddable":true,"href":"https:\/\/somefunstore.com\/en\/wp-json\/wp\/v2\/product_cat?post=22383"},{"taxonomy":"product_tag","embeddable":true,"href":"https:\/\/somefunstore.com\/en\/wp-json\/wp\/v2\/product_tag?post=22383"}],"curies":[{"name":"wp","href":"https:\/\/api.w.org\/{rel}","templated":true}]}}