{"id":22387,"date":"2026-03-25T14:48:36","date_gmt":"2026-03-25T14:48:36","guid":{"rendered":"https:\/\/somefunstore.com\/?post_type=product&#038;p=22387"},"modified":"2026-03-25T14:48:36","modified_gmt":"2026-03-25T14:48:36","slug":"boite-gender-reveal","status":"publish","type":"product","link":"https:\/\/somefunstore.com\/en\/shop\/themes-occasions\/gender-reveal\/boite-gender-reveal\/","title":{"rendered":"Boite Gender reveal"},"content":{"rendered":"","protected":false},"excerpt":{"rendered":"<p data-start=\"0\" data-end=\"135\">Ajoutez une touche amusante et participative \u00e0 votre \u00e9v\u00e9nement avec cette urne gender reveal, parfaite pour faire voter vos invit\u00e9s !<\/p>\n<ul data-start=\"137\" data-end=\"464\" data-is-last-node=\"\" data-is-only-node=\"\">\n<li data-section-id=\"kz2v11\" data-start=\"137\" data-end=\"174\">Urne gender reveal \u201cGirl or Boy?\u201d<\/li>\n<li data-section-id=\"1rw34ua\" data-start=\"175\" data-end=\"217\">Design rose et bleu avec d\u00e9tails dor\u00e9s<\/li>\n<li data-section-id=\"1s3czqa\" data-start=\"218\" data-end=\"262\">Cartes de vote incluses en forme de body<\/li>\n<li data-section-id=\"1xhbtuk\" data-start=\"263\" data-end=\"312\">Permet aux invit\u00e9s de deviner le sexe du b\u00e9b\u00e9<\/li>\n<li data-section-id=\"8sgdx8\" data-start=\"313\" data-end=\"357\">Id\u00e9ale pour baby shower ou gender reveal<\/li>\n<li data-section-id=\"1rh5ycd\" data-start=\"359\" data-end=\"405\">Activit\u00e9 interactive et amusante pour tous<\/li>\n<li data-section-id=\"rw8fty\" data-start=\"406\" data-end=\"464\" data-is-last-node=\"\">Parfaite pour cr\u00e9er suspense et souvenirs m\u00e9morables<\/li>\n<li data-section-id=\"rw8fty\" data-start=\"406\" data-end=\"464\" data-is-last-node=\"\">Dimension : 19 x 19 x 19 cm<\/li>\n<li data-section-id=\"rw8fty\" data-start=\"406\" data-end=\"464\" data-is-last-node=\"\">50 cartes de vote incluses<\/li>\n<\/ul>","protected":false},"featured_media":22388,"comment_status":"open","ping_status":"closed","template":"","meta":[],"product_brand":[],"product_cat":[278],"product_tag":[],"class_list":{"0":"post-22387","1":"product","2":"type-product","3":"status-publish","4":"has-post-thumbnail","6":"product_cat-gender-reveal","8":"first","9":"instock","10":"virtual","11":"purchasable","12":"product-type-simple"},"_links":{"self":[{"href":"https:\/\/somefunstore.com\/en\/wp-json\/wp\/v2\/product\/22387","targetHints":{"allow":["GET"]}}],"collection":[{"href":"https:\/\/somefunstore.com\/en\/wp-json\/wp\/v2\/product"}],"about":[{"href":"https:\/\/somefunstore.com\/en\/wp-json\/wp\/v2\/types\/product"}],"replies":[{"embeddable":true,"href":"https:\/\/somefunstore.com\/en\/wp-json\/wp\/v2\/comments?post=22387"}],"wp:featuredmedia":[{"embeddable":true,"href":"https:\/\/somefunstore.com\/en\/wp-json\/wp\/v2\/media\/22388"}],"wp:attachment":[{"href":"https:\/\/somefunstore.com\/en\/wp-json\/wp\/v2\/media?parent=22387"}],"wp:term":[{"taxonomy":"product_brand","embeddable":true,"href":"https:\/\/somefunstore.com\/en\/wp-json\/wp\/v2\/product_brand?post=22387"},{"taxonomy":"product_cat","embeddable":true,"href":"https:\/\/somefunstore.com\/en\/wp-json\/wp\/v2\/product_cat?post=22387"},{"taxonomy":"product_tag","embeddable":true,"href":"https:\/\/somefunstore.com\/en\/wp-json\/wp\/v2\/product_tag?post=22387"}],"curies":[{"name":"wp","href":"https:\/\/api.w.org\/{rel}","templated":true}]}}