{"id":22395,"date":"2026-03-25T14:59:15","date_gmt":"2026-03-25T14:59:15","guid":{"rendered":"https:\/\/somefunstore.com\/?post_type=product&#038;p=22395"},"modified":"2026-03-25T14:59:15","modified_gmt":"2026-03-25T14:59:15","slug":"pins-gender-reveal-x10","status":"publish","type":"product","link":"https:\/\/somefunstore.com\/en\/shop\/themes-occasions\/gender-reveal\/pins-gender-reveal-x10\/","title":{"rendered":"Pin&rsquo;s gender reveal x10"},"content":{"rendered":"","protected":false},"excerpt":{"rendered":"<p data-start=\"0\" data-end=\"99\">Ajoutez une touche fun et interactive \u00e0 votre gender reveal avec ces badges \u201cTeam Girl \/ Team Boy\u201d.<\/p>\n<ul data-start=\"101\" data-end=\"411\" data-is-last-node=\"\" data-is-only-node=\"\">\n<li data-section-id=\"wtlf5c\" data-start=\"101\" data-end=\"130\">Badges gender reveal<\/li>\n<li data-section-id=\"1s1kpzw\" data-start=\"131\" data-end=\"168\">Designs \u201cTeam Girl\u201d et \u201cTeam Boy\u201d<\/li>\n<li data-section-id=\"w2w6ek\" data-start=\"169\" data-end=\"214\">Couleurs rose et bleu avec motifs mignons<\/li>\n<li data-section-id=\"davrx1\" data-start=\"215\" data-end=\"250\">Fermeture \u00e0 \u00e9pingle \u00e0 l\u2019arri\u00e8re<\/li>\n<li data-section-id=\"9knkj\" data-start=\"251\" data-end=\"300\">Parfaits pour r\u00e9partir les invit\u00e9s par \u00e9quipe<\/li>\n<li data-section-id=\"hegk1m\" data-start=\"302\" data-end=\"361\">Lot de 10 badges team boy et 10 badges team girl<\/li>\n<\/ul>","protected":false},"featured_media":22396,"comment_status":"open","ping_status":"closed","template":"","meta":[],"product_brand":[],"product_cat":[278],"product_tag":[],"class_list":{"0":"post-22395","1":"product","2":"type-product","3":"status-publish","4":"has-post-thumbnail","6":"product_cat-gender-reveal","8":"first","9":"instock","10":"virtual","11":"purchasable","12":"product-type-simple"},"_links":{"self":[{"href":"https:\/\/somefunstore.com\/en\/wp-json\/wp\/v2\/product\/22395","targetHints":{"allow":["GET"]}}],"collection":[{"href":"https:\/\/somefunstore.com\/en\/wp-json\/wp\/v2\/product"}],"about":[{"href":"https:\/\/somefunstore.com\/en\/wp-json\/wp\/v2\/types\/product"}],"replies":[{"embeddable":true,"href":"https:\/\/somefunstore.com\/en\/wp-json\/wp\/v2\/comments?post=22395"}],"wp:featuredmedia":[{"embeddable":true,"href":"https:\/\/somefunstore.com\/en\/wp-json\/wp\/v2\/media\/22396"}],"wp:attachment":[{"href":"https:\/\/somefunstore.com\/en\/wp-json\/wp\/v2\/media?parent=22395"}],"wp:term":[{"taxonomy":"product_brand","embeddable":true,"href":"https:\/\/somefunstore.com\/en\/wp-json\/wp\/v2\/product_brand?post=22395"},{"taxonomy":"product_cat","embeddable":true,"href":"https:\/\/somefunstore.com\/en\/wp-json\/wp\/v2\/product_cat?post=22395"},{"taxonomy":"product_tag","embeddable":true,"href":"https:\/\/somefunstore.com\/en\/wp-json\/wp\/v2\/product_tag?post=22395"}],"curies":[{"name":"wp","href":"https:\/\/api.w.org\/{rel}","templated":true}]}}