{"id":22397,"date":"2026-03-25T15:02:23","date_gmt":"2026-03-25T15:02:23","guid":{"rendered":"https:\/\/somefunstore.com\/?post_type=product&#038;p=22397"},"modified":"2026-03-25T15:04:22","modified_gmt":"2026-03-25T15:04:22","slug":"presentoir-rose-a-bordure-doree","status":"publish","type":"product","link":"https:\/\/somefunstore.com\/en\/shop\/themes-occasions\/anniversaires\/par-themes\/mix-match\/presentoir-rose-a-bordure-doree\/","title":{"rendered":"Pr\u00e9sentoir rose \u00e0 bordure dor\u00e9e"},"content":{"rendered":"","protected":false},"excerpt":{"rendered":"<section class=\"text-token-text-primary w-full focus:outline-none [--shadow-height:45px] has-data-writing-block:pointer-events-none has-data-writing-block:-mt-(--shadow-height) has-data-writing-block:pt-(--shadow-height) [&amp;:has([data-writing-block])&gt;*]:pointer-events-auto scroll-mt-(--header-height)\" dir=\"auto\" data-turn-id=\"5a1a96ca-9f47-4b17-a045-8f9f8efbcc5c\" data-testid=\"conversation-turn-149\" data-scroll-anchor=\"false\" data-turn=\"user\"><\/section>\n<section class=\"text-token-text-primary w-full focus:outline-none [--shadow-height:45px] has-data-writing-block:pointer-events-none has-data-writing-block:-mt-(--shadow-height) has-data-writing-block:pt-(--shadow-height) [&amp;:has([data-writing-block])&gt;*]:pointer-events-auto scroll-mt-[calc(var(--header-height)+min(200px,max(70px,20svh)))]\" dir=\"auto\" data-turn-id=\"request-69c27ede-0dac-8325-989f-6b6eafc1fcdf-62\" data-testid=\"conversation-turn-150\" data-scroll-anchor=\"false\" data-turn=\"assistant\">\n<div class=\"text-base my-auto mx-auto [--thread-content-margin:var(--thread-content-margin-xs,calc(var(--spacing)*4))] @w-sm\/main:[--thread-content-margin:var(--thread-content-margin-sm,calc(var(--spacing)*6))] @w-lg\/main:[--thread-content-margin:var(--thread-content-margin-lg,calc(var(--spacing)*16))] px-(--thread-content-margin)\">\n<div class=\"[--thread-content-max-width:40rem] @w-lg\/main:[--thread-content-max-width:48rem] mx-auto max-w-(--thread-content-max-width) flex-1 group\/turn-messages focus-visible:outline-hidden relative flex w-full min-w-0 flex-col agent-turn\">\n<div class=\"flex max-w-full flex-col gap-4 grow\">\n<div class=\"min-h-8 text-message relative flex w-full flex-col items-end gap-2 text-start break-words whitespace-normal outline-none keyboard-focused:focus-ring [.text-message+&amp;]:mt-1\" dir=\"auto\" data-message-author-role=\"assistant\" data-message-id=\"98ab8784-b67c-44d5-bff1-7a8db6822ea2\" data-message-model-slug=\"gpt-5-3\">\n<div class=\"flex w-full flex-col gap-1 empty:hidden\">\n<div class=\"markdown prose dark:prose-invert w-full wrap-break-word light markdown-new-styling\">\n<p data-start=\"0\" data-end=\"125\">Apportez une touche douce et \u00e9l\u00e9gante \u00e0 votre table avec ce pr\u00e9sentoir \u00e0 cupcakes rose pastel, parfait pour toutes vos f\u00eates.<\/p>\n<ul data-start=\"127\" data-end=\"424\" data-is-only-node=\"\" data-is-last-node=\"\">\n<li data-section-id=\"u7eh0l\" data-start=\"127\" data-end=\"165\">Pr\u00e9sentoir \u00e0 cupcakes 3 niveaux<\/li>\n<li data-section-id=\"mcuk1y\" data-start=\"166\" data-end=\"209\">Design rose pastel avec bords festonn\u00e9s<\/li>\n<li data-section-id=\"c01wgy\" data-start=\"210\" data-end=\"254\">Id\u00e9al pour g\u00e2teaux, cupcakes ou douceurs<\/li>\n<li data-section-id=\"127hzoa\" data-start=\"255\" data-end=\"306\">Parfait pour anniversaires, baby shower ou EVJF<\/li>\n<li data-section-id=\"buk4b5\" data-start=\"307\" data-end=\"332\">Style chic et d\u00e9licat<\/li>\n<li data-section-id=\"60x8v2\" data-start=\"334\" data-end=\"372\">Montage facile et structure stable<\/li>\n<li data-section-id=\"99y9tg\" data-start=\"373\" data-end=\"424\" data-is-last-node=\"\">Id\u00e9al pour sublimer votre d\u00e9coration de table<\/li>\n<li data-section-id=\"99y9tg\" data-start=\"373\" data-end=\"424\" data-is-last-node=\"\">Dimensions : 29 x 21.5 x 16 cm<\/li>\n<\/ul>\n<\/div>\n<\/div>\n<\/div>\n<\/div>\n<\/div>\n<\/div>\n<\/section>\n","protected":false},"featured_media":22398,"comment_status":"open","ping_status":"closed","template":"","meta":[],"product_brand":[],"product_cat":[276,277,321,278,327,255],"product_tag":[],"class_list":{"0":"post-22397","1":"product","2":"type-product","3":"status-publish","4":"has-post-thumbnail","6":"product_cat-baby-shower","7":"product_cat-bachelorette","8":"product_cat-bapteme","9":"product_cat-gender-reveal","10":"product_cat-mix-match","11":"product_cat-presentoires","13":"first","14":"instock","15":"virtual","16":"purchasable","17":"product-type-simple"},"_links":{"self":[{"href":"https:\/\/somefunstore.com\/en\/wp-json\/wp\/v2\/product\/22397","targetHints":{"allow":["GET"]}}],"collection":[{"href":"https:\/\/somefunstore.com\/en\/wp-json\/wp\/v2\/product"}],"about":[{"href":"https:\/\/somefunstore.com\/en\/wp-json\/wp\/v2\/types\/product"}],"replies":[{"embeddable":true,"href":"https:\/\/somefunstore.com\/en\/wp-json\/wp\/v2\/comments?post=22397"}],"wp:featuredmedia":[{"embeddable":true,"href":"https:\/\/somefunstore.com\/en\/wp-json\/wp\/v2\/media\/22398"}],"wp:attachment":[{"href":"https:\/\/somefunstore.com\/en\/wp-json\/wp\/v2\/media?parent=22397"}],"wp:term":[{"taxonomy":"product_brand","embeddable":true,"href":"https:\/\/somefunstore.com\/en\/wp-json\/wp\/v2\/product_brand?post=22397"},{"taxonomy":"product_cat","embeddable":true,"href":"https:\/\/somefunstore.com\/en\/wp-json\/wp\/v2\/product_cat?post=22397"},{"taxonomy":"product_tag","embeddable":true,"href":"https:\/\/somefunstore.com\/en\/wp-json\/wp\/v2\/product_tag?post=22397"}],"curies":[{"name":"wp","href":"https:\/\/api.w.org\/{rel}","templated":true}]}}