{"id":22403,"date":"2026-03-25T15:10:57","date_gmt":"2026-03-25T15:10:57","guid":{"rendered":"https:\/\/somefunstore.com\/?post_type=product&#038;p=22403"},"modified":"2026-03-25T15:10:57","modified_gmt":"2026-03-25T15:10:57","slug":"bracelets-slap-supers-heros-x6","status":"publish","type":"product","link":"https:\/\/somefunstore.com\/en\/shop\/themes-occasions\/anniversaires\/par-themes\/supers-heros\/bracelets-slap-supers-heros-x6\/","title":{"rendered":"Bracelets slap supers-h\u00e9ros x6"},"content":{"rendered":"","protected":false},"excerpt":{"rendered":"<section class=\"text-token-text-primary w-full focus:outline-none [--shadow-height:45px] has-data-writing-block:pointer-events-none has-data-writing-block:-mt-(--shadow-height) has-data-writing-block:pt-(--shadow-height) [&amp;:has([data-writing-block])&gt;*]:pointer-events-auto scroll-mt-(--header-height)\" dir=\"auto\" data-turn-id=\"863479ad-0457-4007-84b4-e720e57e84f8\" data-testid=\"conversation-turn-155\" data-scroll-anchor=\"false\" data-turn=\"user\"><\/section>\n<section class=\"text-token-text-primary w-full focus:outline-none [--shadow-height:45px] has-data-writing-block:pointer-events-none has-data-writing-block:-mt-(--shadow-height) has-data-writing-block:pt-(--shadow-height) [&amp;:has([data-writing-block])&gt;*]:pointer-events-auto scroll-mt-[calc(var(--header-height)+min(200px,max(70px,20svh)))]\" dir=\"auto\" data-turn-id=\"request-69c27ede-0dac-8325-989f-6b6eafc1fcdf-65\" data-testid=\"conversation-turn-156\" data-scroll-anchor=\"true\" data-turn=\"assistant\">\n<div class=\"text-base my-auto mx-auto pb-10 [--thread-content-margin:var(--thread-content-margin-xs,calc(var(--spacing)*4))] @w-sm\/main:[--thread-content-margin:var(--thread-content-margin-sm,calc(var(--spacing)*6))] @w-lg\/main:[--thread-content-margin:var(--thread-content-margin-lg,calc(var(--spacing)*16))] px-(--thread-content-margin)\">\n<div class=\"[--thread-content-max-width:40rem] @w-lg\/main:[--thread-content-max-width:48rem] mx-auto max-w-(--thread-content-max-width) flex-1 group\/turn-messages focus-visible:outline-hidden relative flex w-full min-w-0 flex-col agent-turn\">\n<div class=\"flex max-w-full flex-col gap-4 grow\">\n<div class=\"min-h-8 text-message relative flex w-full flex-col items-end gap-2 text-start break-words whitespace-normal outline-none keyboard-focused:focus-ring [.text-message+&amp;]:mt-1\" dir=\"auto\" tabindex=\"0\" data-message-author-role=\"assistant\" data-message-id=\"7a08f2c1-9f9c-4aa1-8ae4-18ad260c2b1c\" data-message-model-slug=\"gpt-5-3\" data-turn-start-message=\"true\">\n<div class=\"flex w-full flex-col gap-1 empty:hidden\">\n<div class=\"markdown prose dark:prose-invert w-full wrap-break-word light markdown-new-styling\">\n<p data-start=\"0\" data-end=\"112\">Ajoutez une touche fun et color\u00e9e avec ces bracelets slap au style super-h\u00e9ros, parfaits comme cadeau de retour pour les enfants.<\/p>\n<ul data-start=\"114\" data-end=\"395\" data-is-last-node=\"\" data-is-only-node=\"\">\n<li data-section-id=\"854fy8\" data-start=\"114\" data-end=\"150\">6 bracelets slap th\u00e8me super-h\u00e9ros<\/li>\n<li data-section-id=\"19hg7df\" data-start=\"151\" data-end=\"204\">Designs color\u00e9s avec effets BD (WOW, BANG, COOL\u2026)<\/li>\n<li data-section-id=\"13ybyf3\" data-start=\"205\" data-end=\"247\">Se clipse facilement autour du poignet<\/li>\n<li data-section-id=\"1m6yu1w\" data-start=\"248\" data-end=\"293\">Id\u00e9al comme cadeau de retour<\/li>\n<li data-section-id=\"1kobz2n\" data-start=\"295\" data-end=\"343\">Parfaits pour anniversaires et f\u00eates \u00e0 th\u00e8me<\/li>\n<li data-section-id=\"1salbz1\" data-start=\"344\" data-end=\"395\" data-is-last-node=\"\">Amusants et tendance pour tous les enfants<\/li>\n<\/ul>\n<\/div>\n<\/div>\n<\/div>\n<\/div>\n<\/div>\n<\/div>\n<\/section>\n","protected":false},"featured_media":22404,"comment_status":"open","ping_status":"closed","template":"","meta":[],"product_brand":[],"product_cat":[268,298],"product_tag":[],"class_list":{"0":"post-22403","1":"product","2":"type-product","3":"status-publish","4":"has-post-thumbnail","6":"product_cat-petits-cadeaux","7":"product_cat-supers-heros","9":"first","10":"instock","11":"virtual","12":"purchasable","13":"product-type-simple"},"_links":{"self":[{"href":"https:\/\/somefunstore.com\/en\/wp-json\/wp\/v2\/product\/22403","targetHints":{"allow":["GET"]}}],"collection":[{"href":"https:\/\/somefunstore.com\/en\/wp-json\/wp\/v2\/product"}],"about":[{"href":"https:\/\/somefunstore.com\/en\/wp-json\/wp\/v2\/types\/product"}],"replies":[{"embeddable":true,"href":"https:\/\/somefunstore.com\/en\/wp-json\/wp\/v2\/comments?post=22403"}],"wp:featuredmedia":[{"embeddable":true,"href":"https:\/\/somefunstore.com\/en\/wp-json\/wp\/v2\/media\/22404"}],"wp:attachment":[{"href":"https:\/\/somefunstore.com\/en\/wp-json\/wp\/v2\/media?parent=22403"}],"wp:term":[{"taxonomy":"product_brand","embeddable":true,"href":"https:\/\/somefunstore.com\/en\/wp-json\/wp\/v2\/product_brand?post=22403"},{"taxonomy":"product_cat","embeddable":true,"href":"https:\/\/somefunstore.com\/en\/wp-json\/wp\/v2\/product_cat?post=22403"},{"taxonomy":"product_tag","embeddable":true,"href":"https:\/\/somefunstore.com\/en\/wp-json\/wp\/v2\/product_tag?post=22403"}],"curies":[{"name":"wp","href":"https:\/\/api.w.org\/{rel}","templated":true}]}}